{"id":4719,"date":"2018-01-04T19:02:27","date_gmt":"2018-01-04T18:02:27","guid":{"rendered":"https:\/\/labusadelloro.com\/attivita\/"},"modified":"2025-06-19T17:01:55","modified_gmt":"2025-06-19T15:01:55","slug":"aktivitaet","status":"publish","type":"page","link":"https:\/\/labusadelloro.com\/de\/aktivitaet\/","title":{"rendered":"Aktivit\u00e4ten"},"content":{"rendered":"<div class=\"wpb-content-wrapper\"><p>[vc_row full_width=&#8220;stretch_row&#8220; equal_height=&#8220;yes&#8220; woodmart_bg_position=&#8220;left-bottom&#8220; css=&#8220;.vc_custom_1692772919706{margin-top: -40px !important;margin-right: 0px !important;margin-left: 0px !important;border-right-width: 10px !important;border-left-width: 10px !important;padding-top: 20px !important;padding-bottom: 20px !important;background-image: url(https:\/\/labusadelloro.com\/wp-content\/uploads\/2017\/11\/mtb-colli-euganei-header-00.jpg?id=4053) !important;background-position: center !important;background-repeat: no-repeat !important;background-size: cover !important;border-left-color: #ffffff !important;border-left-style: solid !important;border-right-color: #ffffff !important;border-right-style: solid !important;}&#8220; woodmart_css_id=&#8220;64e5aa067adb5&#8243; responsive_spacing=&#8220;eyJwYXJhbV90eXBlIjoid29vZG1hcnRfcmVzcG9uc2l2ZV9zcGFjaW5nIiwic2VsZWN0b3JfaWQiOiI2NGU1YWEwNjdhZGI1Iiwic2hvcnRjb2RlIjoidmNfcm93IiwiZGF0YSI6eyJ0YWJsZXQiOnt9LCJtb2JpbGUiOnt9fX0=&#8220; mobile_bg_img_hidden=&#8220;no&#8220; tablet_bg_img_hidden=&#8220;no&#8220; woodmart_parallax=&#8220;0&#8243; woodmart_gradient_switch=&#8220;yes&#8220; woodmart_box_shadow=&#8220;no&#8220; wd_z_index=&#8220;no&#8220; woodmart_disable_overflow=&#8220;0&#8243; row_reverse_mobile=&#8220;0&#8243; row_reverse_tablet=&#8220;0&#8243; woodmart_color_gradient=&#8220;rgba(0, 0, 0, 0.5)-0\/rgba(0, 0, 0, 0.5)-100\/|linear-gradient(top , rgba(0, 0, 0, 0.5) , rgba(0, 0, 0, 0.5) 100%)|linear|top&#8220;][vc_column css=&#8220;.vc_custom_1692284849437{margin-right: 0px !important;margin-left: 0px !important;}&#8220; woodmart_css_id=&#8220;64de3793d648a&#8220; parallax_scroll=&#8220;no&#8220; woodmart_sticky_column=&#8220;false&#8220; wd_collapsible_content_switcher=&#8220;no&#8220; wd_column_role_offcanvas_desktop=&#8220;no&#8220; wd_column_role_offcanvas_tablet=&#8220;no&#8220; wd_column_role_offcanvas_mobile=&#8220;no&#8220; wd_column_role_content_desktop=&#8220;no&#8220; wd_column_role_content_tablet=&#8220;no&#8220; wd_column_role_content_mobile=&#8220;no&#8220; mobile_bg_img_hidden=&#8220;no&#8220; tablet_bg_img_hidden=&#8220;no&#8220; woodmart_parallax=&#8220;0&#8243; woodmart_box_shadow=&#8220;no&#8220; responsive_spacing=&#8220;eyJwYXJhbV90eXBlIjoid29vZG1hcnRfcmVzcG9uc2l2ZV9zcGFjaW5nIiwic2VsZWN0b3JfaWQiOiI2NGRlMzc5M2Q2NDhhIiwic2hvcnRjb2RlIjoidmNfY29sdW1uIiwiZGF0YSI6eyJ0YWJsZXQiOnt9LCJtb2JpbGUiOnt9fX0=&#8220; mobile_reset_margin=&#8220;no&#8220; tablet_reset_margin=&#8220;no&#8220; wd_z_index=&#8220;no&#8220;]\n\t\t<div id=\"wd-64e4855a065bf\" class=\"title-wrapper wd-wpb wd-set-mb reset-last-child  wd-rs-64e4855a065bf wd-title-color-white wd-title-style-default text-center vc_custom_1692698071756 wd-width-enabled wd-underline-colored\" style=\"--wd-max-width: 80%;\">\n\t\t\t\t\t\t\t\n\t\t\t\t<div class=\"title-subtitle  subtitle-color-white font-default subtitle-style-default wd-font-weight-500 wd-fontsize-xs\">WIE SIE IHREN URLAUB VERBRINGEN K\u00d6NNEN<\/div>\n\t\t\t\n\t\t\t<div class=\"liner-continer\">\n\t\t\t\t<h1 class=\"woodmart-title-container title  wd-font-weight- wd-fontsize-l\" >AKTIVIT\u00c4TEN<\/h1>\n\t\t\t\t\t\t\t<\/div>\n\t\t\t\n\t\t\t\t\t\t\t<div class=\"title-after_title reset-last-child  wd-fontsize-xs\">Willkommen auf dem Bauernhof Busa dell'Oro, wo eine Welt voller Abenteuer und au\u00dfergew\u00f6hnlicher Erlebnisse auf Sie wartet, um Ihren Aufenthalt zu bereichern.<\/div>\n\t\t\t\n\t\t\t\n\t\t<\/div>\n\t\t\n\t\t[\/vc_column][\/vc_row][vc_row equal_height=&#8220;yes&#8220; woodmart_css_id=&#8220;64e4d5b57611d&#8220; responsive_spacing=&#8220;eyJwYXJhbV90eXBlIjoid29vZG1hcnRfcmVzcG9uc2l2ZV9zcGFjaW5nIiwic2VsZWN0b3JfaWQiOiI2NGU0ZDViNTc2MTFkIiwic2hvcnRjb2RlIjoidmNfcm93IiwiZGF0YSI6eyJ0YWJsZXQiOnt9LCJtb2JpbGUiOnt9fX0=&#8220; mobile_bg_img_hidden=&#8220;no&#8220; tablet_bg_img_hidden=&#8220;no&#8220; woodmart_parallax=&#8220;0&#8243; woodmart_gradient_switch=&#8220;no&#8220; woodmart_box_shadow=&#8220;no&#8220; wd_z_index=&#8220;no&#8220; woodmart_disable_overflow=&#8220;0&#8243; row_reverse_mobile=&#8220;0&#8243; row_reverse_tablet=&#8220;0&#8243;][vc_column width=&#8220;1\/2&#8243;]\t\t<div class=\"promo-banner-wrapper  wd-rs-64e4d3eb6cacb vc_custom_1692718073294\">\n\t\t\t<div id=\"wd-64e4d3eb6cacb\" class=\"promo-banner  banner- banner-hover-zoom color-scheme-light banner-btn-size-default banner-btn-style-default  with-btn banner-btn-position-static wd-with-link wd-underline-colored\">\n\t\t\t\t<div class=\"main-wrapp-img\">\n\t\t\t\t\t<div class=\"banner-image wd-bg-position-center\" >\n\t\t\t\t\t\t<img loading=\"lazy\" decoding=\"async\" width=\"800\" height=\"334\" src=\"https:\/\/labusadelloro.com\/wp-content\/uploads\/2018\/01\/I-Sentieri-dei-Colli-Euganei-848x354.jpg\" class=\"attachment-800x600 size-800x600\" alt=\"\" \/>\t\t\t\t\t<\/div>\n\t\t\t\t<\/div>\n\n\t\t\t\t<div class=\"wrapper-content-banner wd-fill  wd-items-bottom wd-justify-center\">\n\t\t\t\t\t<div class=\"content-banner  text-left\">\n\t\t\t\t\t\t<h2 class=\"banner-title wd-font-weight- wd-fontsize-l\">TREKKING UND KLETTERN<\/h2>\t\t\t\t\t\t\n\t\t\t\t\t\t\n\t\t\t\t\t\t<div class=\"banner-btn-wrapper\"><div id=\"wd-6a072010d8488\" class=\"  wd-button-wrapper text-left\"><a href=\"https:\/\/labusadelloro.com\/de\/aktivitaet\/laufstrecken-und-wanderpfade\/\" title=\"\" class=\"btn btn-color-white btn-style-default btn-shape-rectangle btn-size-default\">ENTDECKEN<\/a><\/div><\/div>\t\t\t\t\t<\/div>\n\t\t\t\t<\/div>\n\n\t\t\t\t\t\t\t\t\t<a class=\"wd-promo-banner-link wd-fill\" aria-label=\"Banner link\" href=\"https:\/\/labusadelloro.com\/de\/aktivitaet\/laufstrecken-und-wanderpfade\/\" title=\"\"><\/a>\n\t\t\t\t\n\t\t\t\t\t\t\t<\/div>\n\t\t<\/div>\n\n\t\t[vc_column_text]Die Euganeischen H\u00fcgel f\u00fcr Liebhaber von Trekking, Nordic Walking und Klettern. Routen f\u00fcr Anf\u00e4nger, aber auch f\u00fcr Profis mit unterschiedlichen Schwierigkeitsgraden.[\/vc_column_text][\/vc_column][vc_column width=&#8220;1\/2&#8243;]\t\t<div class=\"promo-banner-wrapper  wd-rs-64e4d59a6b1fd vc_custom_1692718503434\">\n\t\t\t<div id=\"wd-64e4d59a6b1fd\" class=\"promo-banner  banner- banner-hover-zoom color-scheme-light banner-btn-size-default banner-btn-style-default  with-btn banner-btn-position-static wd-with-link wd-underline-colored\">\n\t\t\t\t<div class=\"main-wrapp-img\">\n\t\t\t\t\t<div class=\"banner-image wd-bg-position-center\" >\n\t\t\t\t\t\t<img loading=\"lazy\" decoding=\"async\" width=\"800\" height=\"462\" src=\"https:\/\/labusadelloro.com\/wp-content\/uploads\/2018\/02\/mtb_traversatacolli85km.jpg\" class=\"attachment-800x600 size-800x600\" alt=\"mtb_traversatacolli85km\" \/>\t\t\t\t\t<\/div>\n\t\t\t\t<\/div>\n\n\t\t\t\t<div class=\"wrapper-content-banner wd-fill  wd-items-bottom wd-justify-center\">\n\t\t\t\t\t<div class=\"content-banner  text-left\">\n\t\t\t\t\t\t<h2 class=\"banner-title wd-font-weight- wd-fontsize-l\">BIKE<\/h2>\t\t\t\t\t\t\n\t\t\t\t\t\t\n\t\t\t\t\t\t<div class=\"banner-btn-wrapper\"><div id=\"wd-6a072010d876c\" class=\"  wd-button-wrapper text-left\"><a href=\"https:\/\/labusadelloro.com\/de\/aktivitaet\/das-fahrrad\/\" title=\"Das Fahrrad\" class=\"btn btn-color-white btn-style-default btn-shape-rectangle btn-size-default\">ENTDECKEN<\/a><\/div><\/div>\t\t\t\t\t<\/div>\n\t\t\t\t<\/div>\n\n\t\t\t\t\t\t\t\t\t<a class=\"wd-promo-banner-link wd-fill\" aria-label=\"Banner link\" href=\"https:\/\/labusadelloro.com\/de\/aktivitaet\/das-fahrrad\/\" title=\"Das Fahrrad\"><\/a>\n\t\t\t\t\n\t\t\t\t\t\t\t<\/div>\n\t\t<\/div>\n\n\t\t[vc_column_text]Radfahren, Mtb und Rennrad f\u00fcr Radsportbegeisterte. Synergie von Himmel und Erde in den Euganeischen H\u00fcgeln f\u00fcr Sportbegeisterte.[\/vc_column_text][\/vc_column][\/vc_row][vc_row equal_height=&#8220;yes&#8220; woodmart_css_id=&#8220;64e4d5d17a814&#8243; responsive_spacing=&#8220;eyJwYXJhbV90eXBlIjoid29vZG1hcnRfcmVzcG9uc2l2ZV9zcGFjaW5nIiwic2VsZWN0b3JfaWQiOiI2NGU0ZDVkMTdhODE0Iiwic2hvcnRjb2RlIjoidmNfcm93IiwiZGF0YSI6eyJ0YWJsZXQiOnt9LCJtb2JpbGUiOnt9fX0=&#8220; mobile_bg_img_hidden=&#8220;no&#8220; tablet_bg_img_hidden=&#8220;no&#8220; woodmart_parallax=&#8220;0&#8243; woodmart_gradient_switch=&#8220;no&#8220; woodmart_box_shadow=&#8220;no&#8220; wd_z_index=&#8220;no&#8220; woodmart_disable_overflow=&#8220;0&#8243; row_reverse_mobile=&#8220;0&#8243; row_reverse_tablet=&#8220;0&#8243;][vc_column width=&#8220;1\/2&#8243;]\t\t<div class=\"promo-banner-wrapper  wd-rs-64e4d5e315e8d vc_custom_1692718692023\">\n\t\t\t<div id=\"wd-64e4d5e315e8d\" class=\"promo-banner  banner- banner-hover-zoom color-scheme-light banner-btn-size-default banner-btn-style-default  with-btn banner-btn-position-static wd-with-link wd-underline-colored\">\n\t\t\t\t<div class=\"main-wrapp-img\">\n\t\t\t\t\t<div class=\"banner-image wd-bg-position-left\" >\n\t\t\t\t\t\t<img loading=\"lazy\" decoding=\"async\" width=\"640\" height=\"427\" src=\"https:\/\/labusadelloro.com\/wp-content\/uploads\/2018\/02\/golf-club-colli-euganei.jpg\" class=\"attachment-800x600 size-800x600\" alt=\"golf-club-colli-euganei\" \/>\t\t\t\t\t<\/div>\n\t\t\t\t<\/div>\n\n\t\t\t\t<div class=\"wrapper-content-banner wd-fill  wd-items-bottom wd-justify-center\">\n\t\t\t\t\t<div class=\"content-banner  text-left\">\n\t\t\t\t\t\t<h2 class=\"banner-title wd-font-weight- wd-fontsize-l\">GOLF<\/h2>\t\t\t\t\t\t\n\t\t\t\t\t\t\n\t\t\t\t\t\t<div class=\"banner-btn-wrapper\"><div id=\"wd-6a072010d8a1a\" class=\"  wd-button-wrapper text-left\"><a href=\"https:\/\/labusadelloro.com\/de\/aktivitaet\/der-golfclub-in-den-euganeischen-huegel\/\" title=\"Die Euganean Hills Golf Clubs\" class=\"btn btn-color-white btn-style-default btn-shape-rectangle btn-size-default\">ENTDECKEN<\/a><\/div><\/div>\t\t\t\t\t<\/div>\n\t\t\t\t<\/div>\n\n\t\t\t\t\t\t\t\t\t<a class=\"wd-promo-banner-link wd-fill\" aria-label=\"Banner link\" href=\"https:\/\/labusadelloro.com\/de\/aktivitaet\/der-golfclub-in-den-euganeischen-huegel\/\" title=\"Die Euganean Hills Golf Clubs\"><\/a>\n\t\t\t\t\n\t\t\t\t\t\t\t<\/div>\n\t\t<\/div>\n\n\t\t[vc_column_text]<span style=\"font-weight: 400;\">4 Golfpl\u00e4tze von unterschiedlichem Kaliber f\u00fcr Golfliebhaber. Nur wenige Kilometer vom B&amp;B entfernt befinden sich weitl\u00e4ufige Gr\u00fcnfl\u00e4chen, die zum Entspannen einladen.<\/span>[\/vc_column_text][\/vc_column][vc_column width=&#8220;1\/2&#8243;]\t\t<div class=\"promo-banner-wrapper  wd-rs-65b52fe232847 vc_custom_1706373102022\">\n\t\t\t<div id=\"wd-65b52fe232847\" class=\"promo-banner  banner- banner-hover-zoom color-scheme-light banner-btn-size-default banner-btn-style-default  with-btn banner-btn-position-static wd-with-link wd-underline-colored\">\n\t\t\t\t<div class=\"main-wrapp-img\">\n\t\t\t\t\t<div class=\"banner-image wd-bg-position-center\" >\n\t\t\t\t\t\t<img loading=\"lazy\" decoding=\"async\" width=\"800\" height=\"600\" src=\"https:\/\/labusadelloro.com\/wp-content\/uploads\/2023\/08\/y-40-piscina-montegrotto-902x660-1-800x600.jpg\" class=\"attachment-800x600 size-800x600\" alt=\"\" \/>\t\t\t\t\t<\/div>\n\t\t\t\t<\/div>\n\n\t\t\t\t<div class=\"wrapper-content-banner wd-fill  wd-items-bottom wd-justify-center\">\n\t\t\t\t\t<div class=\"content-banner  text-left\">\n\t\t\t\t\t\t<h2 class=\"banner-title wd-font-weight- wd-fontsize-l\">DIVING Y40<\/h2>\t\t\t\t\t\t\n\t\t\t\t\t\t\n\t\t\t\t\t\t<div class=\"banner-btn-wrapper\"><div id=\"wd-6a072010d8d3c\" class=\"  wd-button-wrapper text-left\"><a href=\"https:\/\/labusadelloro.com\/de\/aktivitaet\/diving-y-40\/\" title=\"Die Euganean Hills Golf Clubs\" class=\"btn btn-color-white btn-style-default btn-shape-rectangle btn-size-default\">ENTDECKEN<\/a><\/div><\/div>\t\t\t\t\t<\/div>\n\t\t\t\t<\/div>\n\n\t\t\t\t\t\t\t\t\t<a class=\"wd-promo-banner-link wd-fill\" aria-label=\"Banner link\" href=\"https:\/\/labusadelloro.com\/de\/aktivitaet\/diving-y-40\/\" title=\"Die Euganean Hills Golf Clubs\"><\/a>\n\t\t\t\t\n\t\t\t\t\t\t\t<\/div>\n\t\t<\/div>\n\n\t\t[vc_column_text]In Montegrotto Terme, einem ausgezeichneten Kurort, entsteht das erste und einzige Thermalschwimmbad der Welt, das tiefste der Welt, f\u00fcr Taucher: Y-40 The Deep Joy.[\/vc_column_text][\/vc_column][\/vc_row]<\/p>\n<\/div>","protected":false},"excerpt":{"rendered":"<p>[vc_row full_width=&#8220;stretch_row&#8220; equal_height=&#8220;yes&#8220; woodmart_bg_position=&#8220;left-bottom&#8220; css=&#8220;.vc_custom_1692772919706{margin-top: -40px !important;margin-right: 0px !important;margin-left: 0px !important;border-right-width: 10px !important;border-left-width: 10px !important;padding-top: 20px !important;padding-bottom: 20px !important;background-image: url(https:\/\/labusadelloro.com\/wp-content\/uploads\/2017\/11\/mtb-colli-euganei-header-00.jpg?id=4053)<\/p>\n","protected":false},"author":7,"featured_media":0,"parent":0,"menu_order":0,"comment_status":"closed","ping_status":"closed","template":"","meta":{"_monsterinsights_skip_tracking":false,"_monsterinsights_sitenote_active":false,"_monsterinsights_sitenote_note":"","_monsterinsights_sitenote_category":0,"footnotes":""},"class_list":["post-4719","page","type-page","status-publish","hentry"],"yoast_head":"<!-- This site is optimized with the Yoast SEO plugin v27.6 - https:\/\/yoast.com\/product\/yoast-seo-wordpress\/ -->\n<title>B&amp;B Busa dell&#039;Oro - Sport, Aktivit\u00e4ten, Essen und Wein - Euganeische H\u00fcgel<\/title>\n<meta name=\"description\" content=\"Die Euganeischen H\u00fcgel sind ein ideales Ziel f\u00fcr Liebhaber von Trekking, Nordic Walking und Klettern, aber auch f\u00fcr diejenigen, die gerne Rad fahren oder auf den 4 Golfpl\u00e4tzen der Gegend spielen. Und schlie\u00dflich, um die Gaumenfreuden mit Wein- und Essensbesichtigungen in lokalen Weinkellern und Trattorias zu befriedigen.\" \/>\n<meta name=\"robots\" content=\"index, follow, max-snippet:-1, max-image-preview:large, max-video-preview:-1\" \/>\n<link rel=\"canonical\" href=\"https:\/\/labusadelloro.com\/de\/aktivitaet\/\" \/>\n<meta name=\"twitter:card\" content=\"summary_large_image\" \/>\n<meta name=\"twitter:title\" content=\"B&amp;B Busa dell&#039;Oro - Sport, Aktivit\u00e4ten, Essen und Wein - Euganeische H\u00fcgel\" \/>\n<meta name=\"twitter:description\" content=\"Die Euganeischen H\u00fcgel sind ein ideales Ziel f\u00fcr Liebhaber von Trekking, Nordic Walking und Klettern, aber auch f\u00fcr diejenigen, die gerne Rad fahren oder auf den 4 Golfpl\u00e4tzen der Gegend spielen. Und schlie\u00dflich, um die Gaumenfreuden mit Wein- und Essensbesichtigungen in lokalen Weinkellern und Trattorias zu befriedigen.\" \/>\n<meta name=\"twitter:label1\" content=\"Gesch\u00e4tzte Lesezeit\" \/>\n\t<meta name=\"twitter:data1\" content=\"2\u00a0Minuten\" \/>\n<script type=\"application\/ld+json\" class=\"yoast-schema-graph\">{\"@context\":\"https:\\\/\\\/schema.org\",\"@graph\":[{\"@type\":\"WebPage\",\"@id\":\"https:\\\/\\\/labusadelloro.com\\\/de\\\/aktivitaet\\\/\",\"url\":\"https:\\\/\\\/labusadelloro.com\\\/de\\\/aktivitaet\\\/\",\"name\":\"B&B Busa dell'Oro - Sport, Aktivit\u00e4ten, Essen und Wein - Euganeische H\u00fcgel\",\"isPartOf\":{\"@id\":\"https:\\\/\\\/labusadelloro.com\\\/it\\\/#website\"},\"datePublished\":\"2018-01-04T18:02:27+00:00\",\"dateModified\":\"2025-06-19T15:01:55+00:00\",\"description\":\"Die Euganeischen H\u00fcgel sind ein ideales Ziel f\u00fcr Liebhaber von Trekking, Nordic Walking und Klettern, aber auch f\u00fcr diejenigen, die gerne Rad fahren oder auf den 4 Golfpl\u00e4tzen der Gegend spielen. Und schlie\u00dflich, um die Gaumenfreuden mit Wein- und Essensbesichtigungen in lokalen Weinkellern und Trattorias zu befriedigen.\",\"breadcrumb\":{\"@id\":\"https:\\\/\\\/labusadelloro.com\\\/de\\\/aktivitaet\\\/#breadcrumb\"},\"inLanguage\":\"de\",\"potentialAction\":[{\"@type\":\"ReadAction\",\"target\":[\"https:\\\/\\\/labusadelloro.com\\\/de\\\/aktivitaet\\\/\"]}]},{\"@type\":\"BreadcrumbList\",\"@id\":\"https:\\\/\\\/labusadelloro.com\\\/de\\\/aktivitaet\\\/#breadcrumb\",\"itemListElement\":[{\"@type\":\"ListItem\",\"position\":1,\"name\":\"Home\",\"item\":\"https:\\\/\\\/labusadelloro.com\\\/de\\\/\"},{\"@type\":\"ListItem\",\"position\":2,\"name\":\"Aktivit\u00e4ten\"}]},{\"@type\":\"WebSite\",\"@id\":\"https:\\\/\\\/labusadelloro.com\\\/it\\\/#website\",\"url\":\"https:\\\/\\\/labusadelloro.com\\\/it\\\/\",\"name\":\"Fattoria Busa dell&#039;Oro\",\"description\":\"Bed and Breakfast Colli Euganei\",\"potentialAction\":[{\"@type\":\"SearchAction\",\"target\":{\"@type\":\"EntryPoint\",\"urlTemplate\":\"https:\\\/\\\/labusadelloro.com\\\/it\\\/?s={search_term_string}\"},\"query-input\":{\"@type\":\"PropertyValueSpecification\",\"valueRequired\":true,\"valueName\":\"search_term_string\"}}],\"inLanguage\":\"de\"}]}<\/script>\n<!-- \/ Yoast SEO plugin. -->","yoast_head_json":{"title":"B&B Busa dell'Oro - Sport, Aktivit\u00e4ten, Essen und Wein - Euganeische H\u00fcgel","description":"Die Euganeischen H\u00fcgel sind ein ideales Ziel f\u00fcr Liebhaber von Trekking, Nordic Walking und Klettern, aber auch f\u00fcr diejenigen, die gerne Rad fahren oder auf den 4 Golfpl\u00e4tzen der Gegend spielen. Und schlie\u00dflich, um die Gaumenfreuden mit Wein- und Essensbesichtigungen in lokalen Weinkellern und Trattorias zu befriedigen.","robots":{"index":"index","follow":"follow","max-snippet":"max-snippet:-1","max-image-preview":"max-image-preview:large","max-video-preview":"max-video-preview:-1"},"canonical":"https:\/\/labusadelloro.com\/de\/aktivitaet\/","twitter_card":"summary_large_image","twitter_title":"B&B Busa dell'Oro - Sport, Aktivit\u00e4ten, Essen und Wein - Euganeische H\u00fcgel","twitter_description":"Die Euganeischen H\u00fcgel sind ein ideales Ziel f\u00fcr Liebhaber von Trekking, Nordic Walking und Klettern, aber auch f\u00fcr diejenigen, die gerne Rad fahren oder auf den 4 Golfpl\u00e4tzen der Gegend spielen. Und schlie\u00dflich, um die Gaumenfreuden mit Wein- und Essensbesichtigungen in lokalen Weinkellern und Trattorias zu befriedigen.","twitter_misc":{"Gesch\u00e4tzte Lesezeit":"2\u00a0Minuten"},"schema":{"@context":"https:\/\/schema.org","@graph":[{"@type":"WebPage","@id":"https:\/\/labusadelloro.com\/de\/aktivitaet\/","url":"https:\/\/labusadelloro.com\/de\/aktivitaet\/","name":"B&B Busa dell'Oro - Sport, Aktivit\u00e4ten, Essen und Wein - Euganeische H\u00fcgel","isPartOf":{"@id":"https:\/\/labusadelloro.com\/it\/#website"},"datePublished":"2018-01-04T18:02:27+00:00","dateModified":"2025-06-19T15:01:55+00:00","description":"Die Euganeischen H\u00fcgel sind ein ideales Ziel f\u00fcr Liebhaber von Trekking, Nordic Walking und Klettern, aber auch f\u00fcr diejenigen, die gerne Rad fahren oder auf den 4 Golfpl\u00e4tzen der Gegend spielen. Und schlie\u00dflich, um die Gaumenfreuden mit Wein- und Essensbesichtigungen in lokalen Weinkellern und Trattorias zu befriedigen.","breadcrumb":{"@id":"https:\/\/labusadelloro.com\/de\/aktivitaet\/#breadcrumb"},"inLanguage":"de","potentialAction":[{"@type":"ReadAction","target":["https:\/\/labusadelloro.com\/de\/aktivitaet\/"]}]},{"@type":"BreadcrumbList","@id":"https:\/\/labusadelloro.com\/de\/aktivitaet\/#breadcrumb","itemListElement":[{"@type":"ListItem","position":1,"name":"Home","item":"https:\/\/labusadelloro.com\/de\/"},{"@type":"ListItem","position":2,"name":"Aktivit\u00e4ten"}]},{"@type":"WebSite","@id":"https:\/\/labusadelloro.com\/it\/#website","url":"https:\/\/labusadelloro.com\/it\/","name":"Fattoria Busa dell&#039;Oro","description":"Bed and Breakfast Colli Euganei","potentialAction":[{"@type":"SearchAction","target":{"@type":"EntryPoint","urlTemplate":"https:\/\/labusadelloro.com\/it\/?s={search_term_string}"},"query-input":{"@type":"PropertyValueSpecification","valueRequired":true,"valueName":"search_term_string"}}],"inLanguage":"de"}]}},"_links":{"self":[{"href":"https:\/\/labusadelloro.com\/de\/wp-json\/wp\/v2\/pages\/4719","targetHints":{"allow":["GET"]}}],"collection":[{"href":"https:\/\/labusadelloro.com\/de\/wp-json\/wp\/v2\/pages"}],"about":[{"href":"https:\/\/labusadelloro.com\/de\/wp-json\/wp\/v2\/types\/page"}],"author":[{"embeddable":true,"href":"https:\/\/labusadelloro.com\/de\/wp-json\/wp\/v2\/users\/7"}],"replies":[{"embeddable":true,"href":"https:\/\/labusadelloro.com\/de\/wp-json\/wp\/v2\/comments?post=4719"}],"version-history":[{"count":1,"href":"https:\/\/labusadelloro.com\/de\/wp-json\/wp\/v2\/pages\/4719\/revisions"}],"predecessor-version":[{"id":10773,"href":"https:\/\/labusadelloro.com\/de\/wp-json\/wp\/v2\/pages\/4719\/revisions\/10773"}],"wp:attachment":[{"href":"https:\/\/labusadelloro.com\/de\/wp-json\/wp\/v2\/media?parent=4719"}],"curies":[{"name":"wp","href":"https:\/\/api.w.org\/{rel}","templated":true}]}}