{"id":4815,"date":"2018-04-16T14:39:19","date_gmt":"2018-04-16T12:39:19","guid":{"rendered":"https:\/\/labusadelloro.com\/?page_id=4815"},"modified":"2025-06-19T17:12:49","modified_gmt":"2025-06-19T15:12:49","slug":"schoene-aussichten-und-gaumenfreuden","status":"publish","type":"page","link":"https:\/\/labusadelloro.com\/de\/aktivitaet\/schoene-aussichten-und-gaumenfreuden\/","title":{"rendered":"Essen und Wein"},"content":{"rendered":"<div class=\"wpb-content-wrapper\"><p>[vc_row full_width=&#8220;stretch_row&#8220; equal_height=&#8220;yes&#8220; woodmart_bg_position=&#8220;center-center&#8220; css=&#8220;.vc_custom_1692775594409{margin-top: -40px !important;margin-right: 0px !important;margin-left: 0px !important;border-right-width: 10px !important;border-left-width: 10px !important;padding-top: 20px !important;padding-bottom: 20px !important;background-image: url(https:\/\/labusadelloro.com\/wp-content\/uploads\/2023\/08\/salumi-scaled.jpg?id=8923) !important;background-position: center !important;background-repeat: no-repeat !important;background-size: cover !important;border-left-color: #ffffff !important;border-left-style: solid !important;border-right-color: #ffffff !important;border-right-style: solid !important;}&#8220; woodmart_css_id=&#8220;64e5b2d647cb9&#8243; responsive_spacing=&#8220;eyJwYXJhbV90eXBlIjoid29vZG1hcnRfcmVzcG9uc2l2ZV9zcGFjaW5nIiwic2VsZWN0b3JfaWQiOiI2NGU1YjJkNjQ3Y2I5Iiwic2hvcnRjb2RlIjoidmNfcm93IiwiZGF0YSI6eyJ0YWJsZXQiOnt9LCJtb2JpbGUiOnt9fX0=&#8220; mobile_bg_img_hidden=&#8220;no&#8220; tablet_bg_img_hidden=&#8220;no&#8220; woodmart_parallax=&#8220;0&#8243; woodmart_gradient_switch=&#8220;yes&#8220; woodmart_box_shadow=&#8220;no&#8220; wd_z_index=&#8220;no&#8220; woodmart_disable_overflow=&#8220;0&#8243; row_reverse_mobile=&#8220;0&#8243; row_reverse_tablet=&#8220;0&#8243; woodmart_color_gradient=&#8220;rgba(0, 0, 0, 0.5)-0\/rgba(0, 0, 0, 0.5)-100\/|linear-gradient(left , rgba(0, 0, 0, 0.5) , rgba(0, 0, 0, 0.5) 100%)|linear|left&#8220;][vc_column css=&#8220;.vc_custom_1692284849437{margin-right: 0px !important;margin-left: 0px !important;}&#8220; woodmart_css_id=&#8220;64de3793d648a&#8220; parallax_scroll=&#8220;no&#8220; woodmart_sticky_column=&#8220;false&#8220; wd_collapsible_content_switcher=&#8220;no&#8220; wd_column_role_offcanvas_desktop=&#8220;no&#8220; wd_column_role_offcanvas_tablet=&#8220;no&#8220; wd_column_role_offcanvas_mobile=&#8220;no&#8220; wd_column_role_content_desktop=&#8220;no&#8220; wd_column_role_content_tablet=&#8220;no&#8220; wd_column_role_content_mobile=&#8220;no&#8220; mobile_bg_img_hidden=&#8220;no&#8220; tablet_bg_img_hidden=&#8220;no&#8220; woodmart_parallax=&#8220;0&#8243; woodmart_box_shadow=&#8220;no&#8220; responsive_spacing=&#8220;eyJwYXJhbV90eXBlIjoid29vZG1hcnRfcmVzcG9uc2l2ZV9zcGFjaW5nIiwic2VsZWN0b3JfaWQiOiI2NGRlMzc5M2Q2NDhhIiwic2hvcnRjb2RlIjoidmNfY29sdW1uIiwiZGF0YSI6eyJ0YWJsZXQiOnt9LCJtb2JpbGUiOnt9fX0=&#8220; mobile_reset_margin=&#8220;no&#8220; tablet_reset_margin=&#8220;no&#8220; wd_z_index=&#8220;no&#8220;]\n\t\t<div id=\"wd-64e5b2acca99e\" class=\"title-wrapper wd-wpb wd-set-mb reset-last-child  wd-rs-64e5b2acca99e wd-title-color-white wd-title-style-default text-center vc_custom_1692775118453 wd-width-enabled wd-underline-colored\" style=\"--wd-max-width: 80%;\">\n\t\t\t\t\t\t\t\n\t\t\t\t<div class=\"title-subtitle  subtitle-color-white font-default subtitle-style-default wd-font-weight-500 wd-fontsize-xs\">DIE FREUDE AM SEHEN UND SCHMECKEN<\/div>\n\t\t\t\n\t\t\t<div class=\"liner-continer\">\n\t\t\t\t<h1 class=\"woodmart-title-container title  wd-font-weight- wd-fontsize-l\" >ESSEN UND WEIN<\/h1>\n\t\t\t\t\t\t\t<\/div>\n\t\t\t\n\t\t\t\t\t\t\t<div class=\"title-after_title reset-last-child  wd-fontsize-xs\">Die Euganeischen H\u00fcgel, Venetien, Italien, ein Gebiet, in dem die Wein- und Gastronomietradition alten Rezepten folgt und kulinarische Experimente hervorbringt.<\/div>\n\t\t\t\n\t\t\t\n\t\t<\/div>\n\t\t\n\t\t[\/vc_column][\/vc_row][vc_row css=&#8220;.vc_custom_1519226914390{margin-bottom: 3rem !important;}&#8220;][vc_column]\t\t<div id=\"wd-64e5b724c8c5f\" class=\"wd-text-block wd-wpb reset-last-child wd-rs-64e5b724c8c5f text-left wd-fontsize-custom \">\n\t\t\t<p>F\u00fcr Liebhaber guter Getr\u00e4nke bietet die Weinstra\u00dfe der Euganeischen H\u00fcgel die M\u00f6glichkeit, <strong>lokale Weine und \u00d6le zu verkosten<\/strong>, die mit den schmackhaften traditionellen Spezialit\u00e4ten der Region kombiniert werden k\u00f6nnen. Dar\u00fcber hinaus k\u00f6nnen Sie die Besonderheiten der \u00f6rtlichen Weing\u00fcter erkunden.<\/p>\n<p>F\u00fcr die Liebhaber von Traditionen gibt es Feste und Feiern, bei denen die Br\u00e4uche und Traditionen der lokalen Folklore gefeiert werden.<\/p>\n\t\t<\/div>\n\t\t\t\t<div id=\"wd-64e5ba9a8ef7b\" class=\"wd-text-block wd-wpb reset-last-child wd-rs-64e5ba9a8ef7b text-left wd-width-enabled color-alt wd-fontsize-xl font-primary vc_custom_1692777163957\" style=\"--wd-max-width: 80%;\">\n\t\t\t<p>In Padua zu essen und zu trinken, bedeutet mehr als anderswo, \u00dcberraschungen und Nostalgie zu erleben&#8220;.<br \/>\n(Orio Vergani)<\/p>\n\t\t<\/div>\n\t\t[\/vc_column][\/vc_row][vc_row full_width=&#8220;stretch_row&#8220; equal_height=&#8220;yes&#8220; content_placement=&#8220;top&#8220; woodmart_css_id=&#8220;64e5b5e23e8eb&#8220; responsive_spacing=&#8220;eyJwYXJhbV90eXBlIjoid29vZG1hcnRfcmVzcG9uc2l2ZV9zcGFjaW5nIiwic2VsZWN0b3JfaWQiOiI2NGU1YjVlMjNlOGViIiwic2hvcnRjb2RlIjoidmNfcm93IiwiZGF0YSI6eyJ0YWJsZXQiOnt9LCJtb2JpbGUiOnt9fX0=&#8220; mobile_bg_img_hidden=&#8220;no&#8220; tablet_bg_img_hidden=&#8220;no&#8220; woodmart_parallax=&#8220;0&#8243; woodmart_gradient_switch=&#8220;no&#8220; woodmart_box_shadow=&#8220;no&#8220; wd_z_index=&#8220;no&#8220; woodmart_disable_overflow=&#8220;0&#8243; row_reverse_mobile=&#8220;0&#8243; row_reverse_tablet=&#8220;0&#8243;][vc_column width=&#8220;1\/2&#8243; offset=&#8220;vc_hidden-xs&#8220; woodmart_css_id=&#8220;64e5bb98753fd&#8220; parallax_scroll=&#8220;no&#8220; woodmart_sticky_column=&#8220;false&#8220; wd_collapsible_content_switcher=&#8220;no&#8220; wd_column_role_offcanvas_desktop=&#8220;no&#8220; wd_column_role_offcanvas_tablet=&#8220;no&#8220; wd_column_role_offcanvas_mobile=&#8220;no&#8220; wd_column_role_content_desktop=&#8220;no&#8220; wd_column_role_content_tablet=&#8220;no&#8220; wd_column_role_content_mobile=&#8220;no&#8220; mobile_bg_img_hidden=&#8220;no&#8220; tablet_bg_img_hidden=&#8220;no&#8220; woodmart_parallax=&#8220;0&#8243; woodmart_box_shadow=&#8220;no&#8220; responsive_spacing=&#8220;eyJwYXJhbV90eXBlIjoid29vZG1hcnRfcmVzcG9uc2l2ZV9zcGFjaW5nIiwic2VsZWN0b3JfaWQiOiI2NGU1YmI5ODc1M2ZkIiwic2hvcnRjb2RlIjoidmNfY29sdW1uIiwiZGF0YSI6eyJ0YWJsZXQiOnt9LCJtb2JpbGUiOnt9fX0=&#8220; mobile_reset_margin=&#8220;no&#8220; tablet_reset_margin=&#8220;no&#8220; wd_z_index=&#8220;no&#8220;][vc_single_image image=&#8220;4432&#8243; img_size=&#8220;large&#8220; onclick=&#8220;link_image&#8220;][\/vc_column][vc_column width=&#8220;1\/2&#8243;][vc_column_text]<\/p>\n<h3>Sengiari | Agritourismus Weingut in den Euganeischen H\u00fcgeln<br \/>\n(1Km vom B&amp;B entfernt)<\/h3>\n<p>Der Wein, die K\u00fcche und das Gebiet sind das, was das Unternehmen auszeichnet. Die Weinberge werden von Hand bewirtschaftet, wobei jede Phase des Reifeprozesses der Trauben kontrolliert wird, die dann zu klaren, k\u00f6rperreichen Weinen verarbeitet werden. Bei einem Aufenthalt im B&amp;B besteht die M\u00f6glichkeit, eine Weinverkostung mit Besichtigung des Weinguts zu organisieren.<br \/>\nLesen Sie mehr: <a href=\"http:\/\/www.sengiari.it\" target=\"_blank\" rel=\"noopener\">www.sengiari.it<\/a>[\/vc_column_text][\/vc_column][\/vc_row][vc_row full_width=&#8220;stretch_row&#8220; equal_height=&#8220;yes&#8220; content_placement=&#8220;top&#8220; woodmart_css_id=&#8220;64e5b671a1f05&#8243; responsive_spacing=&#8220;eyJwYXJhbV90eXBlIjoid29vZG1hcnRfcmVzcG9uc2l2ZV9zcGFjaW5nIiwic2VsZWN0b3JfaWQiOiI2NGU1YjY3MWExZjA1Iiwic2hvcnRjb2RlIjoidmNfcm93IiwiZGF0YSI6eyJ0YWJsZXQiOnt9LCJtb2JpbGUiOnt9fX0=&#8220; mobile_bg_img_hidden=&#8220;no&#8220; tablet_bg_img_hidden=&#8220;no&#8220; woodmart_parallax=&#8220;0&#8243; woodmart_gradient_switch=&#8220;no&#8220; woodmart_box_shadow=&#8220;no&#8220; wd_z_index=&#8220;no&#8220; woodmart_disable_overflow=&#8220;0&#8243; row_reverse_mobile=&#8220;0&#8243; row_reverse_tablet=&#8220;0&#8243; css=&#8220;.vc_custom_1692776057977{background-color: #f7f7f7 !important;}&#8220;][vc_column width=&#8220;1\/2&#8243;][vc_column_text woodmart_inline=&#8220;no&#8220; text_larger=&#8220;no&#8220;]<\/p>\n<h3>Societ\u00e0 Agricola Vignalta &#8211; Liebe und Leidenschaft f\u00fcr den Wein<br \/>\n(5Km vom B&amp;B entfernt)<\/h3>\n<p>Das Unternehmen achtet besonders auf die \u00f6kologische Nachhaltigkeit und wendet modernste Techniken zur Bewirtschaftung der Weinberge an, um die Integrit\u00e4t der in jeder Traube enthaltenen Aromen und Geschmacksstoffe zu erhalten. Durch die sorgf\u00e4ltige Bewirtschaftung der Weinberge werden qualitativ hochwertige Trauben erzeugt, die dann mit minimalistischen \u00f6nologischen Techniken verarbeitet werden.<br \/>\nBei einem Aufenthalt im B&amp;B besteht die M\u00f6glichkeit, eine Weinverkostung mit Besichtigung des Weinguts zu organisieren.<br \/>\nLesen Sie mehr: <a href=\"http:\/\/www.vignalta.it\" target=\"_blank\" rel=\"noopener\">www.vignalta.it<\/a>[\/vc_column_text][\/vc_column][vc_column width=&#8220;1\/2&#8243; offset=&#8220;vc_hidden-xs&#8220; woodmart_css_id=&#8220;64e5bb8fa6323&#8243; parallax_scroll=&#8220;no&#8220; woodmart_sticky_column=&#8220;false&#8220; wd_collapsible_content_switcher=&#8220;no&#8220; wd_column_role_offcanvas_desktop=&#8220;no&#8220; wd_column_role_offcanvas_tablet=&#8220;no&#8220; wd_column_role_offcanvas_mobile=&#8220;no&#8220; wd_column_role_content_desktop=&#8220;no&#8220; wd_column_role_content_tablet=&#8220;no&#8220; wd_column_role_content_mobile=&#8220;no&#8220; mobile_bg_img_hidden=&#8220;no&#8220; tablet_bg_img_hidden=&#8220;no&#8220; woodmart_parallax=&#8220;0&#8243; woodmart_box_shadow=&#8220;no&#8220; responsive_spacing=&#8220;eyJwYXJhbV90eXBlIjoid29vZG1hcnRfcmVzcG9uc2l2ZV9zcGFjaW5nIiwic2VsZWN0b3JfaWQiOiI2NGU1YmI4ZmE2MzIzIiwic2hvcnRjb2RlIjoidmNfY29sdW1uIiwiZGF0YSI6eyJ0YWJsZXQiOnt9LCJtb2JpbGUiOnt9fX0=&#8220; mobile_reset_margin=&#8220;no&#8220; tablet_reset_margin=&#8220;no&#8220; wd_z_index=&#8220;no&#8220;][vc_single_image image=&#8220;4436&#8243; img_size=&#8220;large&#8220; onclick=&#8220;link_image&#8220;][\/vc_column][\/vc_row][vc_row][vc_column width=&#8220;1\/2&#8243; offset=&#8220;vc_hidden-xs&#8220; woodmart_css_id=&#8220;64e5bb7fdad6a&#8220; parallax_scroll=&#8220;no&#8220; woodmart_sticky_column=&#8220;false&#8220; wd_collapsible_content_switcher=&#8220;no&#8220; wd_column_role_offcanvas_desktop=&#8220;no&#8220; wd_column_role_offcanvas_tablet=&#8220;no&#8220; wd_column_role_offcanvas_mobile=&#8220;no&#8220; wd_column_role_content_desktop=&#8220;no&#8220; wd_column_role_content_tablet=&#8220;no&#8220; wd_column_role_content_mobile=&#8220;no&#8220; mobile_bg_img_hidden=&#8220;no&#8220; tablet_bg_img_hidden=&#8220;no&#8220; woodmart_parallax=&#8220;0&#8243; woodmart_box_shadow=&#8220;no&#8220; responsive_spacing=&#8220;eyJwYXJhbV90eXBlIjoid29vZG1hcnRfcmVzcG9uc2l2ZV9zcGFjaW5nIiwic2VsZWN0b3JfaWQiOiI2NGU1YmI3ZmRhZDZhIiwic2hvcnRjb2RlIjoidmNfY29sdW1uIiwiZGF0YSI6eyJ0YWJsZXQiOnt9LCJtb2JpbGUiOnt9fX0=&#8220; mobile_reset_margin=&#8220;no&#8220; tablet_reset_margin=&#8220;no&#8220; wd_z_index=&#8220;no&#8220;][vc_single_image image=&#8220;4441&#8243; img_size=&#8220;large&#8220;][\/vc_column][vc_column width=&#8220;1\/2&#8243;][vc_column_text]<\/p>\n<h3>C\u00e0 Lustra Zanovello &#8211; Euganeischer Wein<br \/>\n(14Km vom B&amp;B)<\/h3>\n<p>42 Hektar Land, davon 25 Hektar Weinberge. Die Herstellung ihrer Weine erfolgt nach traditionellen Methoden der Weinbereitung mit spontaner G\u00e4rung, ohne Kl\u00e4rung und mit minimalem Einsatz von Sulfiten. Bei einem Aufenthalt im B&amp;B besteht die M\u00f6glichkeit, eine Weinprobe mit Besuch des Weinkellers unter dem Berg zu organisieren und dabei den Blick auf das Faedo-Tal zu genie\u00dfen.<br \/>\nLesen Sie mehr: <a href=\"http:\/\/www.calustra.it\" target=\"_blank\" rel=\"noopener\">www.calustra.it<\/a>[\/vc_column_text][\/vc_column][\/vc_row][vc_row full_width=&#8220;stretch_row&#8220; css=&#8220;.vc_custom_1692776904222{background-color: #f7f7f7 !important;}&#8220; woodmart_css_id=&#8220;64e5b9c455603&#8243; responsive_spacing=&#8220;eyJwYXJhbV90eXBlIjoid29vZG1hcnRfcmVzcG9uc2l2ZV9zcGFjaW5nIiwic2VsZWN0b3JfaWQiOiI2NGU1YjljNDU1NjAzIiwic2hvcnRjb2RlIjoidmNfcm93IiwiZGF0YSI6eyJ0YWJsZXQiOnt9LCJtb2JpbGUiOnt9fX0=&#8220; mobile_bg_img_hidden=&#8220;no&#8220; tablet_bg_img_hidden=&#8220;no&#8220; woodmart_parallax=&#8220;0&#8243; woodmart_gradient_switch=&#8220;no&#8220; woodmart_box_shadow=&#8220;no&#8220; wd_z_index=&#8220;no&#8220; woodmart_disable_overflow=&#8220;0&#8243; row_reverse_mobile=&#8220;0&#8243; row_reverse_tablet=&#8220;0&#8243;][vc_column width=&#8220;1\/2&#8243;][vc_column_text]<\/p>\n<h3>Borin Weine und Weinberge<br \/>\n(17Km vom B&amp;B)<\/h3>\n<p>Weinanbau und Leidenschaft f\u00fcr den Weinbau seit 1963. Das Weingut umfasst 37 Hektar, von denen etwa 30 Hektar f\u00fcr den Weinbau genutzt werden. Auf den kalkhaltigen H\u00fcgeln von Arqu\u00e0 Petrarca werden Weine von gro\u00dfem Geschmack und Langlebigkeit erzeugt, w\u00e4hrend auf den Ausl\u00e4ufern des Monticelli frische Wei\u00dfweine und duftende Rotweine mit rundem und ausgewogenem Geschmack entstehen.<br \/>\nBei einem Aufenthalt im B&amp;B besteht die M\u00f6glichkeit, eine Weinverkostung mit Besichtigung des Weinguts zu organisieren.<br \/>\nLesen Sie mehr: <a href=\"http:\/\/www.viniborin.it\" target=\"_blank\" rel=\"noopener\">www.viniborin.it<\/a>[\/vc_column_text][\/vc_column][vc_column width=&#8220;1\/2&#8243; offset=&#8220;vc_hidden-xs&#8220; woodmart_css_id=&#8220;64e5bba46d5d2&#8243; parallax_scroll=&#8220;no&#8220; woodmart_sticky_column=&#8220;false&#8220; wd_collapsible_content_switcher=&#8220;no&#8220; wd_column_role_offcanvas_desktop=&#8220;no&#8220; wd_column_role_offcanvas_tablet=&#8220;no&#8220; wd_column_role_offcanvas_mobile=&#8220;no&#8220; wd_column_role_content_desktop=&#8220;no&#8220; wd_column_role_content_tablet=&#8220;no&#8220; wd_column_role_content_mobile=&#8220;no&#8220; mobile_bg_img_hidden=&#8220;no&#8220; tablet_bg_img_hidden=&#8220;no&#8220; woodmart_parallax=&#8220;0&#8243; woodmart_box_shadow=&#8220;no&#8220; responsive_spacing=&#8220;eyJwYXJhbV90eXBlIjoid29vZG1hcnRfcmVzcG9uc2l2ZV9zcGFjaW5nIiwic2VsZWN0b3JfaWQiOiI2NGU1YmJhNDZkNWQyIiwic2hvcnRjb2RlIjoidmNfY29sdW1uIiwiZGF0YSI6eyJ0YWJsZXQiOnt9LCJtb2JpbGUiOnt9fX0=&#8220; mobile_reset_margin=&#8220;no&#8220; tablet_reset_margin=&#8220;no&#8220; wd_z_index=&#8220;no&#8220;][vc_single_image image=&#8220;4446&#8243; img_size=&#8220;large&#8220;][\/vc_column][\/vc_row][vc_row full_width=&#8220;stretch_row&#8220; woodmart_css_id=&#8220;64e5b9d39778c&#8220; responsive_spacing=&#8220;eyJwYXJhbV90eXBlIjoid29vZG1hcnRfcmVzcG9uc2l2ZV9zcGFjaW5nIiwic2VsZWN0b3JfaWQiOiI2NGU1YjlkMzk3NzhjIiwic2hvcnRjb2RlIjoidmNfcm93IiwiZGF0YSI6eyJ0YWJsZXQiOnt9LCJtb2JpbGUiOnt9fX0=&#8220; mobile_bg_img_hidden=&#8220;no&#8220; tablet_bg_img_hidden=&#8220;no&#8220; woodmart_parallax=&#8220;0&#8243; woodmart_gradient_switch=&#8220;no&#8220; woodmart_box_shadow=&#8220;no&#8220; wd_z_index=&#8220;no&#8220; woodmart_disable_overflow=&#8220;0&#8243; row_reverse_mobile=&#8220;0&#8243; row_reverse_tablet=&#8220;0&#8243;][vc_column width=&#8220;1\/2&#8243; offset=&#8220;vc_hidden-xs&#8220; woodmart_css_id=&#8220;64e5bbac14bc5&#8243; parallax_scroll=&#8220;no&#8220; woodmart_sticky_column=&#8220;false&#8220; wd_collapsible_content_switcher=&#8220;no&#8220; wd_column_role_offcanvas_desktop=&#8220;no&#8220; wd_column_role_offcanvas_tablet=&#8220;no&#8220; wd_column_role_offcanvas_mobile=&#8220;no&#8220; wd_column_role_content_desktop=&#8220;no&#8220; wd_column_role_content_tablet=&#8220;no&#8220; wd_column_role_content_mobile=&#8220;no&#8220; mobile_bg_img_hidden=&#8220;no&#8220; tablet_bg_img_hidden=&#8220;no&#8220; woodmart_parallax=&#8220;0&#8243; woodmart_box_shadow=&#8220;no&#8220; responsive_spacing=&#8220;eyJwYXJhbV90eXBlIjoid29vZG1hcnRfcmVzcG9uc2l2ZV9zcGFjaW5nIiwic2VsZWN0b3JfaWQiOiI2NGU1YmJhYzE0YmM1Iiwic2hvcnRjb2RlIjoidmNfY29sdW1uIiwiZGF0YSI6eyJ0YWJsZXQiOnt9LCJtb2JpbGUiOnt9fX0=&#8220; mobile_reset_margin=&#8220;no&#8220; tablet_reset_margin=&#8220;no&#8220; wd_z_index=&#8220;no&#8220;][vc_single_image image=&#8220;4450&#8243; img_size=&#8220;large&#8220;][\/vc_column][vc_column width=&#8220;1\/2&#8243;][vc_column_text]<\/p>\n<h3>Azienda Agricola Scarpon &#8211; Arqu\u00e0 Petrarca<br \/>\n(16Km vom B&amp;B)<\/h3>\n<p>Herstellung und Verarbeitung verschiedener landwirtschaftlicher Produkte, vor allem die Verarbeitung von Jujube, mit dem Produkt &#8222;Jujube Broth&#8220;, einem Nektar f\u00fcr den Gaumen. Estregone-Lik\u00f6r, das zweite Aush\u00e4ngeschild des Betriebs, ein Kr\u00e4utertee, der auf die Zeit Karls des Gro\u00dfen zur\u00fcckgeht.<br \/>\nBei einem Aufenthalt im B&amp;B kann eine Verkostung von lokalen Produkten organisiert werden.<br \/>\nLesen Sie mehr: <a href=\"http:\/\/www.scarpon.it\" target=\"_blank\" rel=\"noopener\">www.scarpon.it<\/a>[\/vc_column_text][\/vc_column][\/vc_row]<\/p>\n<\/div>","protected":false},"excerpt":{"rendered":"<p>[vc_row full_width=&#8220;stretch_row&#8220; equal_height=&#8220;yes&#8220; woodmart_bg_position=&#8220;center-center&#8220; css=&#8220;.vc_custom_1692775594409{margin-top: -40px !important;margin-right: 0px !important;margin-left: 0px !important;border-right-width: 10px !important;border-left-width: 10px !important;padding-top: 20px !important;padding-bottom: 20px !important;background-image: url(https:\/\/labusadelloro.com\/wp-content\/uploads\/2023\/08\/salumi-scaled.jpg?id=8923)<\/p>\n","protected":false},"author":7,"featured_media":0,"parent":4719,"menu_order":0,"comment_status":"closed","ping_status":"closed","template":"","meta":{"_monsterinsights_skip_tracking":false,"_monsterinsights_sitenote_active":false,"_monsterinsights_sitenote_note":"","_monsterinsights_sitenote_category":0,"footnotes":""},"class_list":["post-4815","page","type-page","status-publish","hentry"],"yoast_head":"<!-- This site is optimized with the Yoast SEO plugin v27.5 - https:\/\/yoast.com\/product\/yoast-seo-wordpress\/ -->\n<title>Essen und Wein - Fattoria Busa dell&#039;Oro<\/title>\n<meta name=\"robots\" content=\"index, follow, max-snippet:-1, max-image-preview:large, max-video-preview:-1\" \/>\n<link rel=\"canonical\" href=\"https:\/\/labusadelloro.com\/de\/aktivitaet\/schoene-aussichten-und-gaumenfreuden\/\" \/>\n<meta name=\"twitter:card\" content=\"summary_large_image\" \/>\n<meta name=\"twitter:title\" content=\"Essen und Wein - Fattoria Busa dell&#039;Oro\" \/>\n<meta name=\"twitter:description\" content=\"[vc_row full_width=&#8220;stretch_row&#8220; equal_height=&#8220;yes&#8220; woodmart_bg_position=&#8220;center-center&#8220; css=&#8220;.vc_custom_1692775594409{margin-top: -40px !important;margin-right: 0px !important;margin-left: 0px !important;border-right-width: 10px !important;border-left-width: 10px !important;padding-top: 20px !important;padding-bottom: 20px !important;background-image: url(https:\/\/labusadelloro.com\/wp-content\/uploads\/2023\/08\/salumi-scaled.jpg?id=8923)\" \/>\n<meta name=\"twitter:label1\" content=\"Gesch\u00e4tzte Lesezeit\" \/>\n\t<meta name=\"twitter:data1\" content=\"5\u00a0Minuten\" \/>\n<script type=\"application\/ld+json\" class=\"yoast-schema-graph\">{\"@context\":\"https:\\\/\\\/schema.org\",\"@graph\":[{\"@type\":\"WebPage\",\"@id\":\"https:\\\/\\\/labusadelloro.com\\\/de\\\/aktivitaet\\\/schoene-aussichten-und-gaumenfreuden\\\/\",\"url\":\"https:\\\/\\\/labusadelloro.com\\\/de\\\/aktivitaet\\\/schoene-aussichten-und-gaumenfreuden\\\/\",\"name\":\"Essen und Wein - Fattoria Busa dell&#039;Oro\",\"isPartOf\":{\"@id\":\"https:\\\/\\\/labusadelloro.com\\\/it\\\/#website\"},\"datePublished\":\"2018-04-16T12:39:19+00:00\",\"dateModified\":\"2025-06-19T15:12:49+00:00\",\"breadcrumb\":{\"@id\":\"https:\\\/\\\/labusadelloro.com\\\/de\\\/aktivitaet\\\/schoene-aussichten-und-gaumenfreuden\\\/#breadcrumb\"},\"inLanguage\":\"de\",\"potentialAction\":[{\"@type\":\"ReadAction\",\"target\":[\"https:\\\/\\\/labusadelloro.com\\\/de\\\/aktivitaet\\\/schoene-aussichten-und-gaumenfreuden\\\/\"]}]},{\"@type\":\"BreadcrumbList\",\"@id\":\"https:\\\/\\\/labusadelloro.com\\\/de\\\/aktivitaet\\\/schoene-aussichten-und-gaumenfreuden\\\/#breadcrumb\",\"itemListElement\":[{\"@type\":\"ListItem\",\"position\":1,\"name\":\"Home\",\"item\":\"https:\\\/\\\/labusadelloro.com\\\/de\\\/\"},{\"@type\":\"ListItem\",\"position\":2,\"name\":\"Aktivit\u00e4ten\",\"item\":\"https:\\\/\\\/labusadelloro.com\\\/de\\\/aktivitaet\\\/\"},{\"@type\":\"ListItem\",\"position\":3,\"name\":\"Essen und Wein\"}]},{\"@type\":\"WebSite\",\"@id\":\"https:\\\/\\\/labusadelloro.com\\\/it\\\/#website\",\"url\":\"https:\\\/\\\/labusadelloro.com\\\/it\\\/\",\"name\":\"Fattoria Busa dell&#039;Oro\",\"description\":\"Bed and Breakfast Colli Euganei\",\"potentialAction\":[{\"@type\":\"SearchAction\",\"target\":{\"@type\":\"EntryPoint\",\"urlTemplate\":\"https:\\\/\\\/labusadelloro.com\\\/it\\\/?s={search_term_string}\"},\"query-input\":{\"@type\":\"PropertyValueSpecification\",\"valueRequired\":true,\"valueName\":\"search_term_string\"}}],\"inLanguage\":\"de\"}]}<\/script>\n<!-- \/ Yoast SEO plugin. -->","yoast_head_json":{"title":"Essen und Wein - Fattoria Busa dell&#039;Oro","robots":{"index":"index","follow":"follow","max-snippet":"max-snippet:-1","max-image-preview":"max-image-preview:large","max-video-preview":"max-video-preview:-1"},"canonical":"https:\/\/labusadelloro.com\/de\/aktivitaet\/schoene-aussichten-und-gaumenfreuden\/","twitter_card":"summary_large_image","twitter_title":"Essen und Wein - Fattoria Busa dell&#039;Oro","twitter_description":"[vc_row full_width=&#8220;stretch_row&#8220; equal_height=&#8220;yes&#8220; woodmart_bg_position=&#8220;center-center&#8220; css=&#8220;.vc_custom_1692775594409{margin-top: -40px !important;margin-right: 0px !important;margin-left: 0px !important;border-right-width: 10px !important;border-left-width: 10px !important;padding-top: 20px !important;padding-bottom: 20px !important;background-image: url(https:\/\/labusadelloro.com\/wp-content\/uploads\/2023\/08\/salumi-scaled.jpg?id=8923)","twitter_misc":{"Gesch\u00e4tzte Lesezeit":"5\u00a0Minuten"},"schema":{"@context":"https:\/\/schema.org","@graph":[{"@type":"WebPage","@id":"https:\/\/labusadelloro.com\/de\/aktivitaet\/schoene-aussichten-und-gaumenfreuden\/","url":"https:\/\/labusadelloro.com\/de\/aktivitaet\/schoene-aussichten-und-gaumenfreuden\/","name":"Essen und Wein - Fattoria Busa dell&#039;Oro","isPartOf":{"@id":"https:\/\/labusadelloro.com\/it\/#website"},"datePublished":"2018-04-16T12:39:19+00:00","dateModified":"2025-06-19T15:12:49+00:00","breadcrumb":{"@id":"https:\/\/labusadelloro.com\/de\/aktivitaet\/schoene-aussichten-und-gaumenfreuden\/#breadcrumb"},"inLanguage":"de","potentialAction":[{"@type":"ReadAction","target":["https:\/\/labusadelloro.com\/de\/aktivitaet\/schoene-aussichten-und-gaumenfreuden\/"]}]},{"@type":"BreadcrumbList","@id":"https:\/\/labusadelloro.com\/de\/aktivitaet\/schoene-aussichten-und-gaumenfreuden\/#breadcrumb","itemListElement":[{"@type":"ListItem","position":1,"name":"Home","item":"https:\/\/labusadelloro.com\/de\/"},{"@type":"ListItem","position":2,"name":"Aktivit\u00e4ten","item":"https:\/\/labusadelloro.com\/de\/aktivitaet\/"},{"@type":"ListItem","position":3,"name":"Essen und Wein"}]},{"@type":"WebSite","@id":"https:\/\/labusadelloro.com\/it\/#website","url":"https:\/\/labusadelloro.com\/it\/","name":"Fattoria Busa dell&#039;Oro","description":"Bed and Breakfast Colli Euganei","potentialAction":[{"@type":"SearchAction","target":{"@type":"EntryPoint","urlTemplate":"https:\/\/labusadelloro.com\/it\/?s={search_term_string}"},"query-input":{"@type":"PropertyValueSpecification","valueRequired":true,"valueName":"search_term_string"}}],"inLanguage":"de"}]}},"_links":{"self":[{"href":"https:\/\/labusadelloro.com\/de\/wp-json\/wp\/v2\/pages\/4815","targetHints":{"allow":["GET"]}}],"collection":[{"href":"https:\/\/labusadelloro.com\/de\/wp-json\/wp\/v2\/pages"}],"about":[{"href":"https:\/\/labusadelloro.com\/de\/wp-json\/wp\/v2\/types\/page"}],"author":[{"embeddable":true,"href":"https:\/\/labusadelloro.com\/de\/wp-json\/wp\/v2\/users\/7"}],"replies":[{"embeddable":true,"href":"https:\/\/labusadelloro.com\/de\/wp-json\/wp\/v2\/comments?post=4815"}],"version-history":[{"count":1,"href":"https:\/\/labusadelloro.com\/de\/wp-json\/wp\/v2\/pages\/4815\/revisions"}],"predecessor-version":[{"id":10779,"href":"https:\/\/labusadelloro.com\/de\/wp-json\/wp\/v2\/pages\/4815\/revisions\/10779"}],"up":[{"embeddable":true,"href":"https:\/\/labusadelloro.com\/de\/wp-json\/wp\/v2\/pages\/4719"}],"wp:attachment":[{"href":"https:\/\/labusadelloro.com\/de\/wp-json\/wp\/v2\/media?parent=4815"}],"curies":[{"name":"wp","href":"https:\/\/api.w.org\/{rel}","templated":true}]}}