{"id":4831,"date":"2018-04-16T15:06:28","date_gmt":"2018-04-16T13:06:28","guid":{"rendered":"https:\/\/labusadelloro.com\/?page_id=4831"},"modified":"2025-06-19T17:06:10","modified_gmt":"2025-06-19T15:06:10","slug":"der-golfclub-in-den-euganeischen-huegel","status":"publish","type":"page","link":"https:\/\/labusadelloro.com\/de\/aktivitaet\/der-golfclub-in-den-euganeischen-huegel\/","title":{"rendered":"Die Euganean Hills Golf Clubs"},"content":{"rendered":"<div class=\"wpb-content-wrapper\"><p>[vc_row full_width=&#8220;stretch_row&#8220; equal_height=&#8220;yes&#8220; woodmart_bg_position=&#8220;center-bottom&#8220; css=&#8220;.vc_custom_1694617798084{margin-top: -40px !important;margin-right: 0px !important;margin-left: 0px !important;border-right-width: 10px !important;border-left-width: 10px !important;padding-top: 20px !important;padding-bottom: 20px !important;background-image: url(https:\/\/labusadelloro.com\/wp-content\/uploads\/2018\/02\/golf-club-frassanelle.jpg?id=4472) !important;background-position: center !important;background-repeat: no-repeat !important;background-size: cover !important;border-left-color: #ffffff !important;border-left-style: solid !important;border-right-color: #ffffff !important;border-right-style: solid !important;}&#8220; woodmart_css_id=&#8220;6501d0a5a9d22&#8243; responsive_spacing=&#8220;eyJwYXJhbV90eXBlIjoid29vZG1hcnRfcmVzcG9uc2l2ZV9zcGFjaW5nIiwic2VsZWN0b3JfaWQiOiI2NTAxZDBhNWE5ZDIyIiwic2hvcnRjb2RlIjoidmNfcm93IiwiZGF0YSI6eyJ0YWJsZXQiOnt9LCJtb2JpbGUiOnt9fX0=&#8220; mobile_bg_img_hidden=&#8220;no&#8220; tablet_bg_img_hidden=&#8220;no&#8220; woodmart_parallax=&#8220;0&#8243; woodmart_gradient_switch=&#8220;yes&#8220; woodmart_box_shadow=&#8220;no&#8220; wd_z_index=&#8220;no&#8220; woodmart_disable_overflow=&#8220;0&#8243; row_reverse_mobile=&#8220;0&#8243; row_reverse_tablet=&#8220;0&#8243; woodmart_color_gradient=&#8220;rgba(0, 0, 0, 0.404)-0\/rgba(0, 0, 0, 0.404)-100\/|linear-gradient(left , rgba(0, 0, 0, 0.404) , rgba(0, 0, 0, 0.404) 100%)|linear|left&#8220;][vc_column css=&#8220;.vc_custom_1692284849437{margin-right: 0px !important;margin-left: 0px !important;}&#8220; woodmart_css_id=&#8220;64de3793d648a&#8220; parallax_scroll=&#8220;no&#8220; woodmart_sticky_column=&#8220;false&#8220; wd_collapsible_content_switcher=&#8220;no&#8220; wd_column_role_offcanvas_desktop=&#8220;no&#8220; wd_column_role_offcanvas_tablet=&#8220;no&#8220; wd_column_role_offcanvas_mobile=&#8220;no&#8220; wd_column_role_content_desktop=&#8220;no&#8220; wd_column_role_content_tablet=&#8220;no&#8220; wd_column_role_content_mobile=&#8220;no&#8220; mobile_bg_img_hidden=&#8220;no&#8220; tablet_bg_img_hidden=&#8220;no&#8220; woodmart_parallax=&#8220;0&#8243; woodmart_box_shadow=&#8220;no&#8220; responsive_spacing=&#8220;eyJwYXJhbV90eXBlIjoid29vZG1hcnRfcmVzcG9uc2l2ZV9zcGFjaW5nIiwic2VsZWN0b3JfaWQiOiI2NGRlMzc5M2Q2NDhhIiwic2hvcnRjb2RlIjoidmNfY29sdW1uIiwiZGF0YSI6eyJ0YWJsZXQiOnt9LCJtb2JpbGUiOnt9fX0=&#8220; mobile_reset_margin=&#8220;no&#8220; tablet_reset_margin=&#8220;no&#8220; wd_z_index=&#8220;no&#8220;]\n\t\t<div id=\"wd-64e77a81cb764\" class=\"title-wrapper wd-wpb wd-set-mb reset-last-child  wd-rs-64e77a81cb764 wd-title-color-white wd-title-style-default text-center vc_custom_1692891863792 wd-width-enabled wd-underline-colored\" style=\"--wd-max-width: 80%;\">\n\t\t\t\t\t\t\t\n\t\t\t\t<div class=\"title-subtitle  subtitle-color-white font-default subtitle-style-default wd-font-weight-500 wd-fontsize-xs\">EINIGE KILOMETER VOM B&amp;B ENTFERNT<\/div>\n\t\t\t\n\t\t\t<div class=\"liner-continer\">\n\t\t\t\t<h1 class=\"woodmart-title-container title  wd-font-weight- wd-fontsize-l\" >DIE GOLFCLUBS DER EUGANEISCHEN H\u00dcGEL<\/h1>\n\t\t\t\t\t\t\t<\/div>\n\t\t\t\n\t\t\t\t\t\t\t<div class=\"title-after_title reset-last-child  wd-fontsize-xs\">4 Golfpl\u00e4tze von unterschiedlichem Kaliber f\u00fcr Golfliebhaber. Nur wenige Kilometer vom B&amp;B entfernt befinden sich weitl\u00e4ufige Gr\u00fcnfl\u00e4chen, die zum Entspannen einladen.<\/div>\n\t\t\t\n\t\t\t\n\t\t<\/div>\n\t\t\n\t\t[\/vc_column][\/vc_row][vc_row][vc_column width=&#8220;1\/2&#8243;][vc_single_image image=&#8220;4460&#8243; img_size=&#8220;large&#8220; onclick=&#8220;link_image&#8220;][\/vc_column][vc_column width=&#8220;1\/2&#8243;][vc_column_text]<\/p>\n<h3>Euganean Hills Golf Club<br \/>\n(2Km vom B&amp;B entfernt)<\/h3>\n<p>Der Colli Euganei Golf Club in Monteortone verf\u00fcgt \u00fcber einen 9-Loch-Platz von \u00fcber 15.000 Quadratmetern. Ideal nicht nur f\u00fcr Profis, sondern auch f\u00fcr Anf\u00e4nger, die sich der Welt des Golfsports n\u00e4hern wollen.<br \/>\nF\u00fcr weitere Informationen \u00fcber den Club: <a href=\"http:\/\/www.golfclubcollieuganei.it\" target=\"_blank\" rel=\"noopener\">www.golfclubcollieuganei.it<\/a>[\/vc_column_text][\/vc_column][\/vc_row][vc_row full_width=&#8220;stretch_row&#8220; responsive_tabs_advanced=&#8220;mobile&#8220; css=&#8220;.vc_custom_1694617848242{background-color: #f7f7f7 !important;}&#8220; woodmart_css_id=&#8220;6501d0d3aa732&#8243; responsive_spacing=&#8220;eyJwYXJhbV90eXBlIjoid29vZG1hcnRfcmVzcG9uc2l2ZV9zcGFjaW5nIiwic2VsZWN0b3JfaWQiOiI2NTAxZDBkM2FhNzMyIiwic2hvcnRjb2RlIjoidmNfcm93IiwiZGF0YSI6eyJ0YWJsZXQiOnt9LCJtb2JpbGUiOnt9fX0=&#8220; mobile_bg_img_hidden=&#8220;no&#8220; tablet_bg_img_hidden=&#8220;no&#8220; woodmart_parallax=&#8220;0&#8243; woodmart_gradient_switch=&#8220;no&#8220; woodmart_box_shadow=&#8220;no&#8220; wd_z_index=&#8220;no&#8220; woodmart_disable_overflow=&#8220;0&#8243; row_reverse_mobile=&#8220;1&#8243; row_reverse_tablet=&#8220;0&#8243;][vc_column width=&#8220;1\/2&#8243;][vc_column_text]<\/p>\n<h3>Montecchia Golfplatz<br \/>\n(6Km vom B&amp;B)<\/h3>\n<p>Eine riesige Gr\u00fcnfl\u00e4che mit 27 L\u00f6chern nur wenige Kilometer vom B&amp;B entfernt. Bleiben Sie auf dem Laufenden \u00fcber Clubveranstaltungen: <a href=\"http:\/\/www.golfmontecchia.it\" target=\"_blank\" rel=\"noopener\">www.golfmontecchia.it<\/a>[\/vc_column_text][\/vc_column][vc_column width=&#8220;1\/2&#8243;][vc_single_image image=&#8220;4464&#8243; img_size=&#8220;large&#8220; onclick=&#8220;link_image&#8220;][\/vc_column][\/vc_row][vc_row][vc_column width=&#8220;1\/2&#8243;][vc_single_image image=&#8220;4505&#8243; img_size=&#8220;large&#8220;][\/vc_column][vc_column width=&#8220;1\/2&#8243;][vc_column_text]<\/p>\n<h3>Golf Galzignano<br \/>\n(6Km vom B&amp;B)<\/h3>\n<p>Der Golfplatz von Galzignano wurde vom Architekten Marco Croze entworfen und 1999 er\u00f6ffnet. Golf Galzignano ist der vierte Platz in der bezaubernden Umgebung der Euganeischen H\u00fcgel, mit 9 L\u00f6chern Par 31, aufgeteilt in 6 Par 3, 2 Par 4 und 1 Par 5, bereichert durch Wasserspiele und Teiche.<br \/>\nF\u00fcr weitere Informationen \u00fcber den Club: <a href=\"http:\/\/www.golfgalzignano.it\" target=\"_blank\" rel=\"noopener\">www.golfgalzignano.it<\/a>[\/vc_column_text][\/vc_column][\/vc_row][vc_row full_width=&#8220;stretch_row&#8220; responsive_tabs_advanced=&#8220;mobile&#8220; css=&#8220;.vc_custom_1694617894409{background-color: #f7f7f7 !important;}&#8220; woodmart_css_id=&#8220;6501d103d1fc0&#8243; responsive_spacing=&#8220;eyJwYXJhbV90eXBlIjoid29vZG1hcnRfcmVzcG9uc2l2ZV9zcGFjaW5nIiwic2VsZWN0b3JfaWQiOiI2NTAxZDEwM2QxZmMwIiwic2hvcnRjb2RlIjoidmNfcm93IiwiZGF0YSI6eyJ0YWJsZXQiOnt9LCJtb2JpbGUiOnt9fX0=&#8220; mobile_bg_img_hidden=&#8220;no&#8220; tablet_bg_img_hidden=&#8220;no&#8220; woodmart_parallax=&#8220;0&#8243; woodmart_gradient_switch=&#8220;no&#8220; woodmart_box_shadow=&#8220;no&#8220; wd_z_index=&#8220;no&#8220; woodmart_disable_overflow=&#8220;0&#8243; row_reverse_mobile=&#8220;1&#8243; row_reverse_tablet=&#8220;0&#8243;][vc_column width=&#8220;1\/2&#8243;][vc_column_text]<\/p>\n<h3>Golf Frassanelle<br \/>\n(12Km vom B&amp;B)<\/h3>\n<p>Der 18-Loch-Platz, der 1990 von Marco Croze in einem wundersch\u00f6nen Park aus dem 19. Jahrhundert mit einer Fl\u00e4che von \u00fcber 200 Hektar angelegt wurde, ist beeindruckend und reich an Fauna und Flora.<br \/>\nF\u00fcr weitere Informationen: <a href=\"http:\/\/www.golffrassanelle.it\" target=\"_blank\" rel=\"noopener\">www.golffrassanelle.it<\/a>[\/vc_column_text][\/vc_column][vc_column width=&#8220;1\/2&#8243;][vc_single_image image=&#8220;4509&#8243; img_size=&#8220;large&#8220;][\/vc_column][\/vc_row][vc_row full_width=&#8220;stretch_row&#8220; css=&#8220;.vc_custom_1694612813193{margin-top: -10px !important;margin-bottom: 0px !important;border-top-width: 10px !important;border-right-width: 10px !important;border-bottom-width: 10px !important;border-left-width: 10px !important;padding-top: 10px !important;padding-bottom: 10px !important;background-color: #000000 !important;border-left-color: #ffffff !important;border-left-style: solid !important;border-right-color: #ffffff !important;border-right-style: solid !important;border-top-color: #ffffff !important;border-top-style: solid !important;border-bottom-color: #ffffff !important;border-bottom-style: solid !important;}&#8220; woodmart_css_id=&#8220;6501bd425229f&#8220; responsive_spacing=&#8220;eyJwYXJhbV90eXBlIjoid29vZG1hcnRfcmVzcG9uc2l2ZV9zcGFjaW5nIiwic2VsZWN0b3JfaWQiOiI2NTAxYmQ0MjUyMjlmIiwic2hvcnRjb2RlIjoidmNfcm93IiwiZGF0YSI6eyJ0YWJsZXQiOnt9LCJtb2JpbGUiOnt9fX0=&#8220; mobile_bg_img_hidden=&#8220;no&#8220; tablet_bg_img_hidden=&#8220;no&#8220; woodmart_parallax=&#8220;0&#8243; woodmart_gradient_switch=&#8220;no&#8220; woodmart_box_shadow=&#8220;no&#8220; wd_z_index=&#8220;no&#8220; woodmart_disable_overflow=&#8220;0&#8243; row_reverse_mobile=&#8220;0&#8243; row_reverse_tablet=&#8220;0&#8243;][vc_column css=&#8220;.vc_custom_1694615636312{padding-top: 15px !important;padding-bottom: 30px !important;}&#8220; woodmart_css_id=&#8220;6501c847e0daf&#8220; parallax_scroll=&#8220;no&#8220; woodmart_sticky_column=&#8220;false&#8220; wd_collapsible_content_switcher=&#8220;no&#8220; wd_column_role_offcanvas_desktop=&#8220;no&#8220; wd_column_role_offcanvas_tablet=&#8220;no&#8220; wd_column_role_offcanvas_mobile=&#8220;no&#8220; wd_column_role_content_desktop=&#8220;no&#8220; wd_column_role_content_tablet=&#8220;no&#8220; wd_column_role_content_mobile=&#8220;no&#8220; mobile_bg_img_hidden=&#8220;no&#8220; tablet_bg_img_hidden=&#8220;no&#8220; woodmart_parallax=&#8220;0&#8243; woodmart_box_shadow=&#8220;no&#8220; responsive_spacing=&#8220;eyJwYXJhbV90eXBlIjoid29vZG1hcnRfcmVzcG9uc2l2ZV9zcGFjaW5nIiwic2VsZWN0b3JfaWQiOiI2NTAxYzg0N2UwZGFmIiwic2hvcnRjb2RlIjoidmNfY29sdW1uIiwiZGF0YSI6eyJ0YWJsZXQiOnt9LCJtb2JpbGUiOnt9fX0=&#8220; mobile_reset_margin=&#8220;no&#8220; tablet_reset_margin=&#8220;no&#8220; wd_z_index=&#8220;no&#8220;]\n\t\t<div id=\"wd-6501a485d275b\" class=\"title-wrapper wd-wpb wd-set-mb reset-last-child  wd-rs-6501a485d275b wd-title-color-default wd-title-style-default text-left  wd-underline-colored\">\n\t\t\t\n\t\t\t<div class=\"liner-continer\">\n\t\t\t\t<h4 class=\"woodmart-title-container title  wd-font-weight- wd-fontsize-xxl\" >ALLE AKTIVIT\u00c4TEN ENTDECKEN<\/h4>\n\t\t\t\t\t\t\t<\/div>\n\t\t\t\n\t\t\t\n\t\t\t\n\t\t<\/div>\n\t\t\n\t\t[vc_row_inner equal_height=&#8220;yes&#8220; content_placement=&#8220;middle&#8220; woodmart_css_id=&#8220;6501cdd7ae2e8&#8243; responsive_spacing=&#8220;eyJwYXJhbV90eXBlIjoid29vZG1hcnRfcmVzcG9uc2l2ZV9zcGFjaW5nIiwic2VsZWN0b3JfaWQiOiI2NTAxY2RkN2FlMmU4Iiwic2hvcnRjb2RlIjoidmNfcm93X2lubmVyIiwiZGF0YSI6eyJ0YWJsZXQiOnt9LCJtb2JpbGUiOnt9fX0=&#8220; mobile_bg_img_hidden=&#8220;no&#8220; tablet_bg_img_hidden=&#8220;no&#8220; woodmart_parallax=&#8220;0&#8243; woodmart_gradient_switch=&#8220;no&#8220; woodmart_box_shadow=&#8220;no&#8220; wd_z_index=&#8220;no&#8220; woodmart_disable_overflow=&#8220;0&#8243; row_reverse_mobile=&#8220;0&#8243; row_reverse_tablet=&#8220;0&#8243;][vc_column_inner width=&#8220;4\/12&#8243;]\t\t<div id=\"wd-6501cd2fb47b2\" class=\"wd-text-block wd-wpb reset-last-child wd-rs-6501cd2fb47b2 text-left wd-font-weight-300 wd-fontsize-custom \">\n\t\t\t<p>Liebhabern von Abenteuer und Entspannung er\u00f6ffnet sich eine Welt voller M\u00f6glichkeiten: Trekking, Mountainbiking, Golf und Tauchen warten vor der Haust\u00fcr.<\/p>\n\t\t<\/div>\n\t\t[\/vc_column_inner][vc_column_inner width=&#8220;2\/12&#8243;]\t\t<div class=\"promo-banner-wrapper  wd-rs-6501ce8ad8b09 vc_custom_1694617243084\">\n\t\t\t<div id=\"wd-6501ce8ad8b09\" class=\"promo-banner  banner- banner-hover-none color-scheme-light banner-btn-size-default banner-btn-style-default  wd-with-link wd-underline-colored\">\n\t\t\t\t<div class=\"main-wrapp-img\">\n\t\t\t\t\t<div class=\"banner-image wd-bg-position-center\" >\n\t\t\t\t\t\t<img loading=\"lazy\" decoding=\"async\" width=\"340\" height=\"200\" src=\"https:\/\/labusadelloro.com\/wp-content\/uploads\/2018\/01\/trekking-colli-00-340x200.jpg\" class=\"attachment-340x200 size-340x200\" alt=\"Trekking e arrampicata colli euganei\" \/>\t\t\t\t\t<\/div>\n\t\t\t\t<\/div>\n\n\t\t\t\t<div class=\"wrapper-content-banner wd-fill  wd-items-middle wd-justify-center\">\n\t\t\t\t\t<div class=\"content-banner  text-center\">\n\t\t\t\t\t\t<h4 class=\"banner-title wd-font-weight- wd-fontsize-s\">TREKKING UND KLETTERN<\/h4>\t\t\t\t\t\t\n\t\t\t\t\t\t\n\t\t\t\t\t\t\t\t\t\t\t<\/div>\n\t\t\t\t<\/div>\n\n\t\t\t\t\t\t\t\t\t<a class=\"wd-promo-banner-link wd-fill\" aria-label=\"Banner link\" href=\"https:\/\/labusadelloro.com\/de\/aktivitaet\/laufstrecken-und-wanderpfade\/\" title=\"Wege und Pfade\"><\/a>\n\t\t\t\t\n\t\t\t\t\t\t\t<\/div>\n\t\t<\/div>\n\n\t\t[\/vc_column_inner][vc_column_inner width=&#8220;2\/12&#8243;]\t\t<div class=\"promo-banner-wrapper  wd-rs-6501ce9e69609 vc_custom_1694617258349\">\n\t\t\t<div id=\"wd-6501ce9e69609\" class=\"promo-banner  banner-mask banner-hover-none color-scheme-light banner-btn-size-default banner-btn-style-default  wd-with-link wd-underline-colored\">\n\t\t\t\t<div class=\"main-wrapp-img\">\n\t\t\t\t\t<div class=\"banner-image wd-bg-position-center\" >\n\t\t\t\t\t\t<img loading=\"lazy\" decoding=\"async\" width=\"340\" height=\"200\" src=\"https:\/\/labusadelloro.com\/wp-content\/uploads\/2018\/02\/mtb_traversatacolli85km-340x200.jpg\" class=\"attachment-340x200 size-340x200\" alt=\"mtb_traversatacolli85km\" \/>\t\t\t\t\t<\/div>\n\t\t\t\t<\/div>\n\n\t\t\t\t<div class=\"wrapper-content-banner wd-fill  wd-items-middle wd-justify-left\">\n\t\t\t\t\t<div class=\"content-banner  text-center\">\n\t\t\t\t\t\t<h4 class=\"banner-title wd-font-weight- wd-fontsize-s\">MTB UND FAHRRAD<\/h4>\t\t\t\t\t\t\n\t\t\t\t\t\t\n\t\t\t\t\t\t\t\t\t\t\t<\/div>\n\t\t\t\t<\/div>\n\n\t\t\t\t\t\t\t\t\t<a class=\"wd-promo-banner-link wd-fill\" aria-label=\"Banner link\" href=\"https:\/\/labusadelloro.com\/de\/aktivitaet\/das-fahrrad\/\" title=\"\"><\/a>\n\t\t\t\t\n\t\t\t\t\t\t\t<\/div>\n\t\t<\/div>\n\n\t\t[\/vc_column_inner][vc_column_inner width=&#8220;2\/12&#8243;]\t\t<div class=\"promo-banner-wrapper  wd-rs-6501ceb05d95d vc_custom_1694617285095\">\n\t\t\t<div id=\"wd-6501ceb05d95d\" class=\"promo-banner  banner- banner-hover-none color-scheme-light banner-btn-size-default banner-btn-style-default  wd-with-link wd-underline-colored\">\n\t\t\t\t<div class=\"main-wrapp-img\">\n\t\t\t\t\t<div class=\"banner-image wd-bg-position-center\" >\n\t\t\t\t\t\t<img loading=\"lazy\" decoding=\"async\" width=\"340\" height=\"200\" src=\"https:\/\/labusadelloro.com\/wp-content\/uploads\/2018\/01\/golf-coli-euganei-00-340x200.jpg\" class=\"attachment-340x200 size-340x200\" alt=\"Golf colli euganei\" \/>\t\t\t\t\t<\/div>\n\t\t\t\t<\/div>\n\n\t\t\t\t<div class=\"wrapper-content-banner wd-fill  wd-items-middle wd-justify-left\">\n\t\t\t\t\t<div class=\"content-banner  text-center\">\n\t\t\t\t\t\t<h4 class=\"banner-title wd-font-weight- wd-fontsize-s\">GOLF<\/h4>\t\t\t\t\t\t\n\t\t\t\t\t\t\n\t\t\t\t\t\t\t\t\t\t\t<\/div>\n\t\t\t\t<\/div>\n\n\t\t\t\t\t\t\t\t\t<a class=\"wd-promo-banner-link wd-fill\" aria-label=\"Banner link\" href=\"https:\/\/labusadelloro.com\/de\/aktivitaet\/der-golfclub-in-den-euganeischen-huegel\/\" title=\"Die Euganean Hills Golf Clubs\"><\/a>\n\t\t\t\t\n\t\t\t\t\t\t\t<\/div>\n\t\t<\/div>\n\n\t\t[\/vc_column_inner][vc_column_inner width=&#8220;2\/12&#8243;]\t\t<div class=\"promo-banner-wrapper  wd-rs-6501cec8cccfb vc_custom_1694617301101\">\n\t\t\t<div id=\"wd-6501cec8cccfb\" class=\"promo-banner  banner-mask banner-hover-none color-scheme-light banner-btn-size-default banner-btn-style-default  wd-with-link wd-underline-colored\">\n\t\t\t\t<div class=\"main-wrapp-img\">\n\t\t\t\t\t<div class=\"banner-image wd-bg-position-center\" >\n\t\t\t\t\t\t<img loading=\"lazy\" decoding=\"async\" width=\"340\" height=\"200\" src=\"https:\/\/labusadelloro.com\/wp-content\/uploads\/2018\/01\/divin-y40-colli-euganei-00-340x200.jpg\" class=\"attachment-340x200 size-340x200\" alt=\"\" \/>\t\t\t\t\t<\/div>\n\t\t\t\t<\/div>\n\n\t\t\t\t<div class=\"wrapper-content-banner wd-fill  wd-items-middle wd-justify-left\">\n\t\t\t\t\t<div class=\"content-banner  text-center\">\n\t\t\t\t\t\t<h4 class=\"banner-title wd-font-weight- wd-fontsize-s\">TAUCHEN Y-40<\/h4>\t\t\t\t\t\t\n\t\t\t\t\t\t\n\t\t\t\t\t\t\t\t\t\t\t<\/div>\n\t\t\t\t<\/div>\n\n\t\t\t\t\t\t\t\t\t<a class=\"wd-promo-banner-link wd-fill\" aria-label=\"Banner link\" href=\"https:\/\/labusadelloro.com\/de\/aktivitaet\/diving-y-40\/\" title=\"\"><\/a>\n\t\t\t\t\n\t\t\t\t\t\t\t<\/div>\n\t\t<\/div>\n\n\t\t[\/vc_column_inner][\/vc_row_inner][\/vc_column][\/vc_row]<\/p>\n<\/div>","protected":false},"excerpt":{"rendered":"<p>[vc_row full_width=&#8220;stretch_row&#8220; equal_height=&#8220;yes&#8220; woodmart_bg_position=&#8220;center-bottom&#8220; css=&#8220;.vc_custom_1694617798084{margin-top: -40px !important;margin-right: 0px !important;margin-left: 0px !important;border-right-width: 10px !important;border-left-width: 10px !important;padding-top: 20px !important;padding-bottom: 20px !important;background-image: url(https:\/\/labusadelloro.com\/wp-content\/uploads\/2018\/02\/golf-club-frassanelle.jpg?id=4472)<\/p>\n","protected":false},"author":7,"featured_media":0,"parent":4719,"menu_order":0,"comment_status":"closed","ping_status":"closed","template":"","meta":{"_monsterinsights_skip_tracking":false,"_monsterinsights_sitenote_active":false,"_monsterinsights_sitenote_note":"","_monsterinsights_sitenote_category":0,"footnotes":""},"class_list":["post-4831","page","type-page","status-publish","hentry"],"yoast_head":"<!-- This site is optimized with the Yoast SEO plugin v27.5 - https:\/\/yoast.com\/product\/yoast-seo-wordpress\/ -->\n<title>Die Euganean Hills Golf Clubs - Fattoria Busa dell&#039;Oro<\/title>\n<meta name=\"robots\" content=\"index, follow, max-snippet:-1, max-image-preview:large, max-video-preview:-1\" \/>\n<link rel=\"canonical\" href=\"https:\/\/labusadelloro.com\/de\/aktivitaet\/der-golfclub-in-den-euganeischen-huegel\/\" \/>\n<meta name=\"twitter:card\" content=\"summary_large_image\" \/>\n<meta name=\"twitter:title\" content=\"Die Euganean Hills Golf Clubs - Fattoria Busa dell&#039;Oro\" \/>\n<meta name=\"twitter:description\" content=\"[vc_row full_width=&#8220;stretch_row&#8220; equal_height=&#8220;yes&#8220; woodmart_bg_position=&#8220;center-bottom&#8220; css=&#8220;.vc_custom_1694617798084{margin-top: -40px !important;margin-right: 0px !important;margin-left: 0px !important;border-right-width: 10px !important;border-left-width: 10px !important;padding-top: 20px !important;padding-bottom: 20px !important;background-image: url(https:\/\/labusadelloro.com\/wp-content\/uploads\/2018\/02\/golf-club-frassanelle.jpg?id=4472)\" \/>\n<meta name=\"twitter:label1\" content=\"Gesch\u00e4tzte Lesezeit\" \/>\n\t<meta name=\"twitter:data1\" content=\"4\u00a0Minuten\" \/>\n<script type=\"application\/ld+json\" class=\"yoast-schema-graph\">{\"@context\":\"https:\\\/\\\/schema.org\",\"@graph\":[{\"@type\":\"WebPage\",\"@id\":\"https:\\\/\\\/labusadelloro.com\\\/de\\\/aktivitaet\\\/der-golfclub-in-den-euganeischen-huegel\\\/\",\"url\":\"https:\\\/\\\/labusadelloro.com\\\/de\\\/aktivitaet\\\/der-golfclub-in-den-euganeischen-huegel\\\/\",\"name\":\"Die Euganean Hills Golf Clubs - Fattoria Busa dell&#039;Oro\",\"isPartOf\":{\"@id\":\"https:\\\/\\\/labusadelloro.com\\\/it\\\/#website\"},\"datePublished\":\"2018-04-16T13:06:28+00:00\",\"dateModified\":\"2025-06-19T15:06:10+00:00\",\"breadcrumb\":{\"@id\":\"https:\\\/\\\/labusadelloro.com\\\/de\\\/aktivitaet\\\/der-golfclub-in-den-euganeischen-huegel\\\/#breadcrumb\"},\"inLanguage\":\"de\",\"potentialAction\":[{\"@type\":\"ReadAction\",\"target\":[\"https:\\\/\\\/labusadelloro.com\\\/de\\\/aktivitaet\\\/der-golfclub-in-den-euganeischen-huegel\\\/\"]}]},{\"@type\":\"BreadcrumbList\",\"@id\":\"https:\\\/\\\/labusadelloro.com\\\/de\\\/aktivitaet\\\/der-golfclub-in-den-euganeischen-huegel\\\/#breadcrumb\",\"itemListElement\":[{\"@type\":\"ListItem\",\"position\":1,\"name\":\"Home\",\"item\":\"https:\\\/\\\/labusadelloro.com\\\/de\\\/\"},{\"@type\":\"ListItem\",\"position\":2,\"name\":\"Aktivit\u00e4ten\",\"item\":\"https:\\\/\\\/labusadelloro.com\\\/de\\\/aktivitaet\\\/\"},{\"@type\":\"ListItem\",\"position\":3,\"name\":\"Die Euganean Hills Golf Clubs\"}]},{\"@type\":\"WebSite\",\"@id\":\"https:\\\/\\\/labusadelloro.com\\\/it\\\/#website\",\"url\":\"https:\\\/\\\/labusadelloro.com\\\/it\\\/\",\"name\":\"Fattoria Busa dell&#039;Oro\",\"description\":\"Bed and Breakfast Colli Euganei\",\"potentialAction\":[{\"@type\":\"SearchAction\",\"target\":{\"@type\":\"EntryPoint\",\"urlTemplate\":\"https:\\\/\\\/labusadelloro.com\\\/it\\\/?s={search_term_string}\"},\"query-input\":{\"@type\":\"PropertyValueSpecification\",\"valueRequired\":true,\"valueName\":\"search_term_string\"}}],\"inLanguage\":\"de\"}]}<\/script>\n<!-- \/ Yoast SEO plugin. -->","yoast_head_json":{"title":"Die Euganean Hills Golf Clubs - Fattoria Busa dell&#039;Oro","robots":{"index":"index","follow":"follow","max-snippet":"max-snippet:-1","max-image-preview":"max-image-preview:large","max-video-preview":"max-video-preview:-1"},"canonical":"https:\/\/labusadelloro.com\/de\/aktivitaet\/der-golfclub-in-den-euganeischen-huegel\/","twitter_card":"summary_large_image","twitter_title":"Die Euganean Hills Golf Clubs - Fattoria Busa dell&#039;Oro","twitter_description":"[vc_row full_width=&#8220;stretch_row&#8220; equal_height=&#8220;yes&#8220; woodmart_bg_position=&#8220;center-bottom&#8220; css=&#8220;.vc_custom_1694617798084{margin-top: -40px !important;margin-right: 0px !important;margin-left: 0px !important;border-right-width: 10px !important;border-left-width: 10px !important;padding-top: 20px !important;padding-bottom: 20px !important;background-image: url(https:\/\/labusadelloro.com\/wp-content\/uploads\/2018\/02\/golf-club-frassanelle.jpg?id=4472)","twitter_misc":{"Gesch\u00e4tzte Lesezeit":"4\u00a0Minuten"},"schema":{"@context":"https:\/\/schema.org","@graph":[{"@type":"WebPage","@id":"https:\/\/labusadelloro.com\/de\/aktivitaet\/der-golfclub-in-den-euganeischen-huegel\/","url":"https:\/\/labusadelloro.com\/de\/aktivitaet\/der-golfclub-in-den-euganeischen-huegel\/","name":"Die Euganean Hills Golf Clubs - Fattoria Busa dell&#039;Oro","isPartOf":{"@id":"https:\/\/labusadelloro.com\/it\/#website"},"datePublished":"2018-04-16T13:06:28+00:00","dateModified":"2025-06-19T15:06:10+00:00","breadcrumb":{"@id":"https:\/\/labusadelloro.com\/de\/aktivitaet\/der-golfclub-in-den-euganeischen-huegel\/#breadcrumb"},"inLanguage":"de","potentialAction":[{"@type":"ReadAction","target":["https:\/\/labusadelloro.com\/de\/aktivitaet\/der-golfclub-in-den-euganeischen-huegel\/"]}]},{"@type":"BreadcrumbList","@id":"https:\/\/labusadelloro.com\/de\/aktivitaet\/der-golfclub-in-den-euganeischen-huegel\/#breadcrumb","itemListElement":[{"@type":"ListItem","position":1,"name":"Home","item":"https:\/\/labusadelloro.com\/de\/"},{"@type":"ListItem","position":2,"name":"Aktivit\u00e4ten","item":"https:\/\/labusadelloro.com\/de\/aktivitaet\/"},{"@type":"ListItem","position":3,"name":"Die Euganean Hills Golf Clubs"}]},{"@type":"WebSite","@id":"https:\/\/labusadelloro.com\/it\/#website","url":"https:\/\/labusadelloro.com\/it\/","name":"Fattoria Busa dell&#039;Oro","description":"Bed and Breakfast Colli Euganei","potentialAction":[{"@type":"SearchAction","target":{"@type":"EntryPoint","urlTemplate":"https:\/\/labusadelloro.com\/it\/?s={search_term_string}"},"query-input":{"@type":"PropertyValueSpecification","valueRequired":true,"valueName":"search_term_string"}}],"inLanguage":"de"}]}},"_links":{"self":[{"href":"https:\/\/labusadelloro.com\/de\/wp-json\/wp\/v2\/pages\/4831","targetHints":{"allow":["GET"]}}],"collection":[{"href":"https:\/\/labusadelloro.com\/de\/wp-json\/wp\/v2\/pages"}],"about":[{"href":"https:\/\/labusadelloro.com\/de\/wp-json\/wp\/v2\/types\/page"}],"author":[{"embeddable":true,"href":"https:\/\/labusadelloro.com\/de\/wp-json\/wp\/v2\/users\/7"}],"replies":[{"embeddable":true,"href":"https:\/\/labusadelloro.com\/de\/wp-json\/wp\/v2\/comments?post=4831"}],"version-history":[{"count":1,"href":"https:\/\/labusadelloro.com\/de\/wp-json\/wp\/v2\/pages\/4831\/revisions"}],"predecessor-version":[{"id":10776,"href":"https:\/\/labusadelloro.com\/de\/wp-json\/wp\/v2\/pages\/4831\/revisions\/10776"}],"up":[{"embeddable":true,"href":"https:\/\/labusadelloro.com\/de\/wp-json\/wp\/v2\/pages\/4719"}],"wp:attachment":[{"href":"https:\/\/labusadelloro.com\/de\/wp-json\/wp\/v2\/media?parent=4831"}],"curies":[{"name":"wp","href":"https:\/\/api.w.org\/{rel}","templated":true}]}}