{"id":4844,"date":"2018-04-16T15:12:24","date_gmt":"2018-04-16T13:12:24","guid":{"rendered":"https:\/\/labusadelloro.com\/?page_id=4844"},"modified":"2025-06-19T17:14:20","modified_gmt":"2025-06-19T15:14:20","slug":"thermalbaeder-und-wellness","status":"publish","type":"page","link":"https:\/\/labusadelloro.com\/de\/aktivitaet\/thermalbaeder-und-wellness\/","title":{"rendered":"Spa und Wellness"},"content":{"rendered":"<div class=\"wpb-content-wrapper\"><p>[vc_row full_width=&#8220;stretch_row&#8220; equal_height=&#8220;yes&#8220; woodmart_bg_position=&#8220;center-bottom&#8220; css=&#8220;.vc_custom_1692773435692{margin-top: -40px !important;margin-right: 0px !important;margin-left: 0px !important;border-right-width: 10px !important;border-left-width: 10px !important;padding-top: 20px !important;padding-bottom: 20px !important;background-image: url(https:\/\/labusadelloro.com\/wp-content\/uploads\/2018\/05\/coccoleperdue.jpg?id=5054) !important;background-position: center !important;background-repeat: no-repeat !important;background-size: cover !important;border-left-color: #ffffff !important;border-left-style: solid !important;border-right-color: #ffffff !important;border-right-style: solid !important;}&#8220; woodmart_css_id=&#8220;64e5ac3253127&#8243; responsive_spacing=&#8220;eyJwYXJhbV90eXBlIjoid29vZG1hcnRfcmVzcG9uc2l2ZV9zcGFjaW5nIiwic2VsZWN0b3JfaWQiOiI2NGU1YWMzMjUzMTI3Iiwic2hvcnRjb2RlIjoidmNfcm93IiwiZGF0YSI6eyJ0YWJsZXQiOnt9LCJtb2JpbGUiOnt9fX0=&#8220; mobile_bg_img_hidden=&#8220;no&#8220; tablet_bg_img_hidden=&#8220;no&#8220; woodmart_parallax=&#8220;0&#8243; woodmart_gradient_switch=&#8220;yes&#8220; woodmart_box_shadow=&#8220;no&#8220; wd_z_index=&#8220;no&#8220; woodmart_disable_overflow=&#8220;0&#8243; row_reverse_mobile=&#8220;0&#8243; row_reverse_tablet=&#8220;0&#8243; woodmart_color_gradient=&#8220;rgba(0, 0, 0, 0.5)-0\/rgba(0, 0, 0, 0.5)-100\/|linear-gradient(top , rgba(0, 0, 0, 0.5) , rgba(0, 0, 0, 0.5) 100%)|linear|top&#8220;][vc_column css=&#8220;.vc_custom_1692284849437{margin-right: 0px !important;margin-left: 0px !important;}&#8220; woodmart_css_id=&#8220;64de3793d648a&#8220; parallax_scroll=&#8220;no&#8220; woodmart_sticky_column=&#8220;false&#8220; wd_collapsible_content_switcher=&#8220;no&#8220; wd_column_role_offcanvas_desktop=&#8220;no&#8220; wd_column_role_offcanvas_tablet=&#8220;no&#8220; wd_column_role_offcanvas_mobile=&#8220;no&#8220; wd_column_role_content_desktop=&#8220;no&#8220; wd_column_role_content_tablet=&#8220;no&#8220; wd_column_role_content_mobile=&#8220;no&#8220; mobile_bg_img_hidden=&#8220;no&#8220; tablet_bg_img_hidden=&#8220;no&#8220; woodmart_parallax=&#8220;0&#8243; woodmart_box_shadow=&#8220;no&#8220; responsive_spacing=&#8220;eyJwYXJhbV90eXBlIjoid29vZG1hcnRfcmVzcG9uc2l2ZV9zcGFjaW5nIiwic2VsZWN0b3JfaWQiOiI2NGRlMzc5M2Q2NDhhIiwic2hvcnRjb2RlIjoidmNfY29sdW1uIiwiZGF0YSI6eyJ0YWJsZXQiOnt9LCJtb2JpbGUiOnt9fX0=&#8220; mobile_reset_margin=&#8220;no&#8220; tablet_reset_margin=&#8220;no&#8220; wd_z_index=&#8220;no&#8220;]\n\t\t<div id=\"wd-64e5aacbec266\" class=\"title-wrapper wd-wpb wd-set-mb reset-last-child  wd-rs-64e5aacbec266 wd-title-color-white wd-title-style-default text-center vc_custom_1692773189239 wd-width-enabled wd-underline-colored\" style=\"--wd-max-width: 80%;\">\n\t\t\t\t\t\t\t\n\t\t\t\t<div class=\"title-subtitle  subtitle-color-white font-default subtitle-style-default wd-font-weight-500 wd-fontsize-xs\">PFLEGE UND ENTSPANNUNG<\/div>\n\t\t\t\n\t\t\t<div class=\"liner-continer\">\n\t\t\t\t<h1 class=\"woodmart-title-container title  wd-font-weight- wd-fontsize-l\" >SPA UND WELLNESS<\/h1>\n\t\t\t\t\t\t\t<\/div>\n\t\t\t\n\t\t\t\t\t\t\t<div class=\"title-after_title reset-last-child  wd-fontsize-xs\">Packen Sie sich ein und lassen Sie sich von der W\u00e4rme des Thermalwassers von Abano-Montegrotto Terme verw\u00f6hnen. Die perfekte Kombination aus Sport&amp;Relax und Kultur&amp;Relax.<\/div>\n\t\t\t\n\t\t\t\n\t\t<\/div>\n\t\t\n\t\t[\/vc_column][\/vc_row][vc_row][vc_column][vc_row_inner][vc_column_inner width=&#8220;1\/2&#8243;][vc_single_image image=&#8220;4483&#8243; img_size=&#8220;full&#8220; alignment=&#8220;center&#8220; onclick=&#8220;link_image&#8220; parallax_scroll=&#8220;no&#8220; woodmart_inline=&#8220;no&#8220;][\/vc_column_inner][vc_column_inner width=&#8220;1\/2&#8243;]\t\t<div id=\"wd-64e5ad5f57c94\" class=\"wd-text-block wd-wpb reset-last-child wd-rs-64e5ad5f57c94 text-left \">\n\t\t\t<h2>Entspannung im Hotel Continental Terme<\/h2>\n\t\t<\/div>\n\t\t[vc_column_text woodmart_inline=&#8220;no&#8220; text_larger=&#8220;no&#8220;]Am Fu\u00dfe der Euganeischen H\u00fcgel liegen die beiden herausragenden Kurorte der Region: <strong>Abano Terme und Montegrotto Terme<\/strong> mit mehr als 100 Thermen.<\/p>\n<p>F\u00fcr alle, die sich psychophysisch wohlf\u00fchlen wollen, bietet das B&amp;B La Fattoria Busa dell&#8217;Oro die M\u00f6glichkeit, das Potenzial des Thermalwassers im<strong> Hotel Continental Terme in Montegrotto Terme<\/strong> zu nutzen.<\/p>\n<p>Unsere G\u00e4ste haben zu einem Sonderpreis Zugang zu den f\u00fcnf Thermalbecken, zwei Innen- und drei Au\u00dfenbecken (die mit dem Innenbecken verbunden sind), sowie zu den beiden Wellness&amp;Spa-Bereichen f\u00fcr ein umfassendes Wohlbefinden.[\/vc_column_text][\/vc_column_inner][\/vc_row_inner][\/vc_column][\/vc_row][vc_row full_width=&#8220;stretch_row&#8220; equal_height=&#8220;yes&#8220; responsive_tabs_advanced=&#8220;mobile&#8220; css=&#8220;.vc_custom_1694694377225{background-color: #f7f7f7 !important;}&#8220; woodmart_css_id=&#8220;6502fbdd3de79&#8243; responsive_spacing=&#8220;eyJwYXJhbV90eXBlIjoid29vZG1hcnRfcmVzcG9uc2l2ZV9zcGFjaW5nIiwic2VsZWN0b3JfaWQiOiI2NTAyZmJkZDNkZTc5Iiwic2hvcnRjb2RlIjoidmNfcm93IiwiZGF0YSI6eyJ0YWJsZXQiOnt9LCJtb2JpbGUiOnt9fX0=&#8220; mobile_bg_img_hidden=&#8220;no&#8220; tablet_bg_img_hidden=&#8220;no&#8220; woodmart_parallax=&#8220;0&#8243; woodmart_gradient_switch=&#8220;no&#8220; woodmart_box_shadow=&#8220;no&#8220; wd_z_index=&#8220;no&#8220; woodmart_disable_overflow=&#8220;0&#8243; row_reverse_mobile=&#8220;1&#8243; row_reverse_tablet=&#8220;0&#8243;][vc_column width=&#8220;1\/2&#8243;][vc_column_text]<\/p>\n<h3>Das Thermal-Tauchbecken<\/h3>\n<p>In Montegrotto Terme, einem ausgezeichneten Kurort, entsteht das erste und einzige Thermalschwimmbad der Welt, das tiefste der Welt, f\u00fcr Taucher: Y-40 The Deep Joy.<br \/>\n&#8211; 365 Tage im Jahr ge\u00f6ffnet;<br \/>\n&#8211; Rekordtiefe 42,15 m (mehr als ein 13-st\u00f6ckiges Geb\u00e4ude);<br \/>\n&#8211; Temperatur des Thermalwassers: 32-34\u00b0C;<br \/>\n&#8211; Poolvolumen mit Thermalwasser: 4.300m\u00b3;<br \/>\n&#8211; Der weltweit einzige unterirdische, transparente H\u00e4ngetunnel (L\u00e4nge 13 m);<br \/>\n&#8211; Fl\u00e4che des Pools: 21m x 18m;<br \/>\n&#8211; Plattformen in verschiedenen Tiefen: -1,3m,-5m,-6m,-8m,-10m,-12m,-15, -42,15m;<br \/>\n&#8211; Unterwasserh\u00f6hlen f\u00fcr H\u00f6hlenkurse von Anf\u00e4ngern bis hin zur professionellen Ausbildung.<\/p>\n<p>Eine Erfahrung nicht nur f\u00fcr Profis, sondern auch f\u00fcr Anf\u00e4nger, mit Kursen, Workshops und Veranstaltungen.<\/p>\n<p>F\u00fcr weitere Informationen: <a href=\"http:\/\/www.y-40.com\" target=\"_blank\" rel=\"noopener\">www.y-40.com<\/a>[\/vc_column_text][\/vc_column][vc_column width=&#8220;1\/2&#8243;][vc_single_image image=&#8220;4684&#8243; img_size=&#8220;large&#8220;][\/vc_column][\/vc_row][vc_row full_width=&#8220;stretch_row&#8220; css=&#8220;.vc_custom_1694694406654{margin-bottom: 10px !important;border-right-width: 10px !important;border-bottom-width: 10px !important;border-left-width: 10px !important;padding-bottom: 10px !important;border-left-color: #ffffff !important;border-left-style: solid !important;border-right-color: #ffffff !important;border-right-style: solid !important;border-bottom-color: #ffffff !important;border-bottom-style: solid !important;}&#8220; woodmart_css_id=&#8220;6502fbff0cb2c&#8220; responsive_spacing=&#8220;eyJwYXJhbV90eXBlIjoid29vZG1hcnRfcmVzcG9uc2l2ZV9zcGFjaW5nIiwic2VsZWN0b3JfaWQiOiI2NTAyZmJmZjBjYjJjIiwic2hvcnRjb2RlIjoidmNfcm93IiwiZGF0YSI6eyJ0YWJsZXQiOnt9LCJtb2JpbGUiOnt9fX0=&#8220; mobile_bg_img_hidden=&#8220;no&#8220; tablet_bg_img_hidden=&#8220;no&#8220; woodmart_parallax=&#8220;0&#8243; woodmart_gradient_switch=&#8220;no&#8220; woodmart_box_shadow=&#8220;no&#8220; wd_z_index=&#8220;no&#8220; woodmart_disable_overflow=&#8220;0&#8243; row_reverse_mobile=&#8220;0&#8243; row_reverse_tablet=&#8220;0&#8243;][vc_column][vc_row_inner responsive_tabs_advanced=&#8220;mobile&#8220; woodmart_css_id=&#8220;64e5b0cc265ee&#8220; responsive_spacing=&#8220;eyJwYXJhbV90eXBlIjoid29vZG1hcnRfcmVzcG9uc2l2ZV9zcGFjaW5nIiwic2VsZWN0b3JfaWQiOiI2NGU1YjBjYzI2NWVlIiwic2hvcnRjb2RlIjoidmNfcm93X2lubmVyIiwiZGF0YSI6eyJ0YWJsZXQiOnt9LCJtb2JpbGUiOnt9fX0=&#8220; mobile_bg_img_hidden=&#8220;no&#8220; tablet_bg_img_hidden=&#8220;no&#8220; woodmart_parallax=&#8220;0&#8243; woodmart_gradient_switch=&#8220;no&#8220; woodmart_box_shadow=&#8220;no&#8220; wd_z_index=&#8220;no&#8220; woodmart_disable_overflow=&#8220;0&#8243; row_reverse_mobile=&#8220;1&#8243; row_reverse_tablet=&#8220;0&#8243;][vc_column_inner width=&#8220;1\/2&#8243;][vc_single_image image=&#8220;4678&#8243; img_size=&#8220;full&#8220; alignment=&#8220;center&#8220; onclick=&#8220;link_image&#8220; parallax_scroll=&#8220;no&#8220; woodmart_inline=&#8220;no&#8220;]<div id=\"wd-64e5b023e24ed\" class=\" wd-rs-64e5b023e24ed  wd-button-wrapper text-left\"><a href=\"https:\/\/labusadelloro.com\/wp-content\/uploads\/2018\/04\/Arte-Terme-Card.pdf\" title=\"\" class=\"btn btn-color-alt btn-style-default btn-shape-rectangle btn-size-large btn-icon-pos-right\">DOWNLOAD PDF<span class=\"wd-btn-icon\"><span class=\"wd-icon fas fa-download\"><\/span><\/span><\/a><\/div>[\/vc_column_inner][vc_column_inner width=&#8220;1\/2&#8243;]\t\t<div id=\"wd-64e5adce4c3a5\" class=\"wd-text-block wd-wpb reset-last-child wd-rs-64e5adce4c3a5 text-left \">\n\t\t\t<h2>Arte Terme Karte<\/h2>\n\t\t<\/div>\n\t\t[vc_column_text woodmart_inline=&#8220;no&#8220; text_larger=&#8220;no&#8220;]Arte Terme Card ist die Karte f\u00fcr alle, die die Euganeischen H\u00fcgel erleben und entdecken m\u00f6chten. Die Jahreskarte, die in Kunst, Natur und Gesundheit umbenannt wurde, bietet Erm\u00e4\u00dfigungen f\u00fcr Kultur- und Freizeitaktivit\u00e4ten.<\/p>\n<p>G\u00e4ste des B&amp;B und alle, die die Sch\u00f6nheit der Euganeischen H\u00fcgel besuchen m\u00f6chten, k\u00f6nnen die Arte Terme Card zum Preis von 5,00 \u20ac in der Touristeninformation in Abano Terme erwerben.[\/vc_column_text][\/vc_column_inner][\/vc_row_inner][\/vc_column][\/vc_row]<\/p>\n<\/div>","protected":false},"excerpt":{"rendered":"<p>[vc_row full_width=&#8220;stretch_row&#8220; equal_height=&#8220;yes&#8220; woodmart_bg_position=&#8220;center-bottom&#8220; css=&#8220;.vc_custom_1692773435692{margin-top: -40px !important;margin-right: 0px !important;margin-left: 0px !important;border-right-width: 10px !important;border-left-width: 10px !important;padding-top: 20px !important;padding-bottom: 20px !important;background-image: url(https:\/\/labusadelloro.com\/wp-content\/uploads\/2018\/05\/coccoleperdue.jpg?id=5054)<\/p>\n","protected":false},"author":7,"featured_media":0,"parent":4719,"menu_order":0,"comment_status":"closed","ping_status":"closed","template":"","meta":{"_monsterinsights_skip_tracking":false,"_monsterinsights_sitenote_active":false,"_monsterinsights_sitenote_note":"","_monsterinsights_sitenote_category":0,"footnotes":""},"class_list":["post-4844","page","type-page","status-publish","hentry"],"yoast_head":"<!-- This site is optimized with the Yoast SEO plugin v27.6 - https:\/\/yoast.com\/product\/yoast-seo-wordpress\/ -->\n<title>Spa und Wellness - Fattoria Busa dell&#039;Oro<\/title>\n<meta name=\"robots\" content=\"index, follow, max-snippet:-1, max-image-preview:large, max-video-preview:-1\" \/>\n<link rel=\"canonical\" href=\"https:\/\/labusadelloro.com\/de\/aktivitaet\/thermalbaeder-und-wellness\/\" \/>\n<meta name=\"twitter:card\" content=\"summary_large_image\" \/>\n<meta name=\"twitter:title\" content=\"Spa und Wellness - Fattoria Busa dell&#039;Oro\" \/>\n<meta name=\"twitter:description\" content=\"[vc_row full_width=&#8220;stretch_row&#8220; equal_height=&#8220;yes&#8220; woodmart_bg_position=&#8220;center-bottom&#8220; css=&#8220;.vc_custom_1692773435692{margin-top: -40px !important;margin-right: 0px !important;margin-left: 0px !important;border-right-width: 10px !important;border-left-width: 10px !important;padding-top: 20px !important;padding-bottom: 20px !important;background-image: url(https:\/\/labusadelloro.com\/wp-content\/uploads\/2018\/05\/coccoleperdue.jpg?id=5054)\" \/>\n<meta name=\"twitter:label1\" content=\"Gesch\u00e4tzte Lesezeit\" \/>\n\t<meta name=\"twitter:data1\" content=\"3\u00a0Minuten\" \/>\n<script type=\"application\/ld+json\" class=\"yoast-schema-graph\">{\"@context\":\"https:\\\/\\\/schema.org\",\"@graph\":[{\"@type\":\"WebPage\",\"@id\":\"https:\\\/\\\/labusadelloro.com\\\/de\\\/aktivitaet\\\/thermalbaeder-und-wellness\\\/\",\"url\":\"https:\\\/\\\/labusadelloro.com\\\/de\\\/aktivitaet\\\/thermalbaeder-und-wellness\\\/\",\"name\":\"Spa und Wellness - Fattoria Busa dell&#039;Oro\",\"isPartOf\":{\"@id\":\"https:\\\/\\\/labusadelloro.com\\\/it\\\/#website\"},\"datePublished\":\"2018-04-16T13:12:24+00:00\",\"dateModified\":\"2025-06-19T15:14:20+00:00\",\"breadcrumb\":{\"@id\":\"https:\\\/\\\/labusadelloro.com\\\/de\\\/aktivitaet\\\/thermalbaeder-und-wellness\\\/#breadcrumb\"},\"inLanguage\":\"de\",\"potentialAction\":[{\"@type\":\"ReadAction\",\"target\":[\"https:\\\/\\\/labusadelloro.com\\\/de\\\/aktivitaet\\\/thermalbaeder-und-wellness\\\/\"]}]},{\"@type\":\"BreadcrumbList\",\"@id\":\"https:\\\/\\\/labusadelloro.com\\\/de\\\/aktivitaet\\\/thermalbaeder-und-wellness\\\/#breadcrumb\",\"itemListElement\":[{\"@type\":\"ListItem\",\"position\":1,\"name\":\"Home\",\"item\":\"https:\\\/\\\/labusadelloro.com\\\/de\\\/\"},{\"@type\":\"ListItem\",\"position\":2,\"name\":\"Aktivit\u00e4ten\",\"item\":\"https:\\\/\\\/labusadelloro.com\\\/de\\\/aktivitaet\\\/\"},{\"@type\":\"ListItem\",\"position\":3,\"name\":\"Spa und Wellness\"}]},{\"@type\":\"WebSite\",\"@id\":\"https:\\\/\\\/labusadelloro.com\\\/it\\\/#website\",\"url\":\"https:\\\/\\\/labusadelloro.com\\\/it\\\/\",\"name\":\"Fattoria Busa dell&#039;Oro\",\"description\":\"Bed and Breakfast Colli Euganei\",\"potentialAction\":[{\"@type\":\"SearchAction\",\"target\":{\"@type\":\"EntryPoint\",\"urlTemplate\":\"https:\\\/\\\/labusadelloro.com\\\/it\\\/?s={search_term_string}\"},\"query-input\":{\"@type\":\"PropertyValueSpecification\",\"valueRequired\":true,\"valueName\":\"search_term_string\"}}],\"inLanguage\":\"de\"}]}<\/script>\n<!-- \/ Yoast SEO plugin. -->","yoast_head_json":{"title":"Spa und Wellness - Fattoria Busa dell&#039;Oro","robots":{"index":"index","follow":"follow","max-snippet":"max-snippet:-1","max-image-preview":"max-image-preview:large","max-video-preview":"max-video-preview:-1"},"canonical":"https:\/\/labusadelloro.com\/de\/aktivitaet\/thermalbaeder-und-wellness\/","twitter_card":"summary_large_image","twitter_title":"Spa und Wellness - Fattoria Busa dell&#039;Oro","twitter_description":"[vc_row full_width=&#8220;stretch_row&#8220; equal_height=&#8220;yes&#8220; woodmart_bg_position=&#8220;center-bottom&#8220; css=&#8220;.vc_custom_1692773435692{margin-top: -40px !important;margin-right: 0px !important;margin-left: 0px !important;border-right-width: 10px !important;border-left-width: 10px !important;padding-top: 20px !important;padding-bottom: 20px !important;background-image: url(https:\/\/labusadelloro.com\/wp-content\/uploads\/2018\/05\/coccoleperdue.jpg?id=5054)","twitter_misc":{"Gesch\u00e4tzte Lesezeit":"3\u00a0Minuten"},"schema":{"@context":"https:\/\/schema.org","@graph":[{"@type":"WebPage","@id":"https:\/\/labusadelloro.com\/de\/aktivitaet\/thermalbaeder-und-wellness\/","url":"https:\/\/labusadelloro.com\/de\/aktivitaet\/thermalbaeder-und-wellness\/","name":"Spa und Wellness - Fattoria Busa dell&#039;Oro","isPartOf":{"@id":"https:\/\/labusadelloro.com\/it\/#website"},"datePublished":"2018-04-16T13:12:24+00:00","dateModified":"2025-06-19T15:14:20+00:00","breadcrumb":{"@id":"https:\/\/labusadelloro.com\/de\/aktivitaet\/thermalbaeder-und-wellness\/#breadcrumb"},"inLanguage":"de","potentialAction":[{"@type":"ReadAction","target":["https:\/\/labusadelloro.com\/de\/aktivitaet\/thermalbaeder-und-wellness\/"]}]},{"@type":"BreadcrumbList","@id":"https:\/\/labusadelloro.com\/de\/aktivitaet\/thermalbaeder-und-wellness\/#breadcrumb","itemListElement":[{"@type":"ListItem","position":1,"name":"Home","item":"https:\/\/labusadelloro.com\/de\/"},{"@type":"ListItem","position":2,"name":"Aktivit\u00e4ten","item":"https:\/\/labusadelloro.com\/de\/aktivitaet\/"},{"@type":"ListItem","position":3,"name":"Spa und Wellness"}]},{"@type":"WebSite","@id":"https:\/\/labusadelloro.com\/it\/#website","url":"https:\/\/labusadelloro.com\/it\/","name":"Fattoria Busa dell&#039;Oro","description":"Bed and Breakfast Colli Euganei","potentialAction":[{"@type":"SearchAction","target":{"@type":"EntryPoint","urlTemplate":"https:\/\/labusadelloro.com\/it\/?s={search_term_string}"},"query-input":{"@type":"PropertyValueSpecification","valueRequired":true,"valueName":"search_term_string"}}],"inLanguage":"de"}]}},"_links":{"self":[{"href":"https:\/\/labusadelloro.com\/de\/wp-json\/wp\/v2\/pages\/4844","targetHints":{"allow":["GET"]}}],"collection":[{"href":"https:\/\/labusadelloro.com\/de\/wp-json\/wp\/v2\/pages"}],"about":[{"href":"https:\/\/labusadelloro.com\/de\/wp-json\/wp\/v2\/types\/page"}],"author":[{"embeddable":true,"href":"https:\/\/labusadelloro.com\/de\/wp-json\/wp\/v2\/users\/7"}],"replies":[{"embeddable":true,"href":"https:\/\/labusadelloro.com\/de\/wp-json\/wp\/v2\/comments?post=4844"}],"version-history":[{"count":1,"href":"https:\/\/labusadelloro.com\/de\/wp-json\/wp\/v2\/pages\/4844\/revisions"}],"predecessor-version":[{"id":10780,"href":"https:\/\/labusadelloro.com\/de\/wp-json\/wp\/v2\/pages\/4844\/revisions\/10780"}],"up":[{"embeddable":true,"href":"https:\/\/labusadelloro.com\/de\/wp-json\/wp\/v2\/pages\/4719"}],"wp:attachment":[{"href":"https:\/\/labusadelloro.com\/de\/wp-json\/wp\/v2\/media?parent=4844"}],"curies":[{"name":"wp","href":"https:\/\/api.w.org\/{rel}","templated":true}]}}