{"id":4950,"date":"2018-04-19T09:52:44","date_gmt":"2018-04-19T07:52:44","guid":{"rendered":"https:\/\/labusadelloro.com\/angebote\/"},"modified":"2025-06-19T16:18:53","modified_gmt":"2025-06-19T14:18:53","slug":"angebote","status":"publish","type":"page","link":"https:\/\/labusadelloro.com\/de\/angebote\/","title":{"rendered":"Angebote"},"content":{"rendered":"<div class=\"wpb-content-wrapper\"><p>[vc_row full_width=&#8220;stretch_row&#8220; full_height=&#8220;yes&#8220; equal_height=&#8220;yes&#8220; woodmart_bg_position=&#8220;left-center&#8220; css=&#8220;.vc_custom_1699028498516{margin-top: -40px !important;margin-right: 0px !important;margin-left: 0px !important;border-right-width: 10px !important;border-left-width: 10px !important;padding-top: 20px !important;padding-bottom: 20px !important;background-image: url(https:\/\/labusadelloro.com\/wp-content\/uploads\/2023\/10\/BUSA-ESTERNO-2023-1.jpg?id=9505) !important;background-position: center !important;background-repeat: no-repeat !important;background-size: cover !important;border-left-color: #ffffff !important;border-left-style: solid !important;border-right-color: #ffffff !important;border-right-style: solid !important;}&#8220; woodmart_css_id=&#8220;65451ce49d6f0&#8243; responsive_spacing=&#8220;eyJwYXJhbV90eXBlIjoid29vZG1hcnRfcmVzcG9uc2l2ZV9zcGFjaW5nIiwic2VsZWN0b3JfaWQiOiI2NTQ1MWNlNDlkNmYwIiwic2hvcnRjb2RlIjoidmNfcm93IiwiZGF0YSI6eyJ0YWJsZXQiOnt9LCJtb2JpbGUiOnt9fX0=&#8220; mobile_bg_img_hidden=&#8220;no&#8220; tablet_bg_img_hidden=&#8220;no&#8220; woodmart_parallax=&#8220;0&#8243; woodmart_gradient_switch=&#8220;yes&#8220; woodmart_box_shadow=&#8220;no&#8220; wd_z_index=&#8220;no&#8220; woodmart_disable_overflow=&#8220;0&#8243; row_reverse_mobile=&#8220;0&#8243; row_reverse_tablet=&#8220;0&#8243; woodmart_color_gradient=&#8220;rgba(0, 0, 0, 0.5)-0\/rgba(0, 0, 0, 0.5)-100\/|linear-gradient(left , rgba(0, 0, 0, 0.5) , rgba(0, 0, 0, 0.5) 100%)|linear|left&#8220;][vc_column css=&#8220;.vc_custom_1692284849437{margin-right: 0px !important;margin-left: 0px !important;}&#8220; woodmart_css_id=&#8220;64de3793d648a&#8220; parallax_scroll=&#8220;no&#8220; woodmart_sticky_column=&#8220;false&#8220; wd_collapsible_content_switcher=&#8220;no&#8220; wd_column_role_offcanvas_desktop=&#8220;no&#8220; wd_column_role_offcanvas_tablet=&#8220;no&#8220; wd_column_role_offcanvas_mobile=&#8220;no&#8220; wd_column_role_content_desktop=&#8220;no&#8220; wd_column_role_content_tablet=&#8220;no&#8220; wd_column_role_content_mobile=&#8220;no&#8220; mobile_bg_img_hidden=&#8220;no&#8220; tablet_bg_img_hidden=&#8220;no&#8220; woodmart_parallax=&#8220;0&#8243; woodmart_box_shadow=&#8220;no&#8220; responsive_spacing=&#8220;eyJwYXJhbV90eXBlIjoid29vZG1hcnRfcmVzcG9uc2l2ZV9zcGFjaW5nIiwic2VsZWN0b3JfaWQiOiI2NGRlMzc5M2Q2NDhhIiwic2hvcnRjb2RlIjoidmNfY29sdW1uIiwiZGF0YSI6eyJ0YWJsZXQiOnt9LCJtb2JpbGUiOnt9fX0=&#8220; mobile_reset_margin=&#8220;no&#8220; tablet_reset_margin=&#8220;no&#8220; wd_z_index=&#8220;no&#8220;]\n\t\t<div id=\"wd-64e731ac9ab2c\" class=\"title-wrapper wd-wpb wd-set-mb reset-last-child  wd-rs-64e731ac9ab2c wd-title-color-white wd-title-style-default text-center vc_custom_1692873158207 wd-width-enabled wd-underline-colored\" style=\"--wd-max-width: 80%;\">\n\t\t\t\t\t\t\t\n\t\t\t\t<div class=\"title-subtitle  subtitle-color-white font-default subtitle-style-default wd-font-weight-500 wd-fontsize-xs\">B&amp;B UND FERIENH\u00c4USER IN DEN EUGANEISCHEN H\u00dcGELN<\/div>\n\t\t\t\n\t\t\t<div class=\"liner-continer\">\n\t\t\t\t<h1 class=\"woodmart-title-container title  wd-font-weight- wd-fontsize-l\" >UNSERE ANGEBOTE<\/h1>\n\t\t\t\t\t\t\t<\/div>\n\t\t\t\n\t\t\t\t\t\t\t<div class=\"title-after_title reset-last-child  wd-fontsize-xs\">Nutzen Sie die aktuellen Angebote, um Ihren Urlaub inmitten der Natur der Euganeischen H\u00fcgel und nur wenige Schritte von den Thermen von Abano und Montegrotto entfernt zu verbringen.<\/div>\n\t\t\t\n\t\t\t\n\t\t<\/div>\n\t\t\n\t\t[\/vc_column][\/vc_row][vc_row full_width=&#8220;stretch_row&#8220; equal_height=&#8220;yes&#8220; content_placement=&#8220;top&#8220; woodmart_css_id=&#8220;64e769d4dbe61&#8243; responsive_spacing=&#8220;eyJwYXJhbV90eXBlIjoid29vZG1hcnRfcmVzcG9uc2l2ZV9zcGFjaW5nIiwic2VsZWN0b3JfaWQiOiI2NGU3NjlkNGRiZTYxIiwic2hvcnRjb2RlIjoidmNfcm93IiwiZGF0YSI6eyJ0YWJsZXQiOnt9LCJtb2JpbGUiOnt9fX0=&#8220; mobile_bg_img_hidden=&#8220;no&#8220; tablet_bg_img_hidden=&#8220;no&#8220; woodmart_parallax=&#8220;0&#8243; woodmart_gradient_switch=&#8220;no&#8220; woodmart_box_shadow=&#8220;no&#8220; wd_z_index=&#8220;no&#8220; woodmart_disable_overflow=&#8220;0&#8243; row_reverse_mobile=&#8220;0&#8243; row_reverse_tablet=&#8220;0&#8243;][vc_column offset=&#8220;vc_col-lg-6 vc_col-md-6 vc_col-xs-12&#8243; woodmart_css_id=&#8220;64e76e4145532&#8243; parallax_scroll=&#8220;no&#8220; woodmart_sticky_column=&#8220;false&#8220; wd_collapsible_content_switcher=&#8220;no&#8220; wd_column_role_offcanvas_desktop=&#8220;no&#8220; wd_column_role_offcanvas_tablet=&#8220;no&#8220; wd_column_role_offcanvas_mobile=&#8220;no&#8220; wd_column_role_content_desktop=&#8220;no&#8220; wd_column_role_content_tablet=&#8220;no&#8220; wd_column_role_content_mobile=&#8220;no&#8220; mobile_bg_img_hidden=&#8220;no&#8220; tablet_bg_img_hidden=&#8220;no&#8220; woodmart_parallax=&#8220;0&#8243; woodmart_box_shadow=&#8220;no&#8220; responsive_spacing=&#8220;eyJwYXJhbV90eXBlIjoid29vZG1hcnRfcmVzcG9uc2l2ZV9zcGFjaW5nIiwic2VsZWN0b3JfaWQiOiI2NGU3NmU0MTQ1NTMyIiwic2hvcnRjb2RlIjoidmNfY29sdW1uIiwiZGF0YSI6eyJ0YWJsZXQiOnt9LCJtb2JpbGUiOnt9fX0=&#8220; mobile_reset_margin=&#8220;no&#8220; tablet_reset_margin=&#8220;no&#8220; wd_z_index=&#8220;no&#8220;]\t\t<div id=\"wd-685269414a8d6\" class=\"wd-image wd-wpb wd-rs-685269414a8d6 text-center \">\n\t\t\t\n\t\t\t<img loading=\"lazy\" decoding=\"async\" width=\"580\" height=\"400\" src=\"https:\/\/labusadelloro.com\/wp-content\/uploads\/2022\/04\/termeecolli-580x400.jpg\" class=\"attachment-580x400 size-580x400\" alt=\"\" \/>\n\t\t\t\t\t<\/div>\n\t\t[\/vc_column][vc_column offset=&#8220;vc_col-lg-6 vc_col-md-6 vc_col-xs-12&#8243; woodmart_css_id=&#8220;64e76e65ef0b7&#8243; parallax_scroll=&#8220;no&#8220; woodmart_sticky_column=&#8220;false&#8220; wd_collapsible_content_switcher=&#8220;no&#8220; wd_column_role_offcanvas_desktop=&#8220;no&#8220; wd_column_role_offcanvas_tablet=&#8220;no&#8220; wd_column_role_offcanvas_mobile=&#8220;no&#8220; wd_column_role_content_desktop=&#8220;no&#8220; wd_column_role_content_tablet=&#8220;no&#8220; wd_column_role_content_mobile=&#8220;no&#8220; mobile_bg_img_hidden=&#8220;no&#8220; tablet_bg_img_hidden=&#8220;no&#8220; woodmart_parallax=&#8220;0&#8243; woodmart_box_shadow=&#8220;no&#8220; responsive_spacing=&#8220;eyJwYXJhbV90eXBlIjoid29vZG1hcnRfcmVzcG9uc2l2ZV9zcGFjaW5nIiwic2VsZWN0b3JfaWQiOiI2NGU3NmU2NWVmMGI3Iiwic2hvcnRjb2RlIjoidmNfY29sdW1uIiwiZGF0YSI6eyJ0YWJsZXQiOnt9LCJtb2JpbGUiOnt9fX0=&#8220; mobile_reset_margin=&#8220;no&#8220; tablet_reset_margin=&#8220;no&#8220; wd_z_index=&#8220;no&#8220;]\n\t\t<div id=\"wd-685269a316fd1\" class=\"title-wrapper wd-wpb wd-set-mb reset-last-child  wd-rs-685269a316fd1 wd-title-color-default wd-title-style-underlined text-left  wd-underline-colored\">\n\t\t\t\t\t\t\t\n\t\t\t\t<div class=\"title-subtitle  subtitle-color-default font-default subtitle-style-background wd-font-weight- wd-fontsize-xs\">Vom 01\/07 bis 30\/09\/2025<\/div>\n\t\t\t\n\t\t\t<div class=\"liner-continer\">\n\t\t\t\t<h2 class=\"woodmart-title-container title  wd-font-weight- wd-fontsize-l\" >Kurort und H\u00fcgel<\/h2>\n\t\t\t\t\t\t\t<\/div>\n\t\t\t\n\t\t\t\n\t\t\t\n\t\t<\/div>\n\t\t\n\t\t\t\t<div id=\"wd-6852671e59fa0\" class=\"wd-text-block wd-wpb reset-last-child wd-rs-6852671e59fa0 text-left wd-width-enabled wd-fontsize-custom \" style=\"--wd-max-width: 90%;\">\n\t\t\t<ul>\n<li>2 \u00dcbernachtungen nur in Scoiattolo.<\/li>\n<li>Eintritt ins Spa f\u00fcr 2 Personen<\/li>\n<\/ul>\n<h5>Preis pro Paar \u20ac 240.00<\/h5>\n\t\t<\/div>\n\t\t<div id=\"wd-64e76ac5d5b53\" class=\" wd-rs-64e76ac5d5b53   wd-rs-64e76ac5d5b53 wd-button-wrapper text-left\"><a href=\"#001\" title=\"\" class=\"btn btn-color-alt btn-style-bordered btn-shape-rectangle btn-size-default wd-open-popup \">ANFRAGE ANGEBOT<\/a><\/div><div id=\"001\" class=\"mfp-hide wd-popup wd-popup-element wd-scroll-content\" style=\"--wd-popup-width:800px;\">\t\t<div id=\"wd-64e76ed5e63b4\" class=\"wd-text-block wd-wpb reset-last-child wd-rs-64e76ed5e63b4 text-left \">\n\t\t\t<p>Geben Sie Ihre Daten ein, um dem Angebot beizutreten oder weitere Informationen anzufordern, und geben Sie den Zeitraum an, in dem Sie bleiben m\u00f6chten.<\/p>\n\t\t<\/div>\n\t\t\n<div class=\"wpcf7 no-js\" id=\"wpcf7-f4644-o1\" lang=\"it-IT\" dir=\"ltr\" data-wpcf7-id=\"4644\">\n<div class=\"screen-reader-response\"><p role=\"status\" aria-live=\"polite\" aria-atomic=\"true\"><\/p> <ul><\/ul><\/div>\n<form action=\"\/de\/wp-json\/wp\/v2\/pages\/4950#wpcf7-f4644-o1\" method=\"post\" class=\"wpcf7-form init\" aria-label=\"Modulo di contatto\" novalidate=\"novalidate\" data-status=\"init\">\n<fieldset class=\"hidden-fields-container\"><input type=\"hidden\" name=\"_wpcf7\" value=\"4644\" \/><input type=\"hidden\" name=\"_wpcf7_version\" value=\"6.1.5\" \/><input type=\"hidden\" name=\"_wpcf7_locale\" value=\"it_IT\" \/><input type=\"hidden\" name=\"_wpcf7_unit_tag\" value=\"wpcf7-f4644-o1\" \/><input type=\"hidden\" name=\"_wpcf7_container_post\" value=\"0\" \/><input type=\"hidden\" name=\"_wpcf7_posted_data_hash\" value=\"\" \/>\n<\/fieldset>\n<p><span class=\"wpcf7-form-control-wrap\" data-name=\"your-name\"><input size=\"40\" maxlength=\"400\" class=\"wpcf7-form-control wpcf7-text wpcf7-validates-as-required\" aria-required=\"true\" aria-invalid=\"false\" placeholder=\"Nome *\" value=\"\" type=\"text\" name=\"your-name\" \/><\/span>\n<\/p>\n<p><span class=\"wpcf7-form-control-wrap\" data-name=\"your-email\"><input size=\"40\" maxlength=\"400\" class=\"wpcf7-form-control wpcf7-email wpcf7-validates-as-required wpcf7-text wpcf7-validates-as-email\" aria-required=\"true\" aria-invalid=\"false\" placeholder=\"Email *\" value=\"\" type=\"email\" name=\"your-email\" \/><\/span>\n<\/p>\n<p><span class=\"wpcf7-form-control-wrap\" data-name=\"your-phone\"><input size=\"40\" maxlength=\"400\" class=\"wpcf7-form-control wpcf7-tel wpcf7-validates-as-required wpcf7-text wpcf7-validates-as-tel\" aria-required=\"true\" aria-invalid=\"false\" placeholder=\"Numero di telefono*\" value=\"\" type=\"tel\" name=\"your-phone\" \/><\/span>\n<\/p>\n<p><span class=\"wpcf7-form-control-wrap\" data-name=\"your-message\"><textarea cols=\"40\" rows=\"10\" maxlength=\"2000\" class=\"wpcf7-form-control wpcf7-textarea wpcf7-validates-as-required\" aria-required=\"true\" aria-invalid=\"false\" placeholder=\"Messaggio *\" name=\"your-message\"><\/textarea><\/span>\n<\/p>\n<p><small><span class=\"wpcf7-form-control-wrap\" data-name=\"your-consent\"><span class=\"wpcf7-form-control wpcf7-acceptance\"><span class=\"wpcf7-list-item\"><label><input type=\"checkbox\" name=\"your-consent\" value=\"1\" aria-invalid=\"false\" \/><span class=\"wpcf7-list-item-label\">Autorizzo il trattamento dei miei dati personali ai sensi del D.Lgs. 196\/2003 e GDPR 679\/2016<\/span><\/label><\/span><\/span><\/span><\/small>\n<\/p>\n<p><input class=\"wpcf7-form-control wpcf7-submit has-spinner\" type=\"submit\" value=\"INVIA MESSAGGIO\" \/>\n<\/p><div class=\"wpcf7-response-output\" aria-hidden=\"true\"><\/div>\n<\/form>\n<\/div>\n<\/div>\t\t<div id=\"wd-64e7694082ff3\" class=\"wd-text-block wd-wpb reset-last-child wd-rs-64e7694082ff3 text-left wd-fontsize-xs vc_custom_1692887388143\">\n\t\t\t<p style=\"text-align: left;\"><em>In jedem Zimmer gibt es eine Kochnische f\u00fcr das Fr\u00fchst\u00fcck sowie f\u00fcr das Mittag- und Abendessen (Geschirr und Kochutensilien inklusive). Kostenlose Privatparkpl\u00e4tze.<\/em><\/p>\n\t\t<\/div>\n\t\t[\/vc_column][\/vc_row][vc_row full_width=&#8220;stretch_row&#8220; equal_height=&#8220;yes&#8220; content_placement=&#8220;top&#8220; woodmart_css_id=&#8220;64e76aaa48705&#8243; responsive_spacing=&#8220;eyJwYXJhbV90eXBlIjoid29vZG1hcnRfcmVzcG9uc2l2ZV9zcGFjaW5nIiwic2VsZWN0b3JfaWQiOiI2NGU3NmFhYTQ4NzA1Iiwic2hvcnRjb2RlIjoidmNfcm93IiwiZGF0YSI6eyJ0YWJsZXQiOnt9LCJtb2JpbGUiOnt9fX0=&#8220; mobile_bg_img_hidden=&#8220;no&#8220; tablet_bg_img_hidden=&#8220;no&#8220; woodmart_parallax=&#8220;0&#8243; woodmart_gradient_switch=&#8220;no&#8220; woodmart_box_shadow=&#8220;no&#8220; wd_z_index=&#8220;no&#8220; woodmart_disable_overflow=&#8220;0&#8243; row_reverse_mobile=&#8220;0&#8243; row_reverse_tablet=&#8220;0&#8243; css=&#8220;.vc_custom_1692887745552{background-color: #f7f7f7 !important;}&#8220;][vc_column offset=&#8220;vc_col-lg-6 vc_col-md-6 vc_col-xs-12&#8243; woodmart_css_id=&#8220;64e76e7aea61d&#8220; parallax_scroll=&#8220;no&#8220; woodmart_sticky_column=&#8220;false&#8220; wd_collapsible_content_switcher=&#8220;no&#8220; wd_column_role_offcanvas_desktop=&#8220;no&#8220; wd_column_role_offcanvas_tablet=&#8220;no&#8220; wd_column_role_offcanvas_mobile=&#8220;no&#8220; wd_column_role_content_desktop=&#8220;no&#8220; wd_column_role_content_tablet=&#8220;no&#8220; wd_column_role_content_mobile=&#8220;no&#8220; mobile_bg_img_hidden=&#8220;no&#8220; tablet_bg_img_hidden=&#8220;no&#8220; woodmart_parallax=&#8220;0&#8243; woodmart_box_shadow=&#8220;no&#8220; responsive_spacing=&#8220;eyJwYXJhbV90eXBlIjoid29vZG1hcnRfcmVzcG9uc2l2ZV9zcGFjaW5nIiwic2VsZWN0b3JfaWQiOiI2NGU3NmU3YWVhNjFkIiwic2hvcnRjb2RlIjoidmNfY29sdW1uIiwiZGF0YSI6eyJ0YWJsZXQiOnt9LCJtb2JpbGUiOnt9fX0=&#8220; mobile_reset_margin=&#8220;no&#8220; tablet_reset_margin=&#8220;no&#8220; wd_z_index=&#8220;no&#8220;]\t\t<div id=\"wd-67dd2c0b79658\" class=\"wd-image wd-wpb wd-rs-67dd2c0b79658 text-center \">\n\t\t\t\n\t\t\t<img loading=\"lazy\" decoding=\"async\" width=\"580\" height=\"400\" src=\"https:\/\/labusadelloro.com\/wp-content\/uploads\/2021\/02\/greta-farnedi-ib_dpaRtio-unsplash-scaled-580x400.jpg\" class=\"attachment-580x400 size-580x400\" alt=\"summer\" \/>\n\t\t\t\t\t<\/div>\n\t\t[\/vc_column][vc_column offset=&#8220;vc_col-lg-6 vc_col-md-6 vc_col-xs-12&#8243; woodmart_css_id=&#8220;64e76e8d10b9d&#8220; parallax_scroll=&#8220;no&#8220; woodmart_sticky_column=&#8220;false&#8220; wd_collapsible_content_switcher=&#8220;no&#8220; wd_column_role_offcanvas_desktop=&#8220;no&#8220; wd_column_role_offcanvas_tablet=&#8220;no&#8220; wd_column_role_offcanvas_mobile=&#8220;no&#8220; wd_column_role_content_desktop=&#8220;no&#8220; wd_column_role_content_tablet=&#8220;no&#8220; wd_column_role_content_mobile=&#8220;no&#8220; mobile_bg_img_hidden=&#8220;no&#8220; tablet_bg_img_hidden=&#8220;no&#8220; woodmart_parallax=&#8220;0&#8243; woodmart_box_shadow=&#8220;no&#8220; responsive_spacing=&#8220;eyJwYXJhbV90eXBlIjoid29vZG1hcnRfcmVzcG9uc2l2ZV9zcGFjaW5nIiwic2VsZWN0b3JfaWQiOiI2NGU3NmU4ZDEwYjlkIiwic2hvcnRjb2RlIjoidmNfY29sdW1uIiwiZGF0YSI6eyJ0YWJsZXQiOnt9LCJtb2JpbGUiOnt9fX0=&#8220; mobile_reset_margin=&#8220;no&#8220; tablet_reset_margin=&#8220;no&#8220; wd_z_index=&#8220;no&#8220;]\n\t\t<div id=\"wd-67dd2c83a24e9\" class=\"title-wrapper wd-wpb wd-set-mb reset-last-child  wd-rs-67dd2c83a24e9 wd-title-color-default wd-title-style-underlined text-left  wd-underline-colored\">\n\t\t\t\t\t\t\t\n\t\t\t\t<div class=\"title-subtitle  subtitle-color-default font-default subtitle-style-background wd-font-weight- wd-fontsize-xs\">Von 1\/06 bis 30\/07\/2025<\/div>\n\t\t\t\n\t\t\t<div class=\"liner-continer\">\n\t\t\t\t<h2 class=\"woodmart-title-container title  wd-font-weight- wd-fontsize-l\" >Sommerpause<\/h2>\n\t\t\t\t\t\t\t<\/div>\n\t\t\t\n\t\t\t\n\t\t\t\n\t\t<\/div>\n\t\t\n\t\t\t\t<div id=\"wd-6639c515ab270\" class=\"wd-text-block wd-wpb reset-last-child wd-rs-6639c515ab270 text-left wd-width-enabled wd-fontsize-custom \" style=\"--wd-max-width: 90%;\">\n\t\t\t<div class=\"entry-content\">\n<ul>\n<li>2 N\u00e4chte nur Unterkunft (K\u00fcche im Zimmer vorhanden)<\/li>\n<li>Kellerbesuch f\u00fcr 2 Personen<\/li>\n<li>Kulturelle und historische Wanderungen in der Umgebung<\/li>\n<\/ul>\n<h5>Preis pro Paar 170.00 \u20ac<\/h5>\n<\/div>\n\t\t<\/div>\n\t\t<div id=\"wd-64e7657d22d65\" class=\" wd-rs-64e7657d22d65   wd-rs-64e7657d22d65 wd-button-wrapper text-left\"><a href=\"#001\" title=\"\" class=\"btn btn-color-alt btn-style-bordered btn-shape-rectangle btn-size-default wd-open-popup \">ANFRAGE ANGEBOT<\/a><\/div><div id=\"001\" class=\"mfp-hide wd-popup wd-popup-element wd-scroll-content\" style=\"--wd-popup-width:800px;\">\t\t<div id=\"wd-64e76ed5e63b4\" class=\"wd-text-block wd-wpb reset-last-child wd-rs-64e76ed5e63b4 text-left \">\n\t\t\t<p>Geben Sie Ihre Daten ein, um dem Angebot beizutreten oder weitere Informationen anzufordern, und geben Sie den Zeitraum an, in dem Sie bleiben m\u00f6chten.<\/p>\n\t\t<\/div>\n\t\t\n<div class=\"wpcf7 no-js\" id=\"wpcf7-f4644-o2\" lang=\"it-IT\" dir=\"ltr\" data-wpcf7-id=\"4644\">\n<div class=\"screen-reader-response\"><p role=\"status\" aria-live=\"polite\" aria-atomic=\"true\"><\/p> <ul><\/ul><\/div>\n<form action=\"\/de\/wp-json\/wp\/v2\/pages\/4950#wpcf7-f4644-o2\" method=\"post\" class=\"wpcf7-form init\" aria-label=\"Modulo di contatto\" novalidate=\"novalidate\" data-status=\"init\">\n<fieldset class=\"hidden-fields-container\"><input type=\"hidden\" name=\"_wpcf7\" value=\"4644\" \/><input type=\"hidden\" name=\"_wpcf7_version\" value=\"6.1.5\" \/><input type=\"hidden\" name=\"_wpcf7_locale\" value=\"it_IT\" \/><input type=\"hidden\" name=\"_wpcf7_unit_tag\" value=\"wpcf7-f4644-o2\" \/><input type=\"hidden\" name=\"_wpcf7_container_post\" value=\"0\" \/><input type=\"hidden\" name=\"_wpcf7_posted_data_hash\" value=\"\" \/>\n<\/fieldset>\n<p><span class=\"wpcf7-form-control-wrap\" data-name=\"your-name\"><input size=\"40\" maxlength=\"400\" class=\"wpcf7-form-control wpcf7-text wpcf7-validates-as-required\" aria-required=\"true\" aria-invalid=\"false\" placeholder=\"Nome *\" value=\"\" type=\"text\" name=\"your-name\" \/><\/span>\n<\/p>\n<p><span class=\"wpcf7-form-control-wrap\" data-name=\"your-email\"><input size=\"40\" maxlength=\"400\" class=\"wpcf7-form-control wpcf7-email wpcf7-validates-as-required wpcf7-text wpcf7-validates-as-email\" aria-required=\"true\" aria-invalid=\"false\" placeholder=\"Email *\" value=\"\" type=\"email\" name=\"your-email\" \/><\/span>\n<\/p>\n<p><span class=\"wpcf7-form-control-wrap\" data-name=\"your-phone\"><input size=\"40\" maxlength=\"400\" class=\"wpcf7-form-control wpcf7-tel wpcf7-validates-as-required wpcf7-text wpcf7-validates-as-tel\" aria-required=\"true\" aria-invalid=\"false\" placeholder=\"Numero di telefono*\" value=\"\" type=\"tel\" name=\"your-phone\" \/><\/span>\n<\/p>\n<p><span class=\"wpcf7-form-control-wrap\" data-name=\"your-message\"><textarea cols=\"40\" rows=\"10\" maxlength=\"2000\" class=\"wpcf7-form-control wpcf7-textarea wpcf7-validates-as-required\" aria-required=\"true\" aria-invalid=\"false\" placeholder=\"Messaggio *\" name=\"your-message\"><\/textarea><\/span>\n<\/p>\n<p><small><span class=\"wpcf7-form-control-wrap\" data-name=\"your-consent\"><span class=\"wpcf7-form-control wpcf7-acceptance\"><span class=\"wpcf7-list-item\"><label><input type=\"checkbox\" name=\"your-consent\" value=\"1\" aria-invalid=\"false\" \/><span class=\"wpcf7-list-item-label\">Autorizzo il trattamento dei miei dati personali ai sensi del D.Lgs. 196\/2003 e GDPR 679\/2016<\/span><\/label><\/span><\/span><\/span><\/small>\n<\/p>\n<p><input class=\"wpcf7-form-control wpcf7-submit has-spinner\" type=\"submit\" value=\"INVIA MESSAGGIO\" \/>\n<\/p><div class=\"wpcf7-response-output\" aria-hidden=\"true\"><\/div>\n<\/form>\n<\/div>\n<\/div>\t\t<div id=\"wd-64e7694082ff3\" class=\"wd-text-block wd-wpb reset-last-child wd-rs-64e7694082ff3 text-left wd-fontsize-xs vc_custom_1692887388143\">\n\t\t\t<p style=\"text-align: left;\"><em>In jedem Zimmer gibt es eine Kochnische f\u00fcr das Fr\u00fchst\u00fcck sowie f\u00fcr das Mittag- und Abendessen (Geschirr und Kochutensilien inklusive). Kostenlose Privatparkpl\u00e4tze.<\/em><\/p>\n\t\t<\/div>\n\t\t[\/vc_column][\/vc_row][vc_row][vc_column][vc_empty_space height=&#8220;5px&#8220; woodmart_hide_large=&#8220;0&#8243; woodmart_hide_medium=&#8220;0&#8243; woodmart_hide_small=&#8220;0&#8243;][\/vc_column][\/vc_row]<\/p>\n<\/div>","protected":false},"excerpt":{"rendered":"<p>[vc_row full_width=&#8220;stretch_row&#8220; full_height=&#8220;yes&#8220; equal_height=&#8220;yes&#8220; woodmart_bg_position=&#8220;left-center&#8220; css=&#8220;.vc_custom_1699028498516{margin-top: -40px !important;margin-right: 0px !important;margin-left: 0px !important;border-right-width: 10px !important;border-left-width: 10px !important;padding-top: 20px !important;padding-bottom: 20px !important;background-image:<\/p>\n","protected":false},"author":7,"featured_media":0,"parent":0,"menu_order":0,"comment_status":"closed","ping_status":"closed","template":"","meta":{"_monsterinsights_skip_tracking":false,"_monsterinsights_sitenote_active":false,"_monsterinsights_sitenote_note":"","_monsterinsights_sitenote_category":0,"footnotes":""},"class_list":["post-4950","page","type-page","status-publish","hentry"],"yoast_head":"<!-- This site is optimized with the Yoast SEO plugin v27.5 - https:\/\/yoast.com\/product\/yoast-seo-wordpress\/ -->\n<title>Angebote - Euganeische H\u00fcgel - Bed&amp;Breakfast - Fattoria Busa dell&#039;Oro<\/title>\n<meta name=\"description\" content=\"Gestalten Sie Ihren Urlaub ganz nach Ihren Vorlieben. Die Lage der Euganeischen H\u00fcgel erm\u00f6glicht es Ihnen, vom Trekking bis zu den Thermen zu gehen.\" \/>\n<meta name=\"robots\" content=\"index, follow, max-snippet:-1, max-image-preview:large, max-video-preview:-1\" \/>\n<link rel=\"canonical\" href=\"https:\/\/labusadelloro.com\/de\/angebote\/\" \/>\n<meta name=\"twitter:card\" content=\"summary_large_image\" \/>\n<meta name=\"twitter:title\" content=\"Angebote - Euganeische H\u00fcgel - Bed&amp;Breakfast - Fattoria Busa dell&#039;Oro\" \/>\n<meta name=\"twitter:description\" content=\"Gestalten Sie Ihren Urlaub ganz nach Ihren Vorlieben. Die Lage der Euganeischen H\u00fcgel erm\u00f6glicht es Ihnen, vom Trekking bis zu den Thermen zu gehen.\" \/>\n<meta name=\"twitter:label1\" content=\"Gesch\u00e4tzte Lesezeit\" \/>\n\t<meta name=\"twitter:data1\" content=\"3\u00a0Minuten\" \/>\n<script type=\"application\/ld+json\" class=\"yoast-schema-graph\">{\"@context\":\"https:\\\/\\\/schema.org\",\"@graph\":[{\"@type\":\"WebPage\",\"@id\":\"https:\\\/\\\/labusadelloro.com\\\/de\\\/angebote\\\/\",\"url\":\"https:\\\/\\\/labusadelloro.com\\\/de\\\/angebote\\\/\",\"name\":\"Angebote - Euganeische H\u00fcgel - Bed&Breakfast - Fattoria Busa dell'Oro\",\"isPartOf\":{\"@id\":\"https:\\\/\\\/labusadelloro.com\\\/it\\\/#website\"},\"datePublished\":\"2018-04-19T07:52:44+00:00\",\"dateModified\":\"2025-06-19T14:18:53+00:00\",\"description\":\"Gestalten Sie Ihren Urlaub ganz nach Ihren Vorlieben. Die Lage der Euganeischen H\u00fcgel erm\u00f6glicht es Ihnen, vom Trekking bis zu den Thermen zu gehen.\",\"breadcrumb\":{\"@id\":\"https:\\\/\\\/labusadelloro.com\\\/de\\\/angebote\\\/#breadcrumb\"},\"inLanguage\":\"de\",\"potentialAction\":[{\"@type\":\"ReadAction\",\"target\":[\"https:\\\/\\\/labusadelloro.com\\\/de\\\/angebote\\\/\"]}]},{\"@type\":\"BreadcrumbList\",\"@id\":\"https:\\\/\\\/labusadelloro.com\\\/de\\\/angebote\\\/#breadcrumb\",\"itemListElement\":[{\"@type\":\"ListItem\",\"position\":1,\"name\":\"Home\",\"item\":\"https:\\\/\\\/labusadelloro.com\\\/de\\\/\"},{\"@type\":\"ListItem\",\"position\":2,\"name\":\"Angebote\"}]},{\"@type\":\"WebSite\",\"@id\":\"https:\\\/\\\/labusadelloro.com\\\/it\\\/#website\",\"url\":\"https:\\\/\\\/labusadelloro.com\\\/it\\\/\",\"name\":\"Fattoria Busa dell&#039;Oro\",\"description\":\"Bed and Breakfast Colli Euganei\",\"potentialAction\":[{\"@type\":\"SearchAction\",\"target\":{\"@type\":\"EntryPoint\",\"urlTemplate\":\"https:\\\/\\\/labusadelloro.com\\\/it\\\/?s={search_term_string}\"},\"query-input\":{\"@type\":\"PropertyValueSpecification\",\"valueRequired\":true,\"valueName\":\"search_term_string\"}}],\"inLanguage\":\"de\"}]}<\/script>\n<!-- \/ Yoast SEO plugin. -->","yoast_head_json":{"title":"Angebote - Euganeische H\u00fcgel - Bed&Breakfast - Fattoria Busa dell'Oro","description":"Gestalten Sie Ihren Urlaub ganz nach Ihren Vorlieben. Die Lage der Euganeischen H\u00fcgel erm\u00f6glicht es Ihnen, vom Trekking bis zu den Thermen zu gehen.","robots":{"index":"index","follow":"follow","max-snippet":"max-snippet:-1","max-image-preview":"max-image-preview:large","max-video-preview":"max-video-preview:-1"},"canonical":"https:\/\/labusadelloro.com\/de\/angebote\/","twitter_card":"summary_large_image","twitter_title":"Angebote - Euganeische H\u00fcgel - Bed&Breakfast - Fattoria Busa dell'Oro","twitter_description":"Gestalten Sie Ihren Urlaub ganz nach Ihren Vorlieben. Die Lage der Euganeischen H\u00fcgel erm\u00f6glicht es Ihnen, vom Trekking bis zu den Thermen zu gehen.","twitter_misc":{"Gesch\u00e4tzte Lesezeit":"3\u00a0Minuten"},"schema":{"@context":"https:\/\/schema.org","@graph":[{"@type":"WebPage","@id":"https:\/\/labusadelloro.com\/de\/angebote\/","url":"https:\/\/labusadelloro.com\/de\/angebote\/","name":"Angebote - Euganeische H\u00fcgel - Bed&Breakfast - Fattoria Busa dell'Oro","isPartOf":{"@id":"https:\/\/labusadelloro.com\/it\/#website"},"datePublished":"2018-04-19T07:52:44+00:00","dateModified":"2025-06-19T14:18:53+00:00","description":"Gestalten Sie Ihren Urlaub ganz nach Ihren Vorlieben. Die Lage der Euganeischen H\u00fcgel erm\u00f6glicht es Ihnen, vom Trekking bis zu den Thermen zu gehen.","breadcrumb":{"@id":"https:\/\/labusadelloro.com\/de\/angebote\/#breadcrumb"},"inLanguage":"de","potentialAction":[{"@type":"ReadAction","target":["https:\/\/labusadelloro.com\/de\/angebote\/"]}]},{"@type":"BreadcrumbList","@id":"https:\/\/labusadelloro.com\/de\/angebote\/#breadcrumb","itemListElement":[{"@type":"ListItem","position":1,"name":"Home","item":"https:\/\/labusadelloro.com\/de\/"},{"@type":"ListItem","position":2,"name":"Angebote"}]},{"@type":"WebSite","@id":"https:\/\/labusadelloro.com\/it\/#website","url":"https:\/\/labusadelloro.com\/it\/","name":"Fattoria Busa dell&#039;Oro","description":"Bed and Breakfast Colli Euganei","potentialAction":[{"@type":"SearchAction","target":{"@type":"EntryPoint","urlTemplate":"https:\/\/labusadelloro.com\/it\/?s={search_term_string}"},"query-input":{"@type":"PropertyValueSpecification","valueRequired":true,"valueName":"search_term_string"}}],"inLanguage":"de"}]}},"_links":{"self":[{"href":"https:\/\/labusadelloro.com\/de\/wp-json\/wp\/v2\/pages\/4950","targetHints":{"allow":["GET"]}}],"collection":[{"href":"https:\/\/labusadelloro.com\/de\/wp-json\/wp\/v2\/pages"}],"about":[{"href":"https:\/\/labusadelloro.com\/de\/wp-json\/wp\/v2\/types\/page"}],"author":[{"embeddable":true,"href":"https:\/\/labusadelloro.com\/de\/wp-json\/wp\/v2\/users\/7"}],"replies":[{"embeddable":true,"href":"https:\/\/labusadelloro.com\/de\/wp-json\/wp\/v2\/comments?post=4950"}],"version-history":[{"count":3,"href":"https:\/\/labusadelloro.com\/de\/wp-json\/wp\/v2\/pages\/4950\/revisions"}],"predecessor-version":[{"id":10728,"href":"https:\/\/labusadelloro.com\/de\/wp-json\/wp\/v2\/pages\/4950\/revisions\/10728"}],"wp:attachment":[{"href":"https:\/\/labusadelloro.com\/de\/wp-json\/wp\/v2\/media?parent=4950"}],"curies":[{"name":"wp","href":"https:\/\/api.w.org\/{rel}","templated":true}]}}