{"id":10923,"date":"2025-10-31T16:29:30","date_gmt":"2025-10-31T15:29:30","guid":{"rendered":"https:\/\/labusadelloro.com\/attivita-2\/"},"modified":"2025-11-03T22:36:30","modified_gmt":"2025-11-03T21:36:30","slug":"attivita-2","status":"publish","type":"page","link":"https:\/\/labusadelloro.com\/fr\/attivita-2\/","title":{"rendered":"Attivit\u00e0"},"content":{"rendered":"<div class=\"wpb-content-wrapper\"><p>[vc_row full_width=\u00a0\u00bbstretch_row\u00a0\u00bb equal_height=\u00a0\u00bbyes\u00a0\u00bb woodmart_bg_position=\u00a0\u00bbleft-bottom\u00a0\u00bb css=\u00a0\u00bb.vc_custom_1692772919706{margin-top: -40px !important;margin-right: 0px !important;margin-left: 0px !important;border-right-width: 10px !important;border-left-width: 10px !important;padding-top: 20px !important;padding-bottom: 20px !important;background-image: url(https:\/\/labusadelloro.com\/wp-content\/uploads\/2017\/11\/mtb-colli-euganei-header-00.jpg?id=4053) !important;background-position: center !important;background-repeat: no-repeat !important;background-size: cover !important;border-left-color: #ffffff !important;border-left-style: solid !important;border-right-color: #ffffff !important;border-right-style: solid !important;}\u00a0\u00bb woodmart_css_id=\u00a0\u00bb64e5aa067adb5&Prime; responsive_spacing=\u00a0\u00bbeyJwYXJhbV90eXBlIjoid29vZG1hcnRfcmVzcG9uc2l2ZV9zcGFjaW5nIiwic2VsZWN0b3JfaWQiOiI2NGU1YWEwNjdhZGI1Iiwic2hvcnRjb2RlIjoidmNfcm93IiwiZGF0YSI6eyJ0YWJsZXQiOnt9LCJtb2JpbGUiOnt9fX0=\u00a0\u00bb mobile_bg_img_hidden=\u00a0\u00bbno\u00a0\u00bb tablet_bg_img_hidden=\u00a0\u00bbno\u00a0\u00bb woodmart_parallax=\u00a0\u00bb0&Prime; woodmart_gradient_switch=\u00a0\u00bbyes\u00a0\u00bb woodmart_box_shadow=\u00a0\u00bbno\u00a0\u00bb wd_z_index=\u00a0\u00bbno\u00a0\u00bb woodmart_disable_overflow=\u00a0\u00bb0&Prime; row_reverse_mobile=\u00a0\u00bb0&Prime; row_reverse_tablet=\u00a0\u00bb0&Prime; woodmart_color_gradient=\u00a0\u00bbrgba(0, 0, 0, 0.5)-0\/rgba(0, 0, 0, 0.5)-100\/|linear-gradient(top , rgba(0, 0, 0, 0.5) , rgba(0, 0, 0, 0.5) 100%)|linear|top\u00a0\u00bb][vc_column css=\u00a0\u00bb.vc_custom_1692284849437{margin-right: 0px !important;margin-left: 0px !important;}\u00a0\u00bb woodmart_css_id=\u00a0\u00bb64de3793d648a\u00a0\u00bb parallax_scroll=\u00a0\u00bbno\u00a0\u00bb woodmart_sticky_column=\u00a0\u00bbfalse\u00a0\u00bb wd_collapsible_content_switcher=\u00a0\u00bbno\u00a0\u00bb wd_column_role_offcanvas_desktop=\u00a0\u00bbno\u00a0\u00bb wd_column_role_offcanvas_tablet=\u00a0\u00bbno\u00a0\u00bb wd_column_role_offcanvas_mobile=\u00a0\u00bbno\u00a0\u00bb wd_column_role_content_desktop=\u00a0\u00bbno\u00a0\u00bb wd_column_role_content_tablet=\u00a0\u00bbno\u00a0\u00bb wd_column_role_content_mobile=\u00a0\u00bbno\u00a0\u00bb mobile_bg_img_hidden=\u00a0\u00bbno\u00a0\u00bb tablet_bg_img_hidden=\u00a0\u00bbno\u00a0\u00bb woodmart_parallax=\u00a0\u00bb0&Prime; woodmart_box_shadow=\u00a0\u00bbno\u00a0\u00bb responsive_spacing=\u00a0\u00bbeyJwYXJhbV90eXBlIjoid29vZG1hcnRfcmVzcG9uc2l2ZV9zcGFjaW5nIiwic2VsZWN0b3JfaWQiOiI2NGRlMzc5M2Q2NDhhIiwic2hvcnRjb2RlIjoidmNfY29sdW1uIiwiZGF0YSI6eyJ0YWJsZXQiOnt9LCJtb2JpbGUiOnt9fX0=\u00a0\u00bb mobile_reset_margin=\u00a0\u00bbno\u00a0\u00bb tablet_reset_margin=\u00a0\u00bbno\u00a0\u00bb wd_z_index=\u00a0\u00bbno\u00a0\u00bb]\n\t\t<div id=\"wd-64e4855a065bf\" class=\"title-wrapper wd-wpb wd-set-mb reset-last-child  wd-rs-64e4855a065bf wd-title-color-white wd-title-style-default text-center vc_custom_1692698071756 wd-width-enabled wd-underline-colored\" style=\"--wd-max-width: 80%;\">\n\t\t\t\t\t\t\t\n\t\t\t\t<div class=\"title-subtitle  subtitle-color-white font-default subtitle-style-default wd-font-weight-500 wd-fontsize-xs\">COMMENT PASSER VOS VACANCES<\/div>\n\t\t\t\n\t\t\t<div class=\"liner-continer\">\n\t\t\t\t<h1 class=\"woodmart-title-container title  wd-font-weight- wd-fontsize-l\" >ACTIVIT\u00c9S<\/h1>\n\t\t\t\t\t\t\t<\/div>\n\t\t\t\n\t\t\t\t\t\t\t<div class=\"title-after_title reset-last-child  wd-fontsize-xs\">Bienvenue \u00e0 la ferme Busa dell'Oro, o\u00f9 un monde d'aventures et d'exp\u00e9riences extraordinaires vous attend, pr\u00eat \u00e0 enrichir votre s\u00e9jour.<\/div>\n\t\t\t\n\t\t\t\n\t\t<\/div>\n\t\t\n\t\t[\/vc_column][\/vc_row][vc_row equal_height=\u00a0\u00bbyes\u00a0\u00bb woodmart_css_id=\u00a0\u00bb64e4d5b57611d\u00a0\u00bb responsive_spacing=\u00a0\u00bbeyJwYXJhbV90eXBlIjoid29vZG1hcnRfcmVzcG9uc2l2ZV9zcGFjaW5nIiwic2VsZWN0b3JfaWQiOiI2NGU0ZDViNTc2MTFkIiwic2hvcnRjb2RlIjoidmNfcm93IiwiZGF0YSI6eyJ0YWJsZXQiOnt9LCJtb2JpbGUiOnt9fX0=\u00a0\u00bb mobile_bg_img_hidden=\u00a0\u00bbno\u00a0\u00bb tablet_bg_img_hidden=\u00a0\u00bbno\u00a0\u00bb woodmart_parallax=\u00a0\u00bb0&Prime; woodmart_gradient_switch=\u00a0\u00bbno\u00a0\u00bb woodmart_box_shadow=\u00a0\u00bbno\u00a0\u00bb wd_z_index=\u00a0\u00bbno\u00a0\u00bb woodmart_disable_overflow=\u00a0\u00bb0&Prime; row_reverse_mobile=\u00a0\u00bb0&Prime; row_reverse_tablet=\u00a0\u00bb0&Prime;][vc_column width=\u00a0\u00bb1\/2&Prime;]\t\t<div class=\"promo-banner-wrapper  wd-rs-6909201b7249b vc_custom_1762205742339\">\n\t\t\t<div id=\"wd-6909201b7249b\" class=\"promo-banner  banner- banner-hover-zoom color-scheme-light banner-btn-size-default banner-btn-style-default  with-btn banner-btn-position-static wd-with-link wd-underline-colored\">\n\t\t\t\t<div class=\"main-wrapp-img\">\n\t\t\t\t\t<div class=\"banner-image wd-bg-position-center\" >\n\t\t\t\t\t\t<img loading=\"lazy\" decoding=\"async\" width=\"2560\" height=\"1707\" src=\"https:\/\/labusadelloro.com\/wp-content\/uploads\/2021\/02\/greta-farnedi-ib_dpaRtio-unsplash-scaled.jpg\" class=\"attachment-full size-full\" alt=\"summer\" \/>\t\t\t\t\t<\/div>\n\t\t\t\t<\/div>\n\n\t\t\t\t<div class=\"wrapper-content-banner wd-fill  wd-items-bottom wd-justify-center\">\n\t\t\t\t\t<div class=\"content-banner  text-left\">\n\t\t\t\t\t\t<h2 class=\"banner-title wd-font-weight- wd-fontsize-l\">TREKKING ET ESCALADE<\/h2>\t\t\t\t\t\t\n\t\t\t\t\t\t\n\t\t\t\t\t\t<div class=\"banner-btn-wrapper\"><div id=\"wd-69fabb45eb08b\" class=\"  wd-button-wrapper text-left\"><a href=\"https:\/\/labusadelloro.com\/fr\/attivita-2\/chemins-et-sentiers\/\" title=\"Chemins et sentiers\" class=\"btn btn-color-white btn-style-default btn-shape-rectangle btn-size-default\">D\u00c9COUVRIR<\/a><\/div><\/div>\t\t\t\t\t<\/div>\n\t\t\t\t<\/div>\n\n\t\t\t\t\t\t\t\t\t<a class=\"wd-promo-banner-link wd-fill\" aria-label=\"Banner link\" href=\"https:\/\/labusadelloro.com\/fr\/attivita-2\/chemins-et-sentiers\/\" title=\"Chemins et sentiers\"><\/a>\n\t\t\t\t\n\t\t\t\t\t\t\t<\/div>\n\t\t<\/div>\n\n\t\t[vc_column_text]Les collines Eugan\u00e9ennes pour les amateurs de trekking, de marche nordique et d&rsquo;escalade. Des itin\u00e9raires pour les d\u00e9butants mais aussi pour les professionnels avec diff\u00e9rents niveaux de difficult\u00e9.[\/vc_column_text][\/vc_column][vc_column width=\u00a0\u00bb1\/2&Prime;]\t\t<div class=\"promo-banner-wrapper  wd-rs-6909203119c67 vc_custom_1762205756950\">\n\t\t\t<div id=\"wd-6909203119c67\" class=\"promo-banner  banner- banner-hover-zoom color-scheme-light banner-btn-size-default banner-btn-style-default  with-btn banner-btn-position-static wd-with-link wd-underline-colored\">\n\t\t\t\t<div class=\"main-wrapp-img\">\n\t\t\t\t\t<div class=\"banner-image wd-bg-position-center\" >\n\t\t\t\t\t\t<img loading=\"lazy\" decoding=\"async\" width=\"800\" height=\"462\" src=\"https:\/\/labusadelloro.com\/wp-content\/uploads\/2018\/02\/mtb_traversatacolli85km.jpg\" class=\"attachment-800x600 size-800x600\" alt=\"mtb_traversatacolli85km\" \/>\t\t\t\t\t<\/div>\n\t\t\t\t<\/div>\n\n\t\t\t\t<div class=\"wrapper-content-banner wd-fill  wd-items-bottom wd-justify-center\">\n\t\t\t\t\t<div class=\"content-banner  text-left\">\n\t\t\t\t\t\t<h2 class=\"banner-title wd-font-weight- wd-fontsize-l\">V\u00c9LO<\/h2>\t\t\t\t\t\t\n\t\t\t\t\t\t\n\t\t\t\t\t\t<div class=\"banner-btn-wrapper\"><div id=\"wd-69fabb45eb5cc\" class=\"  wd-button-wrapper text-left\"><a href=\"https:\/\/labusadelloro.com\/fr\/attivita-2\/la-bicyclette\/\" title=\"La bicyclette\" class=\"btn btn-color-white btn-style-default btn-shape-rectangle btn-size-default\">D\u00c9COUVRIR<\/a><\/div><\/div>\t\t\t\t\t<\/div>\n\t\t\t\t<\/div>\n\n\t\t\t\t\t\t\t\t\t<a class=\"wd-promo-banner-link wd-fill\" aria-label=\"Banner link\" href=\"https:\/\/labusadelloro.com\/fr\/attivita-2\/la-bicyclette\/\" title=\"La bicyclette\"><\/a>\n\t\t\t\t\n\t\t\t\t\t\t\t<\/div>\n\t\t<\/div>\n\n\t\t[vc_column_text]Cyclotourisme, VTT et v\u00e9lo de route pour les amateurs de cyclisme. Synergie terre et ciel dans les collines eugan\u00e9ennes pour les sportifs.[\/vc_column_text][\/vc_column][\/vc_row][vc_row equal_height=\u00a0\u00bbyes\u00a0\u00bb woodmart_css_id=\u00a0\u00bb64e4d5d17a814&Prime; responsive_spacing=\u00a0\u00bbeyJwYXJhbV90eXBlIjoid29vZG1hcnRfcmVzcG9uc2l2ZV9zcGFjaW5nIiwic2VsZWN0b3JfaWQiOiI2NGU0ZDVkMTdhODE0Iiwic2hvcnRjb2RlIjoidmNfcm93IiwiZGF0YSI6eyJ0YWJsZXQiOnt9LCJtb2JpbGUiOnt9fX0=\u00a0\u00bb mobile_bg_img_hidden=\u00a0\u00bbno\u00a0\u00bb tablet_bg_img_hidden=\u00a0\u00bbno\u00a0\u00bb woodmart_parallax=\u00a0\u00bb0&Prime; woodmart_gradient_switch=\u00a0\u00bbno\u00a0\u00bb woodmart_box_shadow=\u00a0\u00bbno\u00a0\u00bb wd_z_index=\u00a0\u00bbno\u00a0\u00bb woodmart_disable_overflow=\u00a0\u00bb0&Prime; row_reverse_mobile=\u00a0\u00bb0&Prime; row_reverse_tablet=\u00a0\u00bb0&Prime;][vc_column width=\u00a0\u00bb1\/2&Prime;]\t\t<div class=\"promo-banner-wrapper  wd-rs-6909203f51303 vc_custom_1762205769648\">\n\t\t\t<div id=\"wd-6909203f51303\" class=\"promo-banner  banner- banner-hover-zoom color-scheme-light banner-btn-size-default banner-btn-style-default  with-btn banner-btn-position-static wd-with-link wd-underline-colored\">\n\t\t\t\t<div class=\"main-wrapp-img\">\n\t\t\t\t\t<div class=\"banner-image wd-bg-position-left\" >\n\t\t\t\t\t\t<img loading=\"lazy\" decoding=\"async\" width=\"640\" height=\"427\" src=\"https:\/\/labusadelloro.com\/wp-content\/uploads\/2018\/02\/golf-club-colli-euganei.jpg\" class=\"attachment-800x600 size-800x600\" alt=\"golf-club-colli-euganei\" \/>\t\t\t\t\t<\/div>\n\t\t\t\t<\/div>\n\n\t\t\t\t<div class=\"wrapper-content-banner wd-fill  wd-items-bottom wd-justify-center\">\n\t\t\t\t\t<div class=\"content-banner  text-left\">\n\t\t\t\t\t\t<h2 class=\"banner-title wd-font-weight- wd-fontsize-l\">GOLF<\/h2>\t\t\t\t\t\t\n\t\t\t\t\t\t\n\t\t\t\t\t\t<div class=\"banner-btn-wrapper\"><div id=\"wd-69fabb45eb8c4\" class=\"  wd-button-wrapper text-left\"><a href=\"https:\/\/labusadelloro.com\/fr\/attivita-2\/golf-club\/\" title=\"Les clubs de golf des collines Eugan\u00e9ennes\" class=\"btn btn-color-white btn-style-default btn-shape-rectangle btn-size-default\">D\u00c9COUVRIR<\/a><\/div><\/div>\t\t\t\t\t<\/div>\n\t\t\t\t<\/div>\n\n\t\t\t\t\t\t\t\t\t<a class=\"wd-promo-banner-link wd-fill\" aria-label=\"Banner link\" href=\"https:\/\/labusadelloro.com\/fr\/attivita-2\/golf-club\/\" title=\"Les clubs de golf des collines Eugan\u00e9ennes\"><\/a>\n\t\t\t\t\n\t\t\t\t\t\t\t<\/div>\n\t\t<\/div>\n\n\t\t[vc_column_text]<span style=\"font-weight: 400;\">4 terrains de golf de diff\u00e9rents niveaux pour les amateurs de golf. D&rsquo;immenses espaces verts naturels o\u00f9 vous pourrez vous d\u00e9tendre \u00e0 quelques kilom\u00e8tres du B&amp;B. <\/span>[\/vc_column_text][\/vc_column][vc_column width=\u00a0\u00bb1\/2&Prime;]\t\t<div class=\"promo-banner-wrapper  wd-rs-6909204b479ac vc_custom_1762205785879\">\n\t\t\t<div id=\"wd-6909204b479ac\" class=\"promo-banner  banner- banner-hover-zoom color-scheme-light banner-btn-size-default banner-btn-style-default  with-btn banner-btn-position-static wd-with-link wd-underline-colored\">\n\t\t\t\t<div class=\"main-wrapp-img\">\n\t\t\t\t\t<div class=\"banner-image wd-bg-position-center\" >\n\t\t\t\t\t\t<img loading=\"lazy\" decoding=\"async\" width=\"800\" height=\"600\" src=\"https:\/\/labusadelloro.com\/wp-content\/uploads\/2023\/08\/y-40-piscina-montegrotto-902x660-1-800x600.jpg\" class=\"attachment-800x600 size-800x600\" alt=\"\" \/>\t\t\t\t\t<\/div>\n\t\t\t\t<\/div>\n\n\t\t\t\t<div class=\"wrapper-content-banner wd-fill  wd-items-bottom wd-justify-center\">\n\t\t\t\t\t<div class=\"content-banner  text-left\">\n\t\t\t\t\t\t<h2 class=\"banner-title wd-font-weight- wd-fontsize-l\">PLONGEE Y40<\/h2>\t\t\t\t\t\t\n\t\t\t\t\t\t\n\t\t\t\t\t\t<div class=\"banner-btn-wrapper\"><div id=\"wd-69fabb45ebb21\" class=\"  wd-button-wrapper text-left\"><a href=\"https:\/\/labusadelloro.com\/fr\/attivita-2\/plongee-y-40\/\" title=\"Les clubs de golf des collines Eugan\u00e9ennes\" class=\"btn btn-color-white btn-style-default btn-shape-rectangle btn-size-default\">D\u00c9COUVRIR<\/a><\/div><\/div>\t\t\t\t\t<\/div>\n\t\t\t\t<\/div>\n\n\t\t\t\t\t\t\t\t\t<a class=\"wd-promo-banner-link wd-fill\" aria-label=\"Banner link\" href=\"https:\/\/labusadelloro.com\/fr\/attivita-2\/plongee-y-40\/\" title=\"Les clubs de golf des collines Eugan\u00e9ennes\"><\/a>\n\t\t\t\t\n\t\t\t\t\t\t\t<\/div>\n\t\t<\/div>\n\n\t\t[vc_column_text]\u00c0 Montegrotto Terme, ville thermale d&rsquo;excellence, na\u00eet la premi\u00e8re et unique piscine thermale, la plus profonde du monde, destin\u00e9e aux plongeurs : Y-40 The Deep Joy.[\/vc_column_text][\/vc_column][\/vc_row]<\/p>\n<\/div>","protected":false},"excerpt":{"rendered":"<p>[vc_row full_width=\u00a0\u00bbstretch_row\u00a0\u00bb equal_height=\u00a0\u00bbyes\u00a0\u00bb woodmart_bg_position=\u00a0\u00bbleft-bottom\u00a0\u00bb css=\u00a0\u00bb.vc_custom_1692772919706{margin-top: -40px !important;margin-right: 0px !important;margin-left: 0px !important;border-right-width: 10px !important;border-left-width: 10px !important;padding-top: 20px !important;padding-bottom: 20px !important;background-image: url(https:\/\/labusadelloro.com\/wp-content\/uploads\/2017\/11\/mtb-colli-euganei-header-00.jpg?id=4053)<\/p>\n","protected":false},"author":7,"featured_media":0,"parent":0,"menu_order":0,"comment_status":"closed","ping_status":"closed","template":"","meta":{"_monsterinsights_skip_tracking":false,"_monsterinsights_sitenote_active":false,"_monsterinsights_sitenote_note":"","_monsterinsights_sitenote_category":0,"footnotes":""},"class_list":["post-10923","page","type-page","status-publish","hentry"],"yoast_head":"<!-- This site is optimized with the Yoast SEO plugin v27.5 - https:\/\/yoast.com\/product\/yoast-seo-wordpress\/ -->\n<title>B&amp;B Busa dell&#039;Oro - Sport, activit\u00e9s, gastronomie et vins - Collines Eugan\u00e9ennes<\/title>\n<meta name=\"description\" content=\"Les collines Eugan\u00e9ennes sont une destination id\u00e9ale pour les amateurs de trekking, de marche nordique et d&#039;escalade, mais aussi pour ceux qui aiment faire du v\u00e9lo ou jouer au golf sur les quatre terrains de la r\u00e9gion. Et enfin pour satisfaire les plaisirs du palais avec les visites \u0153nogastronomiques dans les caves \u00e0 vin et les trattorias de la r\u00e9gion.\" \/>\n<meta name=\"robots\" content=\"index, follow, max-snippet:-1, max-image-preview:large, max-video-preview:-1\" \/>\n<link rel=\"canonical\" href=\"https:\/\/labusadelloro.com\/fr\/attivita-2\/\" \/>\n<meta name=\"twitter:card\" content=\"summary_large_image\" \/>\n<meta name=\"twitter:title\" content=\"B&amp;B Busa dell&#039;Oro - Sport, activit\u00e9s, gastronomie et vins - Collines Eugan\u00e9ennes\" \/>\n<meta name=\"twitter:description\" content=\"Les collines Eugan\u00e9ennes sont une destination id\u00e9ale pour les amateurs de trekking, de marche nordique et d&#039;escalade, mais aussi pour ceux qui aiment faire du v\u00e9lo ou jouer au golf sur les quatre terrains de la r\u00e9gion. Et enfin pour satisfaire les plaisirs du palais avec les visites \u0153nogastronomiques dans les caves \u00e0 vin et les trattorias de la r\u00e9gion.\" \/>\n<meta name=\"twitter:label1\" content=\"Dur\u00e9e de lecture estim\u00e9e\" \/>\n\t<meta name=\"twitter:data1\" content=\"3 minutes\" \/>\n<script type=\"application\/ld+json\" class=\"yoast-schema-graph\">{\"@context\":\"https:\\\/\\\/schema.org\",\"@graph\":[{\"@type\":\"WebPage\",\"@id\":\"https:\\\/\\\/labusadelloro.com\\\/fr\\\/attivita-2\\\/\",\"url\":\"https:\\\/\\\/labusadelloro.com\\\/fr\\\/attivita-2\\\/\",\"name\":\"B&B Busa dell'Oro - Sport, activit\u00e9s, gastronomie et vins - Collines Eugan\u00e9ennes\",\"isPartOf\":{\"@id\":\"https:\\\/\\\/labusadelloro.com\\\/it\\\/#website\"},\"datePublished\":\"2025-10-31T15:29:30+00:00\",\"dateModified\":\"2025-11-03T21:36:30+00:00\",\"description\":\"Les collines Eugan\u00e9ennes sont une destination id\u00e9ale pour les amateurs de trekking, de marche nordique et d'escalade, mais aussi pour ceux qui aiment faire du v\u00e9lo ou jouer au golf sur les quatre terrains de la r\u00e9gion. Et enfin pour satisfaire les plaisirs du palais avec les visites \u0153nogastronomiques dans les caves \u00e0 vin et les trattorias de la r\u00e9gion.\",\"breadcrumb\":{\"@id\":\"https:\\\/\\\/labusadelloro.com\\\/fr\\\/attivita-2\\\/#breadcrumb\"},\"inLanguage\":\"fr-FR\",\"potentialAction\":[{\"@type\":\"ReadAction\",\"target\":[\"https:\\\/\\\/labusadelloro.com\\\/fr\\\/attivita-2\\\/\"]}]},{\"@type\":\"BreadcrumbList\",\"@id\":\"https:\\\/\\\/labusadelloro.com\\\/fr\\\/attivita-2\\\/#breadcrumb\",\"itemListElement\":[{\"@type\":\"ListItem\",\"position\":1,\"name\":\"Home\",\"item\":\"https:\\\/\\\/labusadelloro.com\\\/fr\\\/\"},{\"@type\":\"ListItem\",\"position\":2,\"name\":\"Attivit\u00e0\"}]},{\"@type\":\"WebSite\",\"@id\":\"https:\\\/\\\/labusadelloro.com\\\/it\\\/#website\",\"url\":\"https:\\\/\\\/labusadelloro.com\\\/it\\\/\",\"name\":\"Fattoria Busa dell&#039;Oro\",\"description\":\"Bed and Breakfast Colli Euganei\",\"potentialAction\":[{\"@type\":\"SearchAction\",\"target\":{\"@type\":\"EntryPoint\",\"urlTemplate\":\"https:\\\/\\\/labusadelloro.com\\\/it\\\/?s={search_term_string}\"},\"query-input\":{\"@type\":\"PropertyValueSpecification\",\"valueRequired\":true,\"valueName\":\"search_term_string\"}}],\"inLanguage\":\"fr-FR\"}]}<\/script>\n<!-- \/ Yoast SEO plugin. -->","yoast_head_json":{"title":"B&B Busa dell'Oro - Sport, activit\u00e9s, gastronomie et vins - Collines Eugan\u00e9ennes","description":"Les collines Eugan\u00e9ennes sont une destination id\u00e9ale pour les amateurs de trekking, de marche nordique et d'escalade, mais aussi pour ceux qui aiment faire du v\u00e9lo ou jouer au golf sur les quatre terrains de la r\u00e9gion. Et enfin pour satisfaire les plaisirs du palais avec les visites \u0153nogastronomiques dans les caves \u00e0 vin et les trattorias de la r\u00e9gion.","robots":{"index":"index","follow":"follow","max-snippet":"max-snippet:-1","max-image-preview":"max-image-preview:large","max-video-preview":"max-video-preview:-1"},"canonical":"https:\/\/labusadelloro.com\/fr\/attivita-2\/","twitter_card":"summary_large_image","twitter_title":"B&B Busa dell'Oro - Sport, activit\u00e9s, gastronomie et vins - Collines Eugan\u00e9ennes","twitter_description":"Les collines Eugan\u00e9ennes sont une destination id\u00e9ale pour les amateurs de trekking, de marche nordique et d'escalade, mais aussi pour ceux qui aiment faire du v\u00e9lo ou jouer au golf sur les quatre terrains de la r\u00e9gion. Et enfin pour satisfaire les plaisirs du palais avec les visites \u0153nogastronomiques dans les caves \u00e0 vin et les trattorias de la r\u00e9gion.","twitter_misc":{"Dur\u00e9e de lecture estim\u00e9e":"3 minutes"},"schema":{"@context":"https:\/\/schema.org","@graph":[{"@type":"WebPage","@id":"https:\/\/labusadelloro.com\/fr\/attivita-2\/","url":"https:\/\/labusadelloro.com\/fr\/attivita-2\/","name":"B&B Busa dell'Oro - Sport, activit\u00e9s, gastronomie et vins - Collines Eugan\u00e9ennes","isPartOf":{"@id":"https:\/\/labusadelloro.com\/it\/#website"},"datePublished":"2025-10-31T15:29:30+00:00","dateModified":"2025-11-03T21:36:30+00:00","description":"Les collines Eugan\u00e9ennes sont une destination id\u00e9ale pour les amateurs de trekking, de marche nordique et d'escalade, mais aussi pour ceux qui aiment faire du v\u00e9lo ou jouer au golf sur les quatre terrains de la r\u00e9gion. Et enfin pour satisfaire les plaisirs du palais avec les visites \u0153nogastronomiques dans les caves \u00e0 vin et les trattorias de la r\u00e9gion.","breadcrumb":{"@id":"https:\/\/labusadelloro.com\/fr\/attivita-2\/#breadcrumb"},"inLanguage":"fr-FR","potentialAction":[{"@type":"ReadAction","target":["https:\/\/labusadelloro.com\/fr\/attivita-2\/"]}]},{"@type":"BreadcrumbList","@id":"https:\/\/labusadelloro.com\/fr\/attivita-2\/#breadcrumb","itemListElement":[{"@type":"ListItem","position":1,"name":"Home","item":"https:\/\/labusadelloro.com\/fr\/"},{"@type":"ListItem","position":2,"name":"Attivit\u00e0"}]},{"@type":"WebSite","@id":"https:\/\/labusadelloro.com\/it\/#website","url":"https:\/\/labusadelloro.com\/it\/","name":"Fattoria Busa dell&#039;Oro","description":"Bed and Breakfast Colli Euganei","potentialAction":[{"@type":"SearchAction","target":{"@type":"EntryPoint","urlTemplate":"https:\/\/labusadelloro.com\/it\/?s={search_term_string}"},"query-input":{"@type":"PropertyValueSpecification","valueRequired":true,"valueName":"search_term_string"}}],"inLanguage":"fr-FR"}]}},"_links":{"self":[{"href":"https:\/\/labusadelloro.com\/fr\/wp-json\/wp\/v2\/pages\/10923","targetHints":{"allow":["GET"]}}],"collection":[{"href":"https:\/\/labusadelloro.com\/fr\/wp-json\/wp\/v2\/pages"}],"about":[{"href":"https:\/\/labusadelloro.com\/fr\/wp-json\/wp\/v2\/types\/page"}],"author":[{"embeddable":true,"href":"https:\/\/labusadelloro.com\/fr\/wp-json\/wp\/v2\/users\/7"}],"replies":[{"embeddable":true,"href":"https:\/\/labusadelloro.com\/fr\/wp-json\/wp\/v2\/comments?post=10923"}],"version-history":[{"count":7,"href":"https:\/\/labusadelloro.com\/fr\/wp-json\/wp\/v2\/pages\/10923\/revisions"}],"predecessor-version":[{"id":11170,"href":"https:\/\/labusadelloro.com\/fr\/wp-json\/wp\/v2\/pages\/10923\/revisions\/11170"}],"wp:attachment":[{"href":"https:\/\/labusadelloro.com\/fr\/wp-json\/wp\/v2\/media?parent=10923"}],"curies":[{"name":"wp","href":"https:\/\/api.w.org\/{rel}","templated":true}]}}