{"id":10945,"date":"2025-10-31T16:32:34","date_gmt":"2025-10-31T15:32:34","guid":{"rendered":"https:\/\/labusadelloro.com\/attivita-2\/la-bicyclette\/"},"modified":"2025-11-03T22:28:33","modified_gmt":"2025-11-03T21:28:33","slug":"la-bicyclette","status":"publish","type":"page","link":"https:\/\/labusadelloro.com\/fr\/attivita-2\/la-bicyclette\/","title":{"rendered":"La bicyclette"},"content":{"rendered":"<div class=\"wpb-content-wrapper\"><p>[vc_row full_width=\u00a0\u00bbstretch_row\u00a0\u00bb equal_height=\u00a0\u00bbyes\u00a0\u00bb woodmart_bg_position=\u00a0\u00bbleft-center\u00a0\u00bb css=\u00a0\u00bb.vc_custom_1692892555713{margin-top: -40px !important;margin-right: 0px !important;margin-left: 0px !important;border-right-width: 10px !important;border-left-width: 10px !important;padding-top: 20px !important;padding-bottom: 20px !important;background-image: url(https:\/\/labusadelloro.com\/wp-content\/uploads\/2017\/11\/mtb-colli-euganei-header-00.jpg?id=4053) !important;background-position: center !important;background-repeat: no-repeat !important;background-size: cover !important;border-left-color: #ffffff !important;border-left-style: solid !important;border-right-color: #ffffff !important;border-right-style: solid !important;}\u00a0\u00bb woodmart_css_id=\u00a0\u00bb64e77d67c96b2&Prime; responsive_spacing=\u00a0\u00bbeyJwYXJhbV90eXBlIjoid29vZG1hcnRfcmVzcG9uc2l2ZV9zcGFjaW5nIiwic2VsZWN0b3JfaWQiOiI2NGU3N2Q2N2M5NmIyIiwic2hvcnRjb2RlIjoidmNfcm93IiwiZGF0YSI6eyJ0YWJsZXQiOnt9LCJtb2JpbGUiOnt9fX0=\u00a0\u00bb mobile_bg_img_hidden=\u00a0\u00bbno\u00a0\u00bb tablet_bg_img_hidden=\u00a0\u00bbno\u00a0\u00bb woodmart_parallax=\u00a0\u00bb0&Prime; woodmart_gradient_switch=\u00a0\u00bbyes\u00a0\u00bb woodmart_box_shadow=\u00a0\u00bbno\u00a0\u00bb wd_z_index=\u00a0\u00bbno\u00a0\u00bb woodmart_disable_overflow=\u00a0\u00bb0&Prime; row_reverse_mobile=\u00a0\u00bb0&Prime; row_reverse_tablet=\u00a0\u00bb0&Prime; woodmart_color_gradient=\u00a0\u00bbrgba(0, 0, 0, 0.5)-0\/rgba(0, 0, 0, 0.5)-100\/|linear-gradient(left , rgba(0, 0, 0, 0.5) , rgba(0, 0, 0, 0.5) 100%)|linear|left\u00a0\u00bb][vc_column css=\u00a0\u00bb.vc_custom_1692284849437{margin-right: 0px !important;margin-left: 0px !important;}\u00a0\u00bb woodmart_css_id=\u00a0\u00bb64de3793d648a\u00a0\u00bb parallax_scroll=\u00a0\u00bbno\u00a0\u00bb woodmart_sticky_column=\u00a0\u00bbfalse\u00a0\u00bb wd_collapsible_content_switcher=\u00a0\u00bbno\u00a0\u00bb wd_column_role_offcanvas_desktop=\u00a0\u00bbno\u00a0\u00bb wd_column_role_offcanvas_tablet=\u00a0\u00bbno\u00a0\u00bb wd_column_role_offcanvas_mobile=\u00a0\u00bbno\u00a0\u00bb wd_column_role_content_desktop=\u00a0\u00bbno\u00a0\u00bb wd_column_role_content_tablet=\u00a0\u00bbno\u00a0\u00bb wd_column_role_content_mobile=\u00a0\u00bbno\u00a0\u00bb mobile_bg_img_hidden=\u00a0\u00bbno\u00a0\u00bb tablet_bg_img_hidden=\u00a0\u00bbno\u00a0\u00bb woodmart_parallax=\u00a0\u00bb0&Prime; woodmart_box_shadow=\u00a0\u00bbno\u00a0\u00bb responsive_spacing=\u00a0\u00bbeyJwYXJhbV90eXBlIjoid29vZG1hcnRfcmVzcG9uc2l2ZV9zcGFjaW5nIiwic2VsZWN0b3JfaWQiOiI2NGRlMzc5M2Q2NDhhIiwic2hvcnRjb2RlIjoidmNfY29sdW1uIiwiZGF0YSI6eyJ0YWJsZXQiOnt9LCJtb2JpbGUiOnt9fX0=\u00a0\u00bb mobile_reset_margin=\u00a0\u00bbno\u00a0\u00bb tablet_reset_margin=\u00a0\u00bbno\u00a0\u00bb wd_z_index=\u00a0\u00bbno\u00a0\u00bb]\n\t\t<div id=\"wd-64e833441c995\" class=\"title-wrapper wd-wpb wd-set-mb reset-last-child  wd-rs-64e833441c995 wd-title-color-white wd-title-style-default text-center vc_custom_1692939110713 wd-width-enabled wd-underline-colored\" style=\"--wd-max-width: 80%;\">\n\t\t\t\t\t\t\t\n\t\t\t\t<div class=\"title-subtitle  subtitle-color-white font-default subtitle-style-default wd-font-weight-500 wd-fontsize-xs\">MTB ET CYCLOTOURISME COLLINES EUGAN\u00c9ENNES<\/div>\n\t\t\t\n\t\t\t<div class=\"liner-continer\">\n\t\t\t\t<h1 class=\"woodmart-title-container title  wd-font-weight- wd-fontsize-l\" >EN BICYCLETTE<\/h1>\n\t\t\t\t\t\t\t<\/div>\n\t\t\t\n\t\t\t\t\t\t\t<div class=\"title-after_title reset-last-child  wd-fontsize-xs\">Cyclotourisme, VTT et v\u00e9lo de route pour les amateurs de cyclisme. Synergie terre et ciel dans les collines eugan\u00e9ennes pour les sportifs.<\/div>\n\t\t\t\n\t\t\t\n\t\t<\/div>\n\t\t\n\t\t[\/vc_column][\/vc_row][vc_row][vc_column width=\u00a0\u00bb1\/2&Prime;][vc_single_image image=\u00a0\u00bb4024&Prime; img_size=\u00a0\u00bblarge\u00a0\u00bb onclick=\u00a0\u00bblink_image\u00a0\u00bb][\/vc_column][vc_column width=\u00a0\u00bb1\/2&Prime;][vc_column_text]<\/p>\n<h3>Cyclotourisme : Piste cyclable des collines Eugan\u00e9ennes &#8211; Route E2<\/h3>\n<p>Le parcours de 68 km commence au pied du B&amp;B, en empruntant le chemin de terre qui m\u00e8ne au centre de la spiritualit\u00e9 b\u00e9n\u00e9dictine : l&rsquo;abbaye de Praglia. Il se poursuit en direction d&rsquo;Abano et de Montegrotto Terme, les principales villes thermales pour la sant\u00e9 et le bien-\u00eatre. En poursuivant la route circulaire, nous descendons vers les villes de Battaglia Terme, Monselice et Este, en d\u00e9couvrant de nombreuses beaut\u00e9s artistiques et architecturales de la V\u00e9n\u00e9tie, comme le ch\u00e2teau de Catajo, la forteresse m\u00e9di\u00e9vale de Monselice et le ch\u00e2teau d&rsquo;Estense du XIVe si\u00e8cle. Nous grimpons ensuite sur le mont Lozzo, en passant par V\u00f2 Vecchio et Bastia di Rovolon dans une \u00e9tendue de vignobles pour atteindre notre point de d\u00e9part.<\/p>\n<p><strong>Itin\u00e9raire : <a href=\"https:\/\/labusadelloro.com\/wp-content\/uploads\/2018\/02\/e2-pdf.pdf\" target=\"_blank\" rel=\"noopener\">T\u00e9l\u00e9charger le pdf<\/a><\/strong>[\/vc_column_text][\/vc_column][\/vc_row][vc_row full_width=\u00a0\u00bbstretch_row\u00a0\u00bb css=\u00a0\u00bb.vc_custom_1694617586791{background-color: #f7f7f7 !important;}\u00a0\u00bb woodmart_css_id=\u00a0\u00bb6501cfee32a84&Prime; responsive_spacing=\u00a0\u00bbeyJwYXJhbV90eXBlIjoid29vZG1hcnRfcmVzcG9uc2l2ZV9zcGFjaW5nIiwic2VsZWN0b3JfaWQiOiI2NTAxY2ZlZTMyYTg0Iiwic2hvcnRjb2RlIjoidmNfcm93IiwiZGF0YSI6eyJ0YWJsZXQiOnt9LCJtb2JpbGUiOnt9fX0=\u00a0\u00bb mobile_bg_img_hidden=\u00a0\u00bbno\u00a0\u00bb tablet_bg_img_hidden=\u00a0\u00bbno\u00a0\u00bb woodmart_parallax=\u00a0\u00bb0&Prime; woodmart_gradient_switch=\u00a0\u00bbno\u00a0\u00bb woodmart_box_shadow=\u00a0\u00bbno\u00a0\u00bb wd_z_index=\u00a0\u00bbno\u00a0\u00bb woodmart_disable_overflow=\u00a0\u00bb0&Prime; row_reverse_mobile=\u00a0\u00bb1&Prime; row_reverse_tablet=\u00a0\u00bb0&Prime;][vc_column width=\u00a0\u00bb1\/2&Prime;][vc_column_text]<\/p>\n<h3>MTB : Traversata Euganea de 85 km.<\/h3>\n<p>Partant de la piste cyclable E2 de Montegrotto Terme, l&rsquo;itin\u00e9raire serpente en direction d&rsquo;Este, puis du Monte Fasolo et des splendides paysages environnants. La proximit\u00e9 de Padoue permet \u00e9galement d&rsquo;int\u00e9grer l&rsquo;itin\u00e9raire en d\u00e9couvrant le patrimoine culturel et gastronomique local.<br \/>\nItin\u00e9raire avec une diff\u00e9rence altim\u00e9trique de 366 m, une mont\u00e9e totale de 1346 m et une descente totale de 1345 m. Coordonn\u00e9es g\u00e9ophysiques : 1123<\/p>\n<p><strong>Itin\u00e9raire :<\/strong> <a href=\"http:\/\/bit.ly\/2nBfe0q\" target=\"_blank\" rel=\"noopener\">http:\/\/bit.ly\/2nBfe0q<\/a>[\/vc_column_text][\/vc_column][vc_column width=\u00a0\u00bb1\/2&Prime;][vc_single_image image=\u00a0\u00bb10960&Prime; img_size=\u00a0\u00bblarge\u00a0\u00bb onclick=\u00a0\u00bblink_image\u00a0\u00bb][\/vc_column][\/vc_row][vc_row][vc_column width=\u00a0\u00bb1\/2&Prime;][vc_single_image image=\u00a0\u00bb10948&Prime; img_size=\u00a0\u00bblarge\u00a0\u00bb][\/vc_column][vc_column width=\u00a0\u00bb1\/2&Prime;][vc_column_text]<\/p>\n<h3>V\u00c9LO DE ROUTE : Tour des collines Eugan\u00e9ennes et Berici<\/h3>\n<p>Parcours de 91 km avec un d\u00e9nivel\u00e9 de 750 m. Au d\u00e9part du B&amp;B, nous rejoignons Torreglia et continuons en direction de Castelnuovo. Nous descendons vers Teolo, en longeant les rochers de la Rocca Pendice jusqu&rsquo;au village caract\u00e9ristique de Vo&rsquo; Vecchio, qui s\u00e9pare la zone eugan\u00e9enne des collines Berici. Nous continuons vers Barbarano Vicentino jusqu&rsquo;\u00e0 Vicence, la capitale des Berici, en passant par le lac Fimon. Apr\u00e8s avoir atteint le Sanctuaire de Monte Berico, vous ne pourrez pas manquer de visiter le centre historique de la ville.[\/vc_column_text][\/vc_column][\/vc_row][vc_row full_width=\u00a0\u00bbstretch_row\u00a0\u00bb css=\u00a0\u00bb.vc_custom_1694612813193{margin-top: -10px !important;margin-bottom: 0px !important;border-top-width: 10px !important;border-right-width: 10px !important;border-bottom-width: 10px !important;border-left-width: 10px !important;padding-top: 10px !important;padding-bottom: 10px !important;background-color: #000000 !important;border-left-color: #ffffff !important;border-left-style: solid !important;border-right-color: #ffffff !important;border-right-style: solid !important;border-top-color: #ffffff !important;border-top-style: solid !important;border-bottom-color: #ffffff !important;border-bottom-style: solid !important;}\u00a0\u00bb woodmart_css_id=\u00a0\u00bb6501bd425229f\u00a0\u00bb responsive_spacing=\u00a0\u00bbeyJwYXJhbV90eXBlIjoid29vZG1hcnRfcmVzcG9uc2l2ZV9zcGFjaW5nIiwic2VsZWN0b3JfaWQiOiI2NTAxYmQ0MjUyMjlmIiwic2hvcnRjb2RlIjoidmNfcm93IiwiZGF0YSI6eyJ0YWJsZXQiOnt9LCJtb2JpbGUiOnt9fX0=\u00a0\u00bb mobile_bg_img_hidden=\u00a0\u00bbno\u00a0\u00bb tablet_bg_img_hidden=\u00a0\u00bbno\u00a0\u00bb woodmart_parallax=\u00a0\u00bb0&Prime; woodmart_gradient_switch=\u00a0\u00bbno\u00a0\u00bb woodmart_box_shadow=\u00a0\u00bbno\u00a0\u00bb wd_z_index=\u00a0\u00bbno\u00a0\u00bb woodmart_disable_overflow=\u00a0\u00bb0&Prime; row_reverse_mobile=\u00a0\u00bb0&Prime; row_reverse_tablet=\u00a0\u00bb0&Prime;][vc_column css=\u00a0\u00bb.vc_custom_1694615636312{padding-top: 15px !important;padding-bottom: 30px !important;}\u00a0\u00bb woodmart_css_id=\u00a0\u00bb6501c847e0daf\u00a0\u00bb parallax_scroll=\u00a0\u00bbno\u00a0\u00bb woodmart_sticky_column=\u00a0\u00bbfalse\u00a0\u00bb wd_collapsible_content_switcher=\u00a0\u00bbno\u00a0\u00bb wd_column_role_offcanvas_desktop=\u00a0\u00bbno\u00a0\u00bb wd_column_role_offcanvas_tablet=\u00a0\u00bbno\u00a0\u00bb wd_column_role_offcanvas_mobile=\u00a0\u00bbno\u00a0\u00bb wd_column_role_content_desktop=\u00a0\u00bbno\u00a0\u00bb wd_column_role_content_tablet=\u00a0\u00bbno\u00a0\u00bb wd_column_role_content_mobile=\u00a0\u00bbno\u00a0\u00bb mobile_bg_img_hidden=\u00a0\u00bbno\u00a0\u00bb tablet_bg_img_hidden=\u00a0\u00bbno\u00a0\u00bb woodmart_parallax=\u00a0\u00bb0&Prime; woodmart_box_shadow=\u00a0\u00bbno\u00a0\u00bb responsive_spacing=\u00a0\u00bbeyJwYXJhbV90eXBlIjoid29vZG1hcnRfcmVzcG9uc2l2ZV9zcGFjaW5nIiwic2VsZWN0b3JfaWQiOiI2NTAxYzg0N2UwZGFmIiwic2hvcnRjb2RlIjoidmNfY29sdW1uIiwiZGF0YSI6eyJ0YWJsZXQiOnt9LCJtb2JpbGUiOnt9fX0=\u00a0\u00bb mobile_reset_margin=\u00a0\u00bbno\u00a0\u00bb tablet_reset_margin=\u00a0\u00bbno\u00a0\u00bb wd_z_index=\u00a0\u00bbno\u00a0\u00bb]\n\t\t<div id=\"wd-6501a485d275b\" class=\"title-wrapper wd-wpb wd-set-mb reset-last-child  wd-rs-6501a485d275b wd-title-color-default wd-title-style-default text-left  wd-underline-colored\">\n\t\t\t\n\t\t\t<div class=\"liner-continer\">\n\t\t\t\t<h4 class=\"woodmart-title-container title  wd-font-weight- wd-fontsize-xxl\" >D\u00c9COUVREZ TOUTES LES ACTIVIT\u00c9S<\/h4>\n\t\t\t\t\t\t\t<\/div>\n\t\t\t\n\t\t\t\n\t\t\t\n\t\t<\/div>\n\t\t\n\t\t[vc_row_inner equal_height=\u00a0\u00bbyes\u00a0\u00bb content_placement=\u00a0\u00bbmiddle\u00a0\u00bb woodmart_css_id=\u00a0\u00bb6501cdd7ae2e8&Prime; responsive_spacing=\u00a0\u00bbeyJwYXJhbV90eXBlIjoid29vZG1hcnRfcmVzcG9uc2l2ZV9zcGFjaW5nIiwic2VsZWN0b3JfaWQiOiI2NTAxY2RkN2FlMmU4Iiwic2hvcnRjb2RlIjoidmNfcm93X2lubmVyIiwiZGF0YSI6eyJ0YWJsZXQiOnt9LCJtb2JpbGUiOnt9fX0=\u00a0\u00bb mobile_bg_img_hidden=\u00a0\u00bbno\u00a0\u00bb tablet_bg_img_hidden=\u00a0\u00bbno\u00a0\u00bb woodmart_parallax=\u00a0\u00bb0&Prime; woodmart_gradient_switch=\u00a0\u00bbno\u00a0\u00bb woodmart_box_shadow=\u00a0\u00bbno\u00a0\u00bb wd_z_index=\u00a0\u00bbno\u00a0\u00bb woodmart_disable_overflow=\u00a0\u00bb0&Prime; row_reverse_mobile=\u00a0\u00bb0&Prime; row_reverse_tablet=\u00a0\u00bb0&Prime;][vc_column_inner width=\u00a0\u00bb4\/12&Prime;]\t\t<div id=\"wd-6501cd2fb47b2\" class=\"wd-text-block wd-wpb reset-last-child wd-rs-6501cd2fb47b2 text-left wd-font-weight-300 wd-fontsize-custom \">\n\t\t\t<p>Un monde de possibilit\u00e9s s&rsquo;ouvre aux amateurs d&rsquo;aventure et de d\u00e9tente : trekking, VTT, golf et plong\u00e9e vous attendent sur le pas de votre porte.<\/p>\n\t\t<\/div>\n\t\t[\/vc_column_inner][vc_column_inner width=\u00a0\u00bb2\/12&Prime;]\t\t<div class=\"promo-banner-wrapper  wd-rs-69091e3dc682f vc_custom_1762205263409\">\n\t\t\t<div id=\"wd-69091e3dc682f\" class=\"promo-banner  banner- banner-hover-none color-scheme-light banner-btn-size-default banner-btn-style-default  wd-with-link wd-underline-colored\">\n\t\t\t\t<div class=\"main-wrapp-img\">\n\t\t\t\t\t<div class=\"banner-image wd-bg-position-center\" >\n\t\t\t\t\t\t<img loading=\"lazy\" decoding=\"async\" width=\"340\" height=\"200\" src=\"https:\/\/labusadelloro.com\/wp-content\/uploads\/2018\/01\/trekking-colli-00-340x200.jpg\" class=\"attachment-340x200 size-340x200\" alt=\"Trekking e arrampicata colli euganei\" \/>\t\t\t\t\t<\/div>\n\t\t\t\t<\/div>\n\n\t\t\t\t<div class=\"wrapper-content-banner wd-fill  wd-items-middle wd-justify-center\">\n\t\t\t\t\t<div class=\"content-banner  text-center\">\n\t\t\t\t\t\t<h4 class=\"banner-title wd-font-weight- wd-fontsize-s\">TREKKING ET ESCALADE<\/h4>\t\t\t\t\t\t\n\t\t\t\t\t\t\n\t\t\t\t\t\t\t\t\t\t\t<\/div>\n\t\t\t\t<\/div>\n\n\t\t\t\t\t\t\t\t\t<a class=\"wd-promo-banner-link wd-fill\" aria-label=\"Banner link\" href=\"https:\/\/labusadelloro.com\/fr\/attivita-2\/chemins-et-sentiers\/\" title=\"Chemins et sentiers\"><\/a>\n\t\t\t\t\n\t\t\t\t\t\t\t<\/div>\n\t\t<\/div>\n\n\t\t[\/vc_column_inner][vc_column_inner width=\u00a0\u00bb2\/12&Prime;]\t\t<div class=\"promo-banner-wrapper  wd-rs-69091e51e522e vc_custom_1762205282186\">\n\t\t\t<div id=\"wd-69091e51e522e\" class=\"promo-banner  banner-mask banner-hover-none color-scheme-light banner-btn-size-default banner-btn-style-default  wd-with-link wd-underline-colored\">\n\t\t\t\t<div class=\"main-wrapp-img\">\n\t\t\t\t\t<div class=\"banner-image wd-bg-position-center\" >\n\t\t\t\t\t\t<img loading=\"lazy\" decoding=\"async\" width=\"340\" height=\"200\" src=\"https:\/\/labusadelloro.com\/wp-content\/uploads\/2018\/02\/mtb_traversatacolli85km-340x200.jpg\" class=\"attachment-340x200 size-340x200\" alt=\"mtb_traversatacolli85km\" \/>\t\t\t\t\t<\/div>\n\t\t\t\t<\/div>\n\n\t\t\t\t<div class=\"wrapper-content-banner wd-fill  wd-items-middle wd-justify-left\">\n\t\t\t\t\t<div class=\"content-banner  text-center\">\n\t\t\t\t\t\t<h4 class=\"banner-title wd-font-weight- wd-fontsize-s\">MTB ET V\u00c9LO<\/h4>\t\t\t\t\t\t\n\t\t\t\t\t\t\n\t\t\t\t\t\t\t\t\t\t\t<\/div>\n\t\t\t\t<\/div>\n\n\t\t\t\t\t\t\t\t\t<a class=\"wd-promo-banner-link wd-fill\" aria-label=\"Banner link\" href=\"https:\/\/labusadelloro.com\/fr\/attivita-2\/la-bicyclette\/\" title=\"La bicyclette\"><\/a>\n\t\t\t\t\n\t\t\t\t\t\t\t<\/div>\n\t\t<\/div>\n\n\t\t[\/vc_column_inner][vc_column_inner width=\u00a0\u00bb2\/12&Prime;]\t\t<div class=\"promo-banner-wrapper  wd-rs-69091e65cf79a vc_custom_1762205299124\">\n\t\t\t<div id=\"wd-69091e65cf79a\" class=\"promo-banner  banner- banner-hover-none color-scheme-light banner-btn-size-default banner-btn-style-default  wd-with-link wd-underline-colored\">\n\t\t\t\t<div class=\"main-wrapp-img\">\n\t\t\t\t\t<div class=\"banner-image wd-bg-position-center\" >\n\t\t\t\t\t\t<img loading=\"lazy\" decoding=\"async\" width=\"340\" height=\"200\" src=\"https:\/\/labusadelloro.com\/wp-content\/uploads\/2018\/01\/golf-coli-euganei-00-340x200.jpg\" class=\"attachment-340x200 size-340x200\" alt=\"Golf colli euganei\" \/>\t\t\t\t\t<\/div>\n\t\t\t\t<\/div>\n\n\t\t\t\t<div class=\"wrapper-content-banner wd-fill  wd-items-middle wd-justify-left\">\n\t\t\t\t\t<div class=\"content-banner  text-center\">\n\t\t\t\t\t\t<h4 class=\"banner-title wd-font-weight- wd-fontsize-s\">GOLF<\/h4>\t\t\t\t\t\t\n\t\t\t\t\t\t\n\t\t\t\t\t\t\t\t\t\t\t<\/div>\n\t\t\t\t<\/div>\n\n\t\t\t\t\t\t\t\t\t<a class=\"wd-promo-banner-link wd-fill\" aria-label=\"Banner link\" href=\"https:\/\/labusadelloro.com\/fr\/attivita-2\/golf-club\/\" title=\"Attivit\u00e0\"><\/a>\n\t\t\t\t\n\t\t\t\t\t\t\t<\/div>\n\t\t<\/div>\n\n\t\t[\/vc_column_inner][vc_column_inner width=\u00a0\u00bb2\/12&Prime;]\t\t<div class=\"promo-banner-wrapper  wd-rs-69091e765ca83 vc_custom_1762205310674\">\n\t\t\t<div id=\"wd-69091e765ca83\" class=\"promo-banner  banner-mask banner-hover-none color-scheme-light banner-btn-size-default banner-btn-style-default  wd-with-link wd-underline-colored\">\n\t\t\t\t<div class=\"main-wrapp-img\">\n\t\t\t\t\t<div class=\"banner-image wd-bg-position-center\" >\n\t\t\t\t\t\t<img loading=\"lazy\" decoding=\"async\" width=\"340\" height=\"200\" src=\"https:\/\/labusadelloro.com\/wp-content\/uploads\/2018\/01\/divin-y40-colli-euganei-00-340x200.jpg\" class=\"attachment-340x200 size-340x200\" alt=\"\" \/>\t\t\t\t\t<\/div>\n\t\t\t\t<\/div>\n\n\t\t\t\t<div class=\"wrapper-content-banner wd-fill  wd-items-middle wd-justify-left\">\n\t\t\t\t\t<div class=\"content-banner  text-center\">\n\t\t\t\t\t\t<h4 class=\"banner-title wd-font-weight- wd-fontsize-s\">PLONG\u00c9E Y-40<\/h4>\t\t\t\t\t\t\n\t\t\t\t\t\t\n\t\t\t\t\t\t\t\t\t\t\t<\/div>\n\t\t\t\t<\/div>\n\n\t\t\t\t\t\t\t\t\t<a class=\"wd-promo-banner-link wd-fill\" aria-label=\"Banner link\" href=\"https:\/\/labusadelloro.com\/fr\/attivita-2\/plongee-y-40\/\" title=\"Plong\u00e9e Y-40\"><\/a>\n\t\t\t\t\n\t\t\t\t\t\t\t<\/div>\n\t\t<\/div>\n\n\t\t[\/vc_column_inner][\/vc_row_inner][\/vc_column][\/vc_row]<\/p>\n<\/div>","protected":false},"excerpt":{"rendered":"<p>[vc_row full_width=\u00a0\u00bbstretch_row\u00a0\u00bb equal_height=\u00a0\u00bbyes\u00a0\u00bb woodmart_bg_position=\u00a0\u00bbleft-center\u00a0\u00bb css=\u00a0\u00bb.vc_custom_1692892555713{margin-top: -40px !important;margin-right: 0px !important;margin-left: 0px !important;border-right-width: 10px !important;border-left-width: 10px !important;padding-top: 20px !important;padding-bottom: 20px !important;background-image: url(https:\/\/labusadelloro.com\/wp-content\/uploads\/2017\/11\/mtb-colli-euganei-header-00.jpg?id=4053)<\/p>\n","protected":false},"author":7,"featured_media":0,"parent":10923,"menu_order":0,"comment_status":"closed","ping_status":"closed","template":"","meta":{"_monsterinsights_skip_tracking":false,"_monsterinsights_sitenote_active":false,"_monsterinsights_sitenote_note":"","_monsterinsights_sitenote_category":0,"footnotes":""},"class_list":["post-10945","page","type-page","status-publish","hentry"],"yoast_head":"<!-- This site is optimized with the Yoast SEO plugin v27.5 - https:\/\/yoast.com\/product\/yoast-seo-wordpress\/ -->\n<title>La bicyclette - Fattoria Busa dell&#039;Oro<\/title>\n<meta name=\"robots\" content=\"index, follow, max-snippet:-1, max-image-preview:large, max-video-preview:-1\" \/>\n<link rel=\"canonical\" href=\"https:\/\/labusadelloro.com\/fr\/attivita-2\/la-bicyclette\/\" \/>\n<meta name=\"twitter:card\" content=\"summary_large_image\" \/>\n<meta name=\"twitter:title\" content=\"La bicyclette - Fattoria Busa dell&#039;Oro\" \/>\n<meta name=\"twitter:description\" content=\"[vc_row full_width=\u00a0\u00bbstretch_row\u00a0\u00bb equal_height=\u00a0\u00bbyes\u00a0\u00bb woodmart_bg_position=\u00a0\u00bbleft-center\u00a0\u00bb css=\u00a0\u00bb.vc_custom_1692892555713{margin-top: -40px !important;margin-right: 0px !important;margin-left: 0px !important;border-right-width: 10px !important;border-left-width: 10px !important;padding-top: 20px !important;padding-bottom: 20px !important;background-image: url(https:\/\/labusadelloro.com\/wp-content\/uploads\/2017\/11\/mtb-colli-euganei-header-00.jpg?id=4053)\" \/>\n<meta name=\"twitter:label1\" content=\"Dur\u00e9e de lecture estim\u00e9e\" \/>\n\t<meta name=\"twitter:data1\" content=\"6 minutes\" \/>\n<script type=\"application\/ld+json\" class=\"yoast-schema-graph\">{\"@context\":\"https:\\\/\\\/schema.org\",\"@graph\":[{\"@type\":\"WebPage\",\"@id\":\"https:\\\/\\\/labusadelloro.com\\\/fr\\\/attivita-2\\\/la-bicyclette\\\/\",\"url\":\"https:\\\/\\\/labusadelloro.com\\\/fr\\\/attivita-2\\\/la-bicyclette\\\/\",\"name\":\"La bicyclette - Fattoria Busa dell&#039;Oro\",\"isPartOf\":{\"@id\":\"https:\\\/\\\/labusadelloro.com\\\/it\\\/#website\"},\"datePublished\":\"2025-10-31T15:32:34+00:00\",\"dateModified\":\"2025-11-03T21:28:33+00:00\",\"breadcrumb\":{\"@id\":\"https:\\\/\\\/labusadelloro.com\\\/fr\\\/attivita-2\\\/la-bicyclette\\\/#breadcrumb\"},\"inLanguage\":\"fr-FR\",\"potentialAction\":[{\"@type\":\"ReadAction\",\"target\":[\"https:\\\/\\\/labusadelloro.com\\\/fr\\\/attivita-2\\\/la-bicyclette\\\/\"]}]},{\"@type\":\"BreadcrumbList\",\"@id\":\"https:\\\/\\\/labusadelloro.com\\\/fr\\\/attivita-2\\\/la-bicyclette\\\/#breadcrumb\",\"itemListElement\":[{\"@type\":\"ListItem\",\"position\":1,\"name\":\"Home\",\"item\":\"https:\\\/\\\/labusadelloro.com\\\/fr\\\/\"},{\"@type\":\"ListItem\",\"position\":2,\"name\":\"Attivit\u00e0\",\"item\":\"https:\\\/\\\/labusadelloro.com\\\/fr\\\/attivita-2\\\/\"},{\"@type\":\"ListItem\",\"position\":3,\"name\":\"La bicyclette\"}]},{\"@type\":\"WebSite\",\"@id\":\"https:\\\/\\\/labusadelloro.com\\\/it\\\/#website\",\"url\":\"https:\\\/\\\/labusadelloro.com\\\/it\\\/\",\"name\":\"Fattoria Busa dell&#039;Oro\",\"description\":\"Bed and Breakfast Colli Euganei\",\"potentialAction\":[{\"@type\":\"SearchAction\",\"target\":{\"@type\":\"EntryPoint\",\"urlTemplate\":\"https:\\\/\\\/labusadelloro.com\\\/it\\\/?s={search_term_string}\"},\"query-input\":{\"@type\":\"PropertyValueSpecification\",\"valueRequired\":true,\"valueName\":\"search_term_string\"}}],\"inLanguage\":\"fr-FR\"}]}<\/script>\n<!-- \/ Yoast SEO plugin. -->","yoast_head_json":{"title":"La bicyclette - Fattoria Busa dell&#039;Oro","robots":{"index":"index","follow":"follow","max-snippet":"max-snippet:-1","max-image-preview":"max-image-preview:large","max-video-preview":"max-video-preview:-1"},"canonical":"https:\/\/labusadelloro.com\/fr\/attivita-2\/la-bicyclette\/","twitter_card":"summary_large_image","twitter_title":"La bicyclette - Fattoria Busa dell&#039;Oro","twitter_description":"[vc_row full_width=\u00a0\u00bbstretch_row\u00a0\u00bb equal_height=\u00a0\u00bbyes\u00a0\u00bb woodmart_bg_position=\u00a0\u00bbleft-center\u00a0\u00bb css=\u00a0\u00bb.vc_custom_1692892555713{margin-top: -40px !important;margin-right: 0px !important;margin-left: 0px !important;border-right-width: 10px !important;border-left-width: 10px !important;padding-top: 20px !important;padding-bottom: 20px !important;background-image: url(https:\/\/labusadelloro.com\/wp-content\/uploads\/2017\/11\/mtb-colli-euganei-header-00.jpg?id=4053)","twitter_misc":{"Dur\u00e9e de lecture estim\u00e9e":"6 minutes"},"schema":{"@context":"https:\/\/schema.org","@graph":[{"@type":"WebPage","@id":"https:\/\/labusadelloro.com\/fr\/attivita-2\/la-bicyclette\/","url":"https:\/\/labusadelloro.com\/fr\/attivita-2\/la-bicyclette\/","name":"La bicyclette - Fattoria Busa dell&#039;Oro","isPartOf":{"@id":"https:\/\/labusadelloro.com\/it\/#website"},"datePublished":"2025-10-31T15:32:34+00:00","dateModified":"2025-11-03T21:28:33+00:00","breadcrumb":{"@id":"https:\/\/labusadelloro.com\/fr\/attivita-2\/la-bicyclette\/#breadcrumb"},"inLanguage":"fr-FR","potentialAction":[{"@type":"ReadAction","target":["https:\/\/labusadelloro.com\/fr\/attivita-2\/la-bicyclette\/"]}]},{"@type":"BreadcrumbList","@id":"https:\/\/labusadelloro.com\/fr\/attivita-2\/la-bicyclette\/#breadcrumb","itemListElement":[{"@type":"ListItem","position":1,"name":"Home","item":"https:\/\/labusadelloro.com\/fr\/"},{"@type":"ListItem","position":2,"name":"Attivit\u00e0","item":"https:\/\/labusadelloro.com\/fr\/attivita-2\/"},{"@type":"ListItem","position":3,"name":"La bicyclette"}]},{"@type":"WebSite","@id":"https:\/\/labusadelloro.com\/it\/#website","url":"https:\/\/labusadelloro.com\/it\/","name":"Fattoria Busa dell&#039;Oro","description":"Bed and Breakfast Colli Euganei","potentialAction":[{"@type":"SearchAction","target":{"@type":"EntryPoint","urlTemplate":"https:\/\/labusadelloro.com\/it\/?s={search_term_string}"},"query-input":{"@type":"PropertyValueSpecification","valueRequired":true,"valueName":"search_term_string"}}],"inLanguage":"fr-FR"}]}},"_links":{"self":[{"href":"https:\/\/labusadelloro.com\/fr\/wp-json\/wp\/v2\/pages\/10945","targetHints":{"allow":["GET"]}}],"collection":[{"href":"https:\/\/labusadelloro.com\/fr\/wp-json\/wp\/v2\/pages"}],"about":[{"href":"https:\/\/labusadelloro.com\/fr\/wp-json\/wp\/v2\/types\/page"}],"author":[{"embeddable":true,"href":"https:\/\/labusadelloro.com\/fr\/wp-json\/wp\/v2\/users\/7"}],"replies":[{"embeddable":true,"href":"https:\/\/labusadelloro.com\/fr\/wp-json\/wp\/v2\/comments?post=10945"}],"version-history":[{"count":6,"href":"https:\/\/labusadelloro.com\/fr\/wp-json\/wp\/v2\/pages\/10945\/revisions"}],"predecessor-version":[{"id":11166,"href":"https:\/\/labusadelloro.com\/fr\/wp-json\/wp\/v2\/pages\/10945\/revisions\/11166"}],"up":[{"embeddable":true,"href":"https:\/\/labusadelloro.com\/fr\/wp-json\/wp\/v2\/pages\/10923"}],"wp:attachment":[{"href":"https:\/\/labusadelloro.com\/fr\/wp-json\/wp\/v2\/media?parent=10945"}],"curies":[{"name":"wp","href":"https:\/\/api.w.org\/{rel}","templated":true}]}}