{"id":11031,"date":"2025-10-31T17:32:28","date_gmt":"2025-10-31T16:32:28","guid":{"rendered":"https:\/\/labusadelloro.com\/experiences\/"},"modified":"2025-11-03T22:16:02","modified_gmt":"2025-11-03T21:16:02","slug":"experiences","status":"publish","type":"page","link":"https:\/\/labusadelloro.com\/fr\/experiences\/","title":{"rendered":"Exp\u00e9riences"},"content":{"rendered":"<div class=\"wpb-content-wrapper\"><p>[vc_row full_width=\u00a0\u00bbstretch_row\u00a0\u00bb full_height=\u00a0\u00bbyes\u00a0\u00bb equal_height=\u00a0\u00bbyes\u00a0\u00bb woodmart_bg_position=\u00a0\u00bbcenter-center\u00a0\u00bb css=\u00a0\u00bb.vc_custom_1697816042313{margin-top: -40px !important;margin-right: 0px !important;margin-left: 0px !important;border-right-width: 10px !important;border-left-width: 10px !important;padding-top: 20px !important;padding-bottom: 20px !important;background-image: url(https:\/\/labusadelloro.com\/wp-content\/uploads\/2023\/09\/pexels-pixabay-413960-scaled.jpg?id=9228) !important;background-position: center !important;background-repeat: no-repeat !important;background-size: cover !important;border-left-color: #ffffff !important;border-left-style: solid !important;border-right-color: #ffffff !important;border-right-style: solid !important;}\u00a0\u00bb woodmart_css_id=\u00a0\u00bb65329de28febf\u00a0\u00bb responsive_spacing=\u00a0\u00bbeyJwYXJhbV90eXBlIjoid29vZG1hcnRfcmVzcG9uc2l2ZV9zcGFjaW5nIiwic2VsZWN0b3JfaWQiOiI2NTMyOWRlMjhmZWJmIiwic2hvcnRjb2RlIjoidmNfcm93IiwiZGF0YSI6eyJ0YWJsZXQiOnt9LCJtb2JpbGUiOnt9fX0=\u00a0\u00bb mobile_bg_img_hidden=\u00a0\u00bbno\u00a0\u00bb tablet_bg_img_hidden=\u00a0\u00bbno\u00a0\u00bb woodmart_parallax=\u00a0\u00bb0&Prime; woodmart_gradient_switch=\u00a0\u00bbyes\u00a0\u00bb woodmart_box_shadow=\u00a0\u00bbno\u00a0\u00bb wd_z_index=\u00a0\u00bbno\u00a0\u00bb woodmart_disable_overflow=\u00a0\u00bb0&Prime; row_reverse_mobile=\u00a0\u00bb0&Prime; row_reverse_tablet=\u00a0\u00bb0&Prime; woodmart_color_gradient=\u00a0\u00bbrgba(0, 0, 0, 0.3)-0\/rgba(0, 0, 0, 0.3)-100\/|linear-gradient(top , rgba(0, 0, 0, 0.3) , rgba(0, 0, 0, 0.3) 100%)|linear|top\u00a0\u00bb][vc_column css=\u00a0\u00bb.vc_custom_1692284849437{margin-right: 0px !important;margin-left: 0px !important;}\u00a0\u00bb woodmart_css_id=\u00a0\u00bb64de3793d648a\u00a0\u00bb parallax_scroll=\u00a0\u00bbno\u00a0\u00bb woodmart_sticky_column=\u00a0\u00bbfalse\u00a0\u00bb wd_collapsible_content_switcher=\u00a0\u00bbno\u00a0\u00bb wd_column_role_offcanvas_desktop=\u00a0\u00bbno\u00a0\u00bb wd_column_role_offcanvas_tablet=\u00a0\u00bbno\u00a0\u00bb wd_column_role_offcanvas_mobile=\u00a0\u00bbno\u00a0\u00bb wd_column_role_content_desktop=\u00a0\u00bbno\u00a0\u00bb wd_column_role_content_tablet=\u00a0\u00bbno\u00a0\u00bb wd_column_role_content_mobile=\u00a0\u00bbno\u00a0\u00bb mobile_bg_img_hidden=\u00a0\u00bbno\u00a0\u00bb tablet_bg_img_hidden=\u00a0\u00bbno\u00a0\u00bb woodmart_parallax=\u00a0\u00bb0&Prime; woodmart_box_shadow=\u00a0\u00bbno\u00a0\u00bb responsive_spacing=\u00a0\u00bbeyJwYXJhbV90eXBlIjoid29vZG1hcnRfcmVzcG9uc2l2ZV9zcGFjaW5nIiwic2VsZWN0b3JfaWQiOiI2NGRlMzc5M2Q2NDhhIiwic2hvcnRjb2RlIjoidmNfY29sdW1uIiwiZGF0YSI6eyJ0YWJsZXQiOnt9LCJtb2JpbGUiOnt9fX0=\u00a0\u00bb mobile_reset_margin=\u00a0\u00bbno\u00a0\u00bb tablet_reset_margin=\u00a0\u00bbno\u00a0\u00bb wd_z_index=\u00a0\u00bbno\u00a0\u00bb]\n\t\t<div id=\"wd-64fc8729e2c50\" class=\"title-wrapper wd-wpb wd-set-mb reset-last-child  wd-rs-64fc8729e2c50 wd-title-color-white wd-title-style-default text-center vc_custom_1694271522074 wd-width-enabled wd-underline-colored\" style=\"--wd-max-width: 80%;\">\n\t\t\t\t\t\t\t\n\t\t\t\t<div class=\"title-subtitle  subtitle-color-white font-default subtitle-style-default wd-font-weight-500 wd-fontsize-xs\">COMMENT ENRICHIR VOS VACANCES<\/div>\n\t\t\t\n\t\t\t<div class=\"liner-continer\">\n\t\t\t\t<h1 class=\"woodmart-title-container title  wd-font-weight- wd-fontsize-l\" >EXP\u00c9RIENCES<\/h1>\n\t\t\t\t\t\t\t<\/div>\n\t\t\t\n\t\t\t\t\t\t\t<div class=\"title-after_title reset-last-child  wd-fontsize-xs\">Rendez vos vacances uniques et inoubliables gr\u00e2ce \u00e0 une s\u00e9rie d'exp\u00e9riences extraordinaires qui enrichiront chaque moment de votre s\u00e9jour.<\/div>\n\t\t\t\n\t\t\t\n\t\t<\/div>\n\t\t\n\t\t[\/vc_column][\/vc_row][vc_row full_width=\u00a0\u00bbstretch_row_content\u00a0\u00bb equal_height=\u00a0\u00bbyes\u00a0\u00bb woodmart_css_id=\u00a0\u00bb6518396e2d79f\u00a0\u00bb responsive_spacing=\u00a0\u00bbeyJwYXJhbV90eXBlIjoid29vZG1hcnRfcmVzcG9uc2l2ZV9zcGFjaW5nIiwic2VsZWN0b3JfaWQiOiI2NTE4Mzk2ZTJkNzlmIiwic2hvcnRjb2RlIjoidmNfcm93IiwiZGF0YSI6eyJ0YWJsZXQiOnt9LCJtb2JpbGUiOnt9fX0=\u00a0\u00bb mobile_bg_img_hidden=\u00a0\u00bbno\u00a0\u00bb tablet_bg_img_hidden=\u00a0\u00bbno\u00a0\u00bb woodmart_parallax=\u00a0\u00bb0&Prime; woodmart_gradient_switch=\u00a0\u00bbno\u00a0\u00bb woodmart_box_shadow=\u00a0\u00bbno\u00a0\u00bb wd_z_index=\u00a0\u00bbno\u00a0\u00bb woodmart_disable_overflow=\u00a0\u00bb0&Prime; row_reverse_mobile=\u00a0\u00bb0&Prime; row_reverse_tablet=\u00a0\u00bb0&Prime;][vc_column width=\u00a0\u00bb1\/2&Prime; css=\u00a0\u00bb.vc_custom_1696086825940{margin-right: 0px !important;margin-left: 0px !important;border-top-width: 10px !important;border-right-width: 5px !important;border-left-width: 10px !important;padding-top: 0px !important;padding-right: 0px !important;padding-bottom: 0px !important;padding-left: 0px !important;border-left-color: #ffffff !important;border-left-style: solid !important;border-right-color: #ffffff !important;border-right-style: solid !important;border-top-color: #ffffff !important;border-top-style: solid !important;}\u00a0\u00bb woodmart_css_id=\u00a0\u00bb65183b23d26d5&Prime; parallax_scroll=\u00a0\u00bbno\u00a0\u00bb woodmart_sticky_column=\u00a0\u00bbfalse\u00a0\u00bb wd_collapsible_content_switcher=\u00a0\u00bbno\u00a0\u00bb wd_column_role_offcanvas_desktop=\u00a0\u00bbno\u00a0\u00bb wd_column_role_offcanvas_tablet=\u00a0\u00bbno\u00a0\u00bb wd_column_role_offcanvas_mobile=\u00a0\u00bbno\u00a0\u00bb wd_column_role_content_desktop=\u00a0\u00bbno\u00a0\u00bb wd_column_role_content_tablet=\u00a0\u00bbno\u00a0\u00bb wd_column_role_content_mobile=\u00a0\u00bbno\u00a0\u00bb mobile_bg_img_hidden=\u00a0\u00bbno\u00a0\u00bb tablet_bg_img_hidden=\u00a0\u00bbno\u00a0\u00bb woodmart_parallax=\u00a0\u00bb0&Prime; woodmart_box_shadow=\u00a0\u00bbno\u00a0\u00bb responsive_spacing=\u00a0\u00bbeyJwYXJhbV90eXBlIjoid29vZG1hcnRfcmVzcG9uc2l2ZV9zcGFjaW5nIiwic2VsZWN0b3JfaWQiOiI2NTE4M2IyM2QyNmQ1Iiwic2hvcnRjb2RlIjoidmNfY29sdW1uIiwiZGF0YSI6eyJ0YWJsZXQiOnt9LCJtb2JpbGUiOnt9fX0=\u00a0\u00bb mobile_reset_margin=\u00a0\u00bbno\u00a0\u00bb tablet_reset_margin=\u00a0\u00bbno\u00a0\u00bb wd_z_index=\u00a0\u00bbno\u00a0\u00bb]\t\t<div class=\"promo-banner-wrapper  wd-rs-69091ae24393d vc_custom_1762204431119\">\n\t\t\t<div id=\"wd-69091ae24393d\" class=\"promo-banner  banner-mask banner-hover-zoom color-scheme-light banner-btn-size-large banner-btn-style-default  wd-with-link wd-underline-colored\">\n\t\t\t\t<div class=\"main-wrapp-img\">\n\t\t\t\t\t<div class=\"banner-image wd-bg-position-left\" >\n\t\t\t\t\t\t<img loading=\"lazy\" decoding=\"async\" width=\"800\" height=\"600\" src=\"https:\/\/labusadelloro.com\/wp-content\/uploads\/2017\/11\/mtb-colli-euganei-header-00-800x600.jpg\" class=\"attachment-800x600 size-800x600\" alt=\"\" \/>\t\t\t\t\t<\/div>\n\t\t\t\t<\/div>\n\n\t\t\t\t<div class=\"wrapper-content-banner wd-fill  wd-items-middle wd-justify-center\">\n\t\t\t\t\t<div class=\"content-banner  text-center\">\n\t\t\t\t\t\t<h2 class=\"banner-title wd-font-weight- wd-fontsize-xxl\">ACTIVIT\u00c9S<\/h2>\t\t\t\t\t\t\n\t\t\t\t\t\t\n\t\t\t\t\t\t\t\t\t\t\t<\/div>\n\t\t\t\t<\/div>\n\n\t\t\t\t\t\t\t\t\t<a class=\"wd-promo-banner-link wd-fill\" aria-label=\"Banner link\" href=\"https:\/\/labusadelloro.com\/fr\/attivita-2\" title=\"\"><\/a>\n\t\t\t\t\n\t\t\t\t\t\t\t<\/div>\n\t\t<\/div>\n\n\t\t\t\t<div class=\"promo-banner-wrapper  wd-rs-69091b2b14c10 vc_custom_1762204515411\">\n\t\t\t<div id=\"wd-69091b2b14c10\" class=\"promo-banner  banner-mask banner-hover-zoom color-scheme-light banner-btn-size-large banner-btn-style-default  wd-with-link wd-underline-colored\">\n\t\t\t\t<div class=\"main-wrapp-img\">\n\t\t\t\t\t<div class=\"banner-image wd-bg-position-center\" >\n\t\t\t\t\t\t<img loading=\"lazy\" decoding=\"async\" width=\"800\" height=\"600\" src=\"https:\/\/labusadelloro.com\/wp-content\/uploads\/2023\/09\/pexels-nati-12991635-scaled-800x600.jpg\" class=\"attachment-800x600 size-800x600\" alt=\"\" \/>\t\t\t\t\t<\/div>\n\t\t\t\t<\/div>\n\n\t\t\t\t<div class=\"wrapper-content-banner wd-fill  wd-items-middle wd-justify-center\">\n\t\t\t\t\t<div class=\"content-banner  text-center\">\n\t\t\t\t\t\t<h2 class=\"banner-title wd-font-weight- wd-fontsize-xxl\">ITIN\u00c9RAIRES GASTRONOMIQUES ET VINICOLES<\/h2>\t\t\t\t\t\t\n\t\t\t\t\t\t\n\t\t\t\t\t\t\t\t\t\t\t<\/div>\n\t\t\t\t<\/div>\n\n\t\t\t\t\t\t\t\t\t<a class=\"wd-promo-banner-link wd-fill\" aria-label=\"Banner link\" href=\"https:\/\/labusadelloro.com\/fr\/nourriture-et-vin\" title=\"\"><\/a>\n\t\t\t\t\n\t\t\t\t\t\t\t<\/div>\n\t\t<\/div>\n\n\t\t[\/vc_column][vc_column width=\u00a0\u00bb1\/2&Prime; css=\u00a0\u00bb.vc_custom_1696086817366{margin-right: 0px !important;margin-left: 0px !important;border-top-width: 10px !important;border-right-width: 10px !important;border-left-width: 5px !important;padding-top: 0px !important;padding-right: 0px !important;padding-bottom: 0px !important;padding-left: 0px !important;border-left-color: #ffffff !important;border-left-style: solid !important;border-right-color: #ffffff !important;border-right-style: solid !important;border-top-color: #ffffff !important;border-top-style: solid !important;}\u00a0\u00bb woodmart_css_id=\u00a0\u00bb65183b18b0fd2&Prime; parallax_scroll=\u00a0\u00bbno\u00a0\u00bb woodmart_sticky_column=\u00a0\u00bbfalse\u00a0\u00bb wd_collapsible_content_switcher=\u00a0\u00bbno\u00a0\u00bb wd_column_role_offcanvas_desktop=\u00a0\u00bbno\u00a0\u00bb wd_column_role_offcanvas_tablet=\u00a0\u00bbno\u00a0\u00bb wd_column_role_offcanvas_mobile=\u00a0\u00bbno\u00a0\u00bb wd_column_role_content_desktop=\u00a0\u00bbno\u00a0\u00bb wd_column_role_content_tablet=\u00a0\u00bbno\u00a0\u00bb wd_column_role_content_mobile=\u00a0\u00bbno\u00a0\u00bb mobile_bg_img_hidden=\u00a0\u00bbno\u00a0\u00bb tablet_bg_img_hidden=\u00a0\u00bbno\u00a0\u00bb woodmart_parallax=\u00a0\u00bb0&Prime; woodmart_box_shadow=\u00a0\u00bbno\u00a0\u00bb responsive_spacing=\u00a0\u00bbeyJwYXJhbV90eXBlIjoid29vZG1hcnRfcmVzcG9uc2l2ZV9zcGFjaW5nIiwic2VsZWN0b3JfaWQiOiI2NTE4M2IxOGIwZmQyIiwic2hvcnRjb2RlIjoidmNfY29sdW1uIiwiZGF0YSI6eyJ0YWJsZXQiOnt9LCJtb2JpbGUiOnt9fX0=\u00a0\u00bb mobile_reset_margin=\u00a0\u00bbno\u00a0\u00bb tablet_reset_margin=\u00a0\u00bbno\u00a0\u00bb wd_z_index=\u00a0\u00bbno\u00a0\u00bb]\t\t<div class=\"promo-banner-wrapper  wd-rs-69091b117ed41 vc_custom_1762204456821\">\n\t\t\t<div id=\"wd-69091b117ed41\" class=\"promo-banner  banner-mask banner-hover-zoom color-scheme-light banner-btn-size-large banner-btn-style-default  wd-with-link wd-underline-colored\">\n\t\t\t\t<div class=\"main-wrapp-img\">\n\t\t\t\t\t<div class=\"banner-image wd-bg-position-left\" >\n\t\t\t\t\t\t<img loading=\"lazy\" decoding=\"async\" width=\"800\" height=\"600\" src=\"https:\/\/labusadelloro.com\/wp-content\/uploads\/2017\/11\/pratovalle-1-800x600.jpg\" class=\"attachment-800x600 size-800x600\" alt=\"Prato della Valle by night\" \/>\t\t\t\t\t<\/div>\n\t\t\t\t<\/div>\n\n\t\t\t\t<div class=\"wrapper-content-banner wd-fill  wd-items-middle wd-justify-center\">\n\t\t\t\t\t<div class=\"content-banner  text-center\">\n\t\t\t\t\t\t<h2 class=\"banner-title wd-font-weight- wd-fontsize-xxl\">TERRITOIRE<\/h2>\t\t\t\t\t\t\n\t\t\t\t\t\t\n\t\t\t\t\t\t\t\t\t\t\t<\/div>\n\t\t\t\t<\/div>\n\n\t\t\t\t\t\t\t\t\t<a class=\"wd-promo-banner-link wd-fill\" aria-label=\"Banner link\" href=\"https:\/\/labusadelloro.com\/fr\/territoire\" title=\"\"><\/a>\n\t\t\t\t\n\t\t\t\t\t\t\t<\/div>\n\t\t<\/div>\n\n\t\t\t\t<div class=\"promo-banner-wrapper  wd-rs-69091b669817a vc_custom_1762204551495\">\n\t\t\t<div id=\"wd-69091b669817a\" class=\"promo-banner  banner-mask banner-hover-zoom color-scheme-light banner-btn-size-large banner-btn-style-default  wd-with-link wd-underline-colored\">\n\t\t\t\t<div class=\"main-wrapp-img\">\n\t\t\t\t\t<div class=\"banner-image wd-bg-position-center\" >\n\t\t\t\t\t\t<img loading=\"lazy\" decoding=\"async\" width=\"800\" height=\"600\" src=\"https:\/\/labusadelloro.com\/wp-content\/uploads\/2018\/05\/coccoleperdue-800x600.jpg\" class=\"attachment-800x600 size-800x600\" alt=\"\" \/>\t\t\t\t\t<\/div>\n\t\t\t\t<\/div>\n\n\t\t\t\t<div class=\"wrapper-content-banner wd-fill  wd-items-middle wd-justify-center\">\n\t\t\t\t\t<div class=\"content-banner  text-center\">\n\t\t\t\t\t\t<h2 class=\"banner-title wd-font-weight- wd-fontsize-xxl\">SPA ET BIEN-\u00caTRE<\/h2>\t\t\t\t\t\t\n\t\t\t\t\t\t\n\t\t\t\t\t\t\t\t\t\t\t<\/div>\n\t\t\t\t<\/div>\n\n\t\t\t\t\t\t\t\t\t<a class=\"wd-promo-banner-link wd-fill\" aria-label=\"Banner link\" href=\"https:\/\/labusadelloro.com\/fr\/spa-et-bien-etre\" title=\"\"><\/a>\n\t\t\t\t\n\t\t\t\t\t\t\t<\/div>\n\t\t<\/div>\n\n\t\t[\/vc_column][\/vc_row]<\/p>\n<\/div>","protected":false},"excerpt":{"rendered":"<p>[vc_row full_width=\u00a0\u00bbstretch_row\u00a0\u00bb full_height=\u00a0\u00bbyes\u00a0\u00bb equal_height=\u00a0\u00bbyes\u00a0\u00bb woodmart_bg_position=\u00a0\u00bbcenter-center\u00a0\u00bb css=\u00a0\u00bb.vc_custom_1697816042313{margin-top: -40px !important;margin-right: 0px !important;margin-left: 0px !important;border-right-width: 10px !important;border-left-width: 10px !important;padding-top: 20px !important;padding-bottom: 20px !important;background-image:<\/p>\n","protected":false},"author":7,"featured_media":9230,"parent":0,"menu_order":0,"comment_status":"closed","ping_status":"closed","template":"","meta":{"_monsterinsights_skip_tracking":false,"_monsterinsights_sitenote_active":false,"_monsterinsights_sitenote_note":"","_monsterinsights_sitenote_category":0,"footnotes":""},"class_list":["post-11031","page","type-page","status-publish","has-post-thumbnail","hentry"],"yoast_head":"<!-- This site is optimized with the Yoast SEO plugin v27.5 - https:\/\/yoast.com\/product\/yoast-seo-wordpress\/ -->\n<title>B&amp;B Busa dell&#039;Oro - Sport, activit\u00e9s, gastronomie et vins - Collines Eugan\u00e9ennes<\/title>\n<meta name=\"description\" content=\"Les collines Eugan\u00e9ennes sont une destination id\u00e9ale pour les amateurs de trekking, de marche nordique et d&#039;escalade, mais aussi pour ceux qui aiment faire du v\u00e9lo ou jouer au golf sur les quatre terrains de la r\u00e9gion. Enfin, pour satisfaire les plaisirs du palais, des visites \u0153nologiques et gastronomiques dans les caves \u00e0 vin et les trattorias de la r\u00e9gion sont organis\u00e9es.\" \/>\n<meta name=\"robots\" content=\"index, follow, max-snippet:-1, max-image-preview:large, max-video-preview:-1\" \/>\n<link rel=\"canonical\" href=\"https:\/\/labusadelloro.com\/fr\/experiences\/\" \/>\n<meta name=\"twitter:card\" content=\"summary_large_image\" \/>\n<meta name=\"twitter:title\" content=\"B&amp;B Busa dell&#039;Oro - Sport, activit\u00e9s, gastronomie et vins - Collines Eugan\u00e9ennes\" \/>\n<meta name=\"twitter:description\" content=\"Les collines Eugan\u00e9ennes sont une destination id\u00e9ale pour les amateurs de trekking, de marche nordique et d&#039;escalade, mais aussi pour ceux qui aiment faire du v\u00e9lo ou jouer au golf sur les quatre terrains de la r\u00e9gion. Enfin, pour satisfaire les plaisirs du palais, des visites \u0153nologiques et gastronomiques dans les caves \u00e0 vin et les trattorias de la r\u00e9gion sont organis\u00e9es.\" \/>\n<meta name=\"twitter:image\" content=\"https:\/\/labusadelloro.com\/wp-content\/uploads\/2023\/09\/pexels-pixabay-413960-scaled.jpg\" \/>\n<meta name=\"twitter:label1\" content=\"Dur\u00e9e de lecture estim\u00e9e\" \/>\n\t<meta name=\"twitter:data1\" content=\"3 minutes\" \/>\n<script type=\"application\/ld+json\" class=\"yoast-schema-graph\">{\"@context\":\"https:\\\/\\\/schema.org\",\"@graph\":[{\"@type\":\"WebPage\",\"@id\":\"https:\\\/\\\/labusadelloro.com\\\/fr\\\/experiences\\\/\",\"url\":\"https:\\\/\\\/labusadelloro.com\\\/fr\\\/experiences\\\/\",\"name\":\"B&B Busa dell'Oro - Sport, activit\u00e9s, gastronomie et vins - Collines Eugan\u00e9ennes\",\"isPartOf\":{\"@id\":\"https:\\\/\\\/labusadelloro.com\\\/it\\\/#website\"},\"primaryImageOfPage\":{\"@id\":\"https:\\\/\\\/labusadelloro.com\\\/fr\\\/experiences\\\/#primaryimage\"},\"image\":{\"@id\":\"https:\\\/\\\/labusadelloro.com\\\/fr\\\/experiences\\\/#primaryimage\"},\"thumbnailUrl\":\"https:\\\/\\\/labusadelloro.com\\\/wp-content\\\/uploads\\\/2023\\\/09\\\/pexels-pixabay-413960-scaled.jpg\",\"datePublished\":\"2025-10-31T16:32:28+00:00\",\"dateModified\":\"2025-11-03T21:16:02+00:00\",\"description\":\"Les collines Eugan\u00e9ennes sont une destination id\u00e9ale pour les amateurs de trekking, de marche nordique et d'escalade, mais aussi pour ceux qui aiment faire du v\u00e9lo ou jouer au golf sur les quatre terrains de la r\u00e9gion. Enfin, pour satisfaire les plaisirs du palais, des visites \u0153nologiques et gastronomiques dans les caves \u00e0 vin et les trattorias de la r\u00e9gion sont organis\u00e9es.\",\"breadcrumb\":{\"@id\":\"https:\\\/\\\/labusadelloro.com\\\/fr\\\/experiences\\\/#breadcrumb\"},\"inLanguage\":\"fr-FR\",\"potentialAction\":[{\"@type\":\"ReadAction\",\"target\":[\"https:\\\/\\\/labusadelloro.com\\\/fr\\\/experiences\\\/\"]}]},{\"@type\":\"ImageObject\",\"inLanguage\":\"fr-FR\",\"@id\":\"https:\\\/\\\/labusadelloro.com\\\/fr\\\/experiences\\\/#primaryimage\",\"url\":\"https:\\\/\\\/labusadelloro.com\\\/wp-content\\\/uploads\\\/2023\\\/09\\\/pexels-pixabay-413960-scaled.jpg\",\"contentUrl\":\"https:\\\/\\\/labusadelloro.com\\\/wp-content\\\/uploads\\\/2023\\\/09\\\/pexels-pixabay-413960-scaled.jpg\",\"width\":2560,\"height\":1708},{\"@type\":\"BreadcrumbList\",\"@id\":\"https:\\\/\\\/labusadelloro.com\\\/fr\\\/experiences\\\/#breadcrumb\",\"itemListElement\":[{\"@type\":\"ListItem\",\"position\":1,\"name\":\"Home\",\"item\":\"https:\\\/\\\/labusadelloro.com\\\/fr\\\/\"},{\"@type\":\"ListItem\",\"position\":2,\"name\":\"Exp\u00e9riences\"}]},{\"@type\":\"WebSite\",\"@id\":\"https:\\\/\\\/labusadelloro.com\\\/it\\\/#website\",\"url\":\"https:\\\/\\\/labusadelloro.com\\\/it\\\/\",\"name\":\"Fattoria Busa dell&#039;Oro\",\"description\":\"Bed and Breakfast Colli Euganei\",\"potentialAction\":[{\"@type\":\"SearchAction\",\"target\":{\"@type\":\"EntryPoint\",\"urlTemplate\":\"https:\\\/\\\/labusadelloro.com\\\/it\\\/?s={search_term_string}\"},\"query-input\":{\"@type\":\"PropertyValueSpecification\",\"valueRequired\":true,\"valueName\":\"search_term_string\"}}],\"inLanguage\":\"fr-FR\"}]}<\/script>\n<!-- \/ Yoast SEO plugin. -->","yoast_head_json":{"title":"B&B Busa dell'Oro - Sport, activit\u00e9s, gastronomie et vins - Collines Eugan\u00e9ennes","description":"Les collines Eugan\u00e9ennes sont une destination id\u00e9ale pour les amateurs de trekking, de marche nordique et d'escalade, mais aussi pour ceux qui aiment faire du v\u00e9lo ou jouer au golf sur les quatre terrains de la r\u00e9gion. Enfin, pour satisfaire les plaisirs du palais, des visites \u0153nologiques et gastronomiques dans les caves \u00e0 vin et les trattorias de la r\u00e9gion sont organis\u00e9es.","robots":{"index":"index","follow":"follow","max-snippet":"max-snippet:-1","max-image-preview":"max-image-preview:large","max-video-preview":"max-video-preview:-1"},"canonical":"https:\/\/labusadelloro.com\/fr\/experiences\/","twitter_card":"summary_large_image","twitter_title":"B&B Busa dell'Oro - Sport, activit\u00e9s, gastronomie et vins - Collines Eugan\u00e9ennes","twitter_description":"Les collines Eugan\u00e9ennes sont une destination id\u00e9ale pour les amateurs de trekking, de marche nordique et d'escalade, mais aussi pour ceux qui aiment faire du v\u00e9lo ou jouer au golf sur les quatre terrains de la r\u00e9gion. Enfin, pour satisfaire les plaisirs du palais, des visites \u0153nologiques et gastronomiques dans les caves \u00e0 vin et les trattorias de la r\u00e9gion sont organis\u00e9es.","twitter_image":"https:\/\/labusadelloro.com\/wp-content\/uploads\/2023\/09\/pexels-pixabay-413960-scaled.jpg","twitter_misc":{"Dur\u00e9e de lecture estim\u00e9e":"3 minutes"},"schema":{"@context":"https:\/\/schema.org","@graph":[{"@type":"WebPage","@id":"https:\/\/labusadelloro.com\/fr\/experiences\/","url":"https:\/\/labusadelloro.com\/fr\/experiences\/","name":"B&B Busa dell'Oro - Sport, activit\u00e9s, gastronomie et vins - Collines Eugan\u00e9ennes","isPartOf":{"@id":"https:\/\/labusadelloro.com\/it\/#website"},"primaryImageOfPage":{"@id":"https:\/\/labusadelloro.com\/fr\/experiences\/#primaryimage"},"image":{"@id":"https:\/\/labusadelloro.com\/fr\/experiences\/#primaryimage"},"thumbnailUrl":"https:\/\/labusadelloro.com\/wp-content\/uploads\/2023\/09\/pexels-pixabay-413960-scaled.jpg","datePublished":"2025-10-31T16:32:28+00:00","dateModified":"2025-11-03T21:16:02+00:00","description":"Les collines Eugan\u00e9ennes sont une destination id\u00e9ale pour les amateurs de trekking, de marche nordique et d'escalade, mais aussi pour ceux qui aiment faire du v\u00e9lo ou jouer au golf sur les quatre terrains de la r\u00e9gion. Enfin, pour satisfaire les plaisirs du palais, des visites \u0153nologiques et gastronomiques dans les caves \u00e0 vin et les trattorias de la r\u00e9gion sont organis\u00e9es.","breadcrumb":{"@id":"https:\/\/labusadelloro.com\/fr\/experiences\/#breadcrumb"},"inLanguage":"fr-FR","potentialAction":[{"@type":"ReadAction","target":["https:\/\/labusadelloro.com\/fr\/experiences\/"]}]},{"@type":"ImageObject","inLanguage":"fr-FR","@id":"https:\/\/labusadelloro.com\/fr\/experiences\/#primaryimage","url":"https:\/\/labusadelloro.com\/wp-content\/uploads\/2023\/09\/pexels-pixabay-413960-scaled.jpg","contentUrl":"https:\/\/labusadelloro.com\/wp-content\/uploads\/2023\/09\/pexels-pixabay-413960-scaled.jpg","width":2560,"height":1708},{"@type":"BreadcrumbList","@id":"https:\/\/labusadelloro.com\/fr\/experiences\/#breadcrumb","itemListElement":[{"@type":"ListItem","position":1,"name":"Home","item":"https:\/\/labusadelloro.com\/fr\/"},{"@type":"ListItem","position":2,"name":"Exp\u00e9riences"}]},{"@type":"WebSite","@id":"https:\/\/labusadelloro.com\/it\/#website","url":"https:\/\/labusadelloro.com\/it\/","name":"Fattoria Busa dell&#039;Oro","description":"Bed and Breakfast Colli Euganei","potentialAction":[{"@type":"SearchAction","target":{"@type":"EntryPoint","urlTemplate":"https:\/\/labusadelloro.com\/it\/?s={search_term_string}"},"query-input":{"@type":"PropertyValueSpecification","valueRequired":true,"valueName":"search_term_string"}}],"inLanguage":"fr-FR"}]}},"_links":{"self":[{"href":"https:\/\/labusadelloro.com\/fr\/wp-json\/wp\/v2\/pages\/11031","targetHints":{"allow":["GET"]}}],"collection":[{"href":"https:\/\/labusadelloro.com\/fr\/wp-json\/wp\/v2\/pages"}],"about":[{"href":"https:\/\/labusadelloro.com\/fr\/wp-json\/wp\/v2\/types\/page"}],"author":[{"embeddable":true,"href":"https:\/\/labusadelloro.com\/fr\/wp-json\/wp\/v2\/users\/7"}],"replies":[{"embeddable":true,"href":"https:\/\/labusadelloro.com\/fr\/wp-json\/wp\/v2\/comments?post=11031"}],"version-history":[{"count":5,"href":"https:\/\/labusadelloro.com\/fr\/wp-json\/wp\/v2\/pages\/11031\/revisions"}],"predecessor-version":[{"id":11156,"href":"https:\/\/labusadelloro.com\/fr\/wp-json\/wp\/v2\/pages\/11031\/revisions\/11156"}],"wp:featuredmedia":[{"embeddable":true,"href":"https:\/\/labusadelloro.com\/fr\/wp-json\/wp\/v2\/media\/9230"}],"wp:attachment":[{"href":"https:\/\/labusadelloro.com\/fr\/wp-json\/wp\/v2\/media?parent=11031"}],"curies":[{"name":"wp","href":"https:\/\/api.w.org\/{rel}","templated":true}]}}